{"id":20101,"date":"2019-09-13T17:20:53","date_gmt":"2019-09-13T15:20:53","guid":{"rendered":"https:\/\/www.alleantia.com\/chi-siamo\/team\/"},"modified":"2026-03-11T11:50:53","modified_gmt":"2026-03-11T10:50:53","slug":"team","status":"publish","type":"page","link":"https:\/\/www.alleantia.com\/it\/chi-siamo\/team\/","title":{"rendered":"Team"},"content":{"rendered":"<div class=\"wpb-content-wrapper\"><p>[vc_row css_animation=&#8221;&#8221; row_type=&#8221;row&#8221; use_row_as_full_screen_section=&#8221;no&#8221; type=&#8221;grid&#8221; angled_section=&#8221;no&#8221; text_align=&#8221;left&#8221; background_image_as_pattern=&#8221;without_pattern&#8221; z_index=&#8221;&#8221; el_class=&#8221;header2&#8243;][vc_column][vc_empty_space][vc_empty_space][vc_empty_space][vc_row_inner row_type=&#8221;row&#8221; type=&#8221;full_width&#8221; text_align=&#8221;left&#8221; css_animation=&#8221;&#8221;][vc_column_inner][qode_elements_holder number_of_columns=&#8221;two_columns&#8221;][qode_elements_holder_item advanced_animations=&#8221;no&#8221; item_padding=&#8221;32px&#8221;][vc_column_text css=&#8221;&#8221;]<\/p>\n<h1 style=\"color: #fff; font-size: 3rem;\">Team<\/h1>\n<p>[\/vc_column_text][vc_empty_space][vc_column_text css=&#8221;&#8221;]<\/p>\n<div style=\"float: left; display: block; width: 200px; height: 100px; background-color: none;\">\n<p style=\"text-align: left;\"><a class=\"myButton2\" href=\"https:\/\/www.alleantia.com\/it\/chi-siamo\/contatti\/\" target=\"_blank\" rel=\"noopener\"><strong>Contattaci<\/strong><\/a><\/p>\n<\/div>\n<p>[\/vc_column_text][\/qode_elements_holder_item][qode_elements_holder_item advanced_animations=&#8221;no&#8221; item_padding=&#8221;32px&#8221;][\/qode_elements_holder_item][\/qode_elements_holder][\/vc_column_inner][\/vc_row_inner][vc_empty_space][\/vc_column][\/vc_row][vc_row css_animation=&#8221;&#8221; row_type=&#8221;row&#8221; use_row_as_full_screen_section=&#8221;no&#8221; type=&#8221;grid&#8221; angled_section=&#8221;no&#8221; text_align=&#8221;left&#8221; background_image_as_pattern=&#8221;without_pattern&#8221; css=&#8221;.vc_custom_1562841199091{padding-top: 65px !important;padding-bottom: 65px !important;}&#8221; z_index=&#8221;&#8221;][vc_column][vc_empty_space height=&#8221;25px&#8221;][vc_column_text]Il<strong> team di Alleantia<\/strong> unisce professionisti dell\u2019innovazione, dell\u2019ingegneria a giovani talenti della programmazione software con l\u2019obiettivo di ottenere risultati rivoluzionari nell&#8217;<strong>industria 4.0<\/strong> e nella <strong>trasformazione digitale delle industrie<\/strong>.<\/p>\n<p>&nbsp;<\/p>\n<p>&nbsp;<\/p>\n<p>Negli ultimi due anni il nostro team innovativo ha iniziato a collaborare con alcune delle aziende pi\u00f9 importanti del settore IT: Microsoft, Cisco, Dell e IBM sono solo alcune di esse.<\/p>\n<p>Il nostro obiettivo? Creare una tecnologia all&#8217;avanguardia in grado di offrire soluzioni efficienti a REALI problemi industriali.<\/p>\n<p>&nbsp;<\/p>\n<p>&nbsp;<\/p>\n<h3>Incontra il team!<\/h3>\n<p>[\/vc_column_text][vc_empty_space height=&#8221;25px&#8221;][vc_empty_space height=&#8221;25px&#8221;][\/vc_column][\/vc_row][vc_row css_animation=&#8221;&#8221; row_type=&#8221;row&#8221; use_row_as_full_screen_section=&#8221;no&#8221; type=&#8221;grid&#8221; angled_section=&#8221;no&#8221; text_align=&#8221;left&#8221; background_image_as_pattern=&#8221;without_pattern&#8221; z_index=&#8221;&#8221; el_class=&#8221;team-s-info&#8221;][vc_column width=&#8221;1\/3&#8243;][vc_single_image image=&#8221;20380&#8243; img_size=&#8221;medium&#8221; alignment=&#8221;center&#8221; style=&#8221;vc_box_circle_2&#8243; qode_css_animation=&#8221;&#8221;][vc_empty_space height=&#8221;25px&#8221;][vc_column_text]<\/p>\n<h4 style=\"text-align: center;\">Stefano Linari<\/h4>\n<p style=\"text-align: center;\">Presidente e CEO<\/p>\n<p>[\/vc_column_text][vc_empty_space height=&#8221;25px&#8221;][qode_elements_holder number_of_columns=&#8221;two_columns&#8221; columns_proportion=&#8221;66_33&#8243;][qode_elements_holder_item horizontal_alignment=&#8221;center&#8221; advanced_animations=&#8221;no&#8221;]<span class='q_social_icon_holder circle_social' data-color=#ffffff data-hover-background-color=#000000 data-hover-color=#ffffff><a itemprop=\"url\" href=\"https:\/\/www.linkedin.com\/in\/slinari\/\" target=\"_self\" rel=\"noopener\"><span class='fa-stack fa-2x' style='background-color: #0085ca;margin: 0 auto;'><i class=\"qode_icon_font_awesome fa fa-linkedin \" style=\"color: #ffffff;\" ><\/i><\/span><\/a><\/span>[\/qode_elements_holder_item][\/qode_elements_holder][vc_row_inner row_type=&#8221;expandable&#8221; text_align=&#8221;left&#8221; button_position=&#8221;center&#8221; more_button_label=&#8221;BIO&#8221; less_button_label=&#8221;MENO&#8221; expandable_content_top_padding=&#8221;10&#8243;][vc_column_inner][vc_column_text]<\/p>\n<p style=\"text-align: left;\">Dopo il dottorato in ingegneria nucleare Stefano ha fatto parte del team del CERN che ha lavorato alla scoperta delle particelle di Higgs Boson. Tutto ci\u00f2 che accadeva prima di entrare in Industry 4.0, ovviamente, e di avviare una societ\u00e0 che analizzava il settore come &#8220;Uno dei pi\u00f9 potenti potenziali disgregatori&#8221;.<\/p>\n<p>[\/vc_column_text][\/vc_column_inner][\/vc_row_inner][\/vc_column][vc_column width=&#8221;1\/3&#8243;][vc_single_image image=&#8221;19217&#8243; img_size=&#8221;medium&#8221; alignment=&#8221;center&#8221; style=&#8221;vc_box_circle_2&#8243; qode_css_animation=&#8221;&#8221;][vc_empty_space height=&#8221;25px&#8221;][vc_column_text]<\/p>\n<h4 style=\"text-align: center;\">Antonio Conati Barbaro<\/h4>\n<p style=\"text-align: center;\">COO<\/p>\n<p>[\/vc_column_text][vc_empty_space height=&#8221;25px&#8221;][qode_elements_holder number_of_columns=&#8221;two_columns&#8221; columns_proportion=&#8221;66_33&#8243;][qode_elements_holder_item horizontal_alignment=&#8221;center&#8221; advanced_animations=&#8221;no&#8221;]<span class='q_social_icon_holder circle_social' data-color=#ffffff data-hover-background-color=#0a0a0a data-hover-color=#ffffff><a itemprop=\"url\" href=\"https:\/\/www.linkedin.com\/in\/antonioconatibarbaro\/\" target=\"_self\" rel=\"noopener\"><span class='fa-stack fa-2x' style='background-color: #0085ca;margin: 0 auto;'><i class=\"qode_icon_font_awesome fa fa-linkedin \" style=\"color: #ffffff;\" ><\/i><\/span><\/a><\/span>[\/qode_elements_holder_item][\/qode_elements_holder][vc_row_inner row_type=&#8221;expandable&#8221; text_align=&#8221;left&#8221; button_position=&#8221;center&#8221; more_button_label=&#8221;BIO&#8221; less_button_label=&#8221;MENO&#8221; expandable_content_top_padding=&#8221;10&#8243;][vc_column_inner][vc_column_text]<\/p>\n<p style=\"text-align: left;\">Con un&#8217;esperienza quasi trentennale nel campo del software, delle reti di telecomunicazione, dei servizi, delle aziende high-tech, Antonio \u00e8 un professionista altamente specializzato nella gestione delle operazioni ed \u00e8 quindi il la Deus Ex Machina di Alleantia.<\/p>\n<p>[\/vc_column_text][\/vc_column_inner][\/vc_row_inner][\/vc_column][vc_column width=&#8221;1\/3&#8243;][vc_single_image image=&#8221;20378&#8243; img_size=&#8221;medium&#8221; alignment=&#8221;center&#8221; style=&#8221;vc_box_circle_2&#8243; qode_css_animation=&#8221;&#8221;][vc_empty_space height=&#8221;25px&#8221;][vc_column_text]<\/p>\n<h4 style=\"text-align: center;\">Carlo Alberto Marcoaldi<\/h4>\n<p style=\"text-align: center;\">Board Member<\/p>\n<p>[\/vc_column_text][vc_empty_space height=&#8221;25px&#8221;][vc_empty_space height=&#8221;30px&#8221;][vc_row_inner row_type=&#8221;expandable&#8221; text_align=&#8221;left&#8221; button_position=&#8221;center&#8221; more_button_label=&#8221;BIO&#8221; less_button_label=&#8221;MENO&#8221; expandable_content_top_padding=&#8221;10&#8243;][vc_column_inner][vc_column_text]<\/p>\n<div class=\"\">Un\u2019esperienza professionale di quasi mezzo secolo che va dall&#8217;ingegneria chimica alla logistica e alle operazioni di produzione, dai servizi di consulenza sulla sostenibilit\u00e0 alle multinazionali. Nell&#8217;ultimo decennio Carlo Alberto ha ricoperto il ruolo di Business Angel e raccolta fondi per diverse startup hi-tech e per iniziative di impatto sociale.<\/div>\n<p>[\/vc_column_text][\/vc_column_inner][\/vc_row_inner][\/vc_column][\/vc_row][vc_row css_animation=&#8221;&#8221; row_type=&#8221;row&#8221; use_row_as_full_screen_section=&#8221;no&#8221; type=&#8221;grid&#8221; angled_section=&#8221;no&#8221; text_align=&#8221;left&#8221; background_image_as_pattern=&#8221;without_pattern&#8221; z_index=&#8221;&#8221; el_class=&#8221;team-s-info&#8221;][vc_column][vc_empty_space height=&#8221;25px&#8221;][vc_empty_space height=&#8221;50px&#8221;][\/vc_column][\/vc_row][vc_row css_animation=&#8221;&#8221; row_type=&#8221;row&#8221; use_row_as_full_screen_section=&#8221;no&#8221; type=&#8221;grid&#8221; angled_section=&#8221;no&#8221; text_align=&#8221;left&#8221; background_image_as_pattern=&#8221;without_pattern&#8221; z_index=&#8221;&#8221; el_class=&#8221;team-s-info&#8221;][vc_column width=&#8221;1\/3&#8243;][vc_single_image image=&#8221;19651&#8243; img_size=&#8221;medium&#8221; alignment=&#8221;center&#8221; style=&#8221;vc_box_circle_2&#8243; qode_css_animation=&#8221;&#8221;][vc_empty_space height=&#8221;25px&#8221;][vc_column_text]<\/p>\n<h4 style=\"text-align: center;\">Mirko Bianchetti<\/h4>\n<p style=\"text-align: center;\">IoT Specialist &#8211; Analyst &amp; Software Developer<\/p>\n<p>[\/vc_column_text][vc_empty_space height=&#8221;25px&#8221;][qode_elements_holder number_of_columns=&#8221;two_columns&#8221; columns_proportion=&#8221;66_33&#8243;][qode_elements_holder_item horizontal_alignment=&#8221;center&#8221; advanced_animations=&#8221;no&#8221;]<span class='q_social_icon_holder circle_social' data-color=#ffffff data-hover-background-color=#0a0a0a data-hover-color=#ffffff><a itemprop=\"url\" href=\"https:\/\/www.linkedin.com\/in\/mirko-bianchetti-59406811b\/\" target=\"_self\" rel=\"noopener\"><span class='fa-stack fa-2x' style='background-color: #0085ca;margin: 0 auto;'><i class=\"qode_icon_font_awesome fa fa-linkedin \" style=\"color: #ffffff;\" ><\/i><\/span><\/a><\/span>[\/qode_elements_holder_item][\/qode_elements_holder][vc_row_inner row_type=&#8221;expandable&#8221; text_align=&#8221;left&#8221; button_position=&#8221;center&#8221; more_button_label=&#8221;BIO&#8221; less_button_label=&#8221;MENO&#8221; expandable_content_top_padding=&#8221;10&#8243;][vc_column_inner][vc_column_text]<\/p>\n<p class=\"\">Laureato in Informatica a Firenze. Specializzato in sviluppo software per sistemi bancari. Sviluppatore IoT come stile di vita.<\/p>\n<p>[\/vc_column_text][\/vc_column_inner][\/vc_row_inner][\/vc_column][vc_column width=&#8221;1\/3&#8243;][vc_single_image image=&#8221;20492&#8243; img_size=&#8221;medium&#8221; alignment=&#8221;center&#8221; style=&#8221;vc_box_circle_2&#8243; qode_css_animation=&#8221;&#8221;][vc_empty_space height=&#8221;25px&#8221;][vc_column_text]<\/p>\n<h4 style=\"text-align: center;\">Enrico Maria Caruso<\/h4>\n<p style=\"text-align: center;\">IoT Specialist &#8211; Analyst &amp; Software Developer<\/p>\n<p>[\/vc_column_text][vc_empty_space height=&#8221;25px&#8221;][qode_elements_holder number_of_columns=&#8221;two_columns&#8221; columns_proportion=&#8221;66_33&#8243;][qode_elements_holder_item horizontal_alignment=&#8221;center&#8221; advanced_animations=&#8221;no&#8221;]<span class='q_social_icon_holder circle_social' data-color=#ffffff data-hover-background-color=#0a0a0a data-hover-color=#ffffff><a itemprop=\"url\" href=\"https:\/\/www.linkedin.com\/in\/enrico-maria-caruso-56660729\/\" target=\"_self\" rel=\"noopener\"><span class='fa-stack fa-2x' style='background-color: #0085ca;margin: 0 auto;'><i class=\"qode_icon_font_awesome fa fa-linkedin \" style=\"color: #ffffff;\" ><\/i><\/span><\/a><\/span>[\/qode_elements_holder_item][\/qode_elements_holder][vc_row_inner row_type=&#8221;expandable&#8221; text_align=&#8221;left&#8221; button_position=&#8221;center&#8221; more_button_label=&#8221;BIO&#8221; less_button_label=&#8221;MENO&#8221; expandable_content_top_padding=&#8221;10&#8243;][vc_column_inner][vc_column_text]<\/p>\n<p class=\"\">Laurea specialistica in Tecnologie Informatiche. Ex-programmatore per la Scuola Normale di Pisa. Appassionato di nuove tecnologie ed entusiasta motivatore nei lavori in squadra.<\/p>\n<p>[\/vc_column_text][\/vc_column_inner][\/vc_row_inner][\/vc_column][vc_column width=&#8221;1\/3&#8243;][vc_single_image image=&#8221;19649&#8243; img_size=&#8221;medium&#8221; alignment=&#8221;center&#8221; style=&#8221;vc_box_circle_2&#8243; qode_css_animation=&#8221;&#8221;][vc_empty_space height=&#8221;25px&#8221;][vc_column_text]<\/p>\n<h4 style=\"text-align: center;\">Mattia Bigongiali<\/h4>\n<p style=\"text-align: center;\">System Specialist<\/p>\n<p>[\/vc_column_text][vc_empty_space height=&#8221;25px&#8221;][qode_elements_holder number_of_columns=&#8221;two_columns&#8221; columns_proportion=&#8221;66_33&#8243;][qode_elements_holder_item horizontal_alignment=&#8221;center&#8221; advanced_animations=&#8221;no&#8221;]<span class='q_social_icon_holder circle_social' data-color=#ffffff data-hover-background-color=#0a0a0a data-hover-color=#ffffff><span class='fa-stack fa-2x' style='background-color: #ededed;margin: 0 auto;'><i class=\"qode_icon_font_awesome fa fa-linkedin \" style=\"color: #ffffff;\" ><\/i><\/span><\/span>[\/qode_elements_holder_item][\/qode_elements_holder][vc_row_inner row_type=&#8221;expandable&#8221; text_align=&#8221;left&#8221; button_position=&#8221;center&#8221; more_button_label=&#8221;BIO&#8221; less_button_label=&#8221;MENO&#8221; expandable_content_top_padding=&#8221;10&#8243;][vc_column_inner][vc_column_text]<\/p>\n<p class=\"\">Studi tecnici industriali. Suona il basso e colleziona componenti di elettronica vintage. Grande amante dell\u2019informatica.<\/p>\n<p>[\/vc_column_text][\/vc_column_inner][\/vc_row_inner][\/vc_column][\/vc_row][vc_row css_animation=&#8221;&#8221; row_type=&#8221;row&#8221; use_row_as_full_screen_section=&#8221;no&#8221; type=&#8221;grid&#8221; angled_section=&#8221;no&#8221; text_align=&#8221;left&#8221; background_image_as_pattern=&#8221;without_pattern&#8221; z_index=&#8221;&#8221; el_class=&#8221;team-s-info&#8221;][vc_column][vc_empty_space height=&#8221;25px&#8221;][vc_empty_space height=&#8221;50px&#8221;][\/vc_column][\/vc_row][vc_row css_animation=&#8221;&#8221; row_type=&#8221;row&#8221; use_row_as_full_screen_section=&#8221;no&#8221; type=&#8221;grid&#8221; angled_section=&#8221;no&#8221; text_align=&#8221;left&#8221; background_image_as_pattern=&#8221;without_pattern&#8221; z_index=&#8221;&#8221; el_class=&#8221;team-s-info&#8221; css=&#8221;.vc_custom_1723105346017{padding-bottom: 64px !important;}&#8221;][vc_column width=&#8221;1\/3&#8243;][vc_single_image image=&#8221;19647&#8243; img_size=&#8221;medium&#8221; alignment=&#8221;center&#8221; style=&#8221;vc_box_circle_2&#8243; qode_css_animation=&#8221;&#8221;][vc_empty_space height=&#8221;25px&#8221;][vc_column_text]<\/p>\n<h4 style=\"text-align: center;\">Maria Teresa Vartuli<\/h4>\n<p style=\"text-align: center;\">Financial Manager<\/p>\n<p>[\/vc_column_text][vc_empty_space height=&#8221;25px&#8221;][qode_elements_holder number_of_columns=&#8221;two_columns&#8221; columns_proportion=&#8221;66_33&#8243;][qode_elements_holder_item horizontal_alignment=&#8221;center&#8221; advanced_animations=&#8221;no&#8221;]<span class='q_social_icon_holder circle_social' data-color=#ffffff data-hover-background-color=#0a0a0a data-hover-color=#ffffff><a itemprop=\"url\" href=\"https:\/\/www.linkedin.com\/in\/maria-teresa-vartuli-87614480\/\" target=\"_self\" rel=\"noopener\"><span class='fa-stack fa-2x' style='background-color: #0085ca;margin: 0 auto;'><i class=\"qode_icon_font_awesome fa fa-linkedin \" style=\"color: #ffffff;\" ><\/i><\/span><\/a><\/span>[\/qode_elements_holder_item][\/qode_elements_holder][vc_row_inner row_type=&#8221;expandable&#8221; text_align=&#8221;left&#8221; button_position=&#8221;center&#8221; more_button_label=&#8221;BIO&#8221; less_button_label=&#8221;MENO&#8221; expandable_content_top_padding=&#8221;10&#8243;][vc_column_inner][vc_column_text]<\/p>\n<p class=\"\">Percorso formativo nel settore contabile. Responsabile amministrativo con esperienza ventennale in societ\u00e0 leader del settore radiofonico e metalmeccanico.<\/p>\n<p>[\/vc_column_text][\/vc_column_inner][\/vc_row_inner][\/vc_column][vc_column width=&#8221;1\/3&#8243;][vc_single_image image=&#8221;25421&#8243; img_size=&#8221;medium&#8221; alignment=&#8221;center&#8221; style=&#8221;vc_box_circle_2&#8243; css=&#8221;&#8221; qode_css_animation=&#8221;&#8221;][vc_empty_space height=&#8221;25px&#8221;][vc_column_text css=&#8221;&#8221;]<\/p>\n<h4 style=\"text-align: center;\">Giorgio di Pirro<\/h4>\n<p style=\"text-align: center;\">IoT Delivery Specialist<\/p>\n<p>[\/vc_column_text][vc_empty_space height=&#8221;25px&#8221;][qode_elements_holder number_of_columns=&#8221;two_columns&#8221; columns_proportion=&#8221;66_33&#8243;][qode_elements_holder_item horizontal_alignment=&#8221;center&#8221; advanced_animations=&#8221;no&#8221;]<span class='q_social_icon_holder circle_social' data-color=#ffffff data-hover-background-color=#0a0a0a data-hover-color=#ffffff><span class='fa-stack fa-2x' style='background-color: #ededed;margin: 0 auto;'><i class=\"qode_icon_font_awesome fa fa-linkedin \" style=\"color: #ffffff;\" ><\/i><\/span><\/span>[\/qode_elements_holder_item][\/qode_elements_holder][vc_row_inner row_type=&#8221;expandable&#8221; text_align=&#8221;left&#8221; button_position=&#8221;center&#8221; more_button_label=&#8221;BIO&#8221; less_button_label=&#8221;MENO&#8221; expandable_content_top_padding=&#8221;10&#8243;][vc_column_inner][\/vc_column_inner][\/vc_row_inner][\/vc_column][vc_column width=&#8221;1\/3&#8243;][vc_single_image image=&#8221;25423&#8243; img_size=&#8221;medium&#8221; alignment=&#8221;center&#8221; style=&#8221;vc_box_circle_2&#8243; css=&#8221;&#8221; qode_css_animation=&#8221;&#8221;][vc_empty_space height=&#8221;25px&#8221;][vc_column_text css=&#8221;&#8221;]<\/p>\n<h4 style=\"text-align: center;\">Paolo Merola<\/h4>\n<p style=\"text-align: center;\">Senior Data Scientist<\/p>\n<p>[\/vc_column_text][vc_empty_space height=&#8221;25px&#8221;][qode_elements_holder number_of_columns=&#8221;two_columns&#8221; columns_proportion=&#8221;66_33&#8243;][qode_elements_holder_item horizontal_alignment=&#8221;center&#8221; advanced_animations=&#8221;no&#8221;]<span class='q_social_icon_holder circle_social' data-color=#ffffff data-hover-background-color=#0a0a0a data-hover-color=#ffffff><span class='fa-stack fa-2x' style='background-color: #ededed;margin: 0 auto;'><i class=\"qode_icon_font_awesome fa fa-linkedin \" style=\"color: #ffffff;\" ><\/i><\/span><\/span>[\/qode_elements_holder_item][\/qode_elements_holder][vc_row_inner row_type=&#8221;expandable&#8221; text_align=&#8221;left&#8221; button_position=&#8221;center&#8221; more_button_label=&#8221;BIO&#8221; less_button_label=&#8221;MENO&#8221; expandable_content_top_padding=&#8221;10&#8243;][vc_column_inner][\/vc_column_inner][\/vc_row_inner][\/vc_column][\/vc_row][vc_row css_animation=&#8221;&#8221; row_type=&#8221;row&#8221; use_row_as_full_screen_section=&#8221;no&#8221; type=&#8221;grid&#8221; angled_section=&#8221;no&#8221; text_align=&#8221;left&#8221; background_image_as_pattern=&#8221;without_pattern&#8221; z_index=&#8221;&#8221; el_class=&#8221;team-s-info&#8221; css=&#8221;.vc_custom_1566382408550{padding-right: 12% !important;padding-left: 12% !important;}&#8221;][vc_column width=&#8221;1\/3&#8243;][vc_single_image image=&#8221;25948&#8243; img_size=&#8221;medium&#8221; alignment=&#8221;center&#8221; style=&#8221;vc_box_circle_2&#8243; css=&#8221;&#8221; qode_css_animation=&#8221;&#8221;][vc_empty_space height=&#8221;25px&#8221;][vc_column_text css=&#8221;&#8221;]<\/p>\n<h4 style=\"text-align: center;\">Giulio Bartoloni<\/h4>\n<p style=\"text-align: center;\">Junior Data Scientist<\/p>\n<p>[\/vc_column_text][vc_empty_space height=&#8221;25px&#8221;][qode_elements_holder number_of_columns=&#8221;two_columns&#8221; columns_proportion=&#8221;66_33&#8243;][qode_elements_holder_item horizontal_alignment=&#8221;center&#8221; advanced_animations=&#8221;no&#8221;]<span class='q_social_icon_holder circle_social' data-color=#ffffff data-hover-background-color=#0a0a0a data-hover-color=#ffffff><a itemprop=\"url\" href=\"https:\/\/www.linkedin.com\/in\/maria-teresa-vartuli-87614480\/\" target=\"_self\" rel=\"noopener\"><span class='fa-stack fa-2x' style='background-color: #0085ca;margin: 0 auto;'><i class=\"qode_icon_font_awesome fa fa-linkedin \" style=\"color: #ffffff;\" ><\/i><\/span><\/a><\/span>[\/qode_elements_holder_item][\/qode_elements_holder][vc_row_inner row_type=&#8221;expandable&#8221; text_align=&#8221;left&#8221; button_position=&#8221;center&#8221; more_button_label=&#8221;READ BIO&#8221; less_button_label=&#8221;LESS&#8221; expandable_content_top_padding=&#8221;10&#8243;][vc_column_inner][\/vc_column_inner][\/vc_row_inner][\/vc_column][vc_column width=&#8221;1\/3&#8243;][\/vc_column][vc_column width=&#8221;1\/3&#8243;][\/vc_column][\/vc_row][vc_row css_animation=&#8221;&#8221; row_type=&#8221;row&#8221; use_row_as_full_screen_section=&#8221;no&#8221; type=&#8221;grid&#8221; angled_section=&#8221;no&#8221; text_align=&#8221;left&#8221; background_image_as_pattern=&#8221;without_pattern&#8221; z_index=&#8221;&#8221; el_class=&#8221;connectdevice_bg&#8221; css=&#8221;.vc_custom_1773226266573{background-image: url(https:\/\/www.alleantia.com\/wp-content\/uploads\/2024\/09\/cover-13.jpg?id=25524) !important;}&#8221;][vc_column][vc_empty_space height=&#8221;50px&#8221;][vc_empty_space height=&#8221;50px&#8221;][qode_elements_holder number_of_columns=&#8221;one_column&#8221;][qode_elements_holder_item vertical_alignment=&#8221;middle&#8221; advanced_animations=&#8221;no&#8221; item_padding=&#8221;20px 20px 20px 20px&#8221;][vc_column_text]<\/p>\n<h2 style=\"color: #fff;\">Entra nel nostro team<\/h2>\n<p>[\/vc_column_text][vc_empty_space height=&#8221;50px&#8221;]<a  itemprop=\"url\" href=\"\/about\/careers\/\" target=\"_blank\"  class=\"qbutton  default qode-type1-gradient-left-to-right\" style=\"\">Invia candidatura<\/a>[\/qode_elements_holder_item][\/qode_elements_holder][vc_empty_space height=&#8221;50px&#8221;][vc_empty_space height=&#8221;50px&#8221;][\/vc_column][\/vc_row][vc_row css_animation=&#8221;&#8221; row_type=&#8221;row&#8221; use_row_as_full_screen_section=&#8221;no&#8221; type=&#8221;full_width&#8221; angled_section=&#8221;no&#8221; text_align=&#8221;left&#8221; background_image_as_pattern=&#8221;without_pattern&#8221;][vc_column][vc_column_text]<\/p>\n<p>[\/vc_column_text][\/vc_column][\/vc_row]<\/p>\n<\/div>","protected":false},"excerpt":{"rendered":"<p>[vc_row css_animation=&#8221;&#8221; row_type=&#8221;row&#8221; use_row_as_full_screen_section=&#8221;no&#8221; type=&#8221;grid&#8221; angled_section=&#8221;no&#8221; text_align=&#8221;left&#8221; background_image_as_pattern=&#8221;without_pattern&#8221; z_index=&#8221;&#8221; el_class=&#8221;header2&#8243;][vc_column][vc_empty_space][vc_empty_space][vc_empty_space][vc_row_inner row_type=&#8221;row&#8221; type=&#8221;full_width&#8221; text_align=&#8221;left&#8221; css_animation=&#8221;&#8221;][vc_column_inner][qode_elements_holder number_of_columns=&#8221;two_columns&#8221;][qode_elements_holder_item advanced_animations=&#8221;no&#8221; item_padding=&#8221;32px&#8221;][vc_column_text css=&#8221;&#8221;] Team [\/vc_column_text][vc_empty_space][vc_column_text css=&#8221;&#8221;] Contattaci [\/vc_column_text][\/qode_elements_holder_item][qode_elements_holder_item advanced_animations=&#8221;no&#8221; item_padding=&#8221;32px&#8221;][\/qode_elements_holder_item][\/qode_elements_holder][\/vc_column_inner][\/vc_row_inner][vc_empty_space][\/vc_column][\/vc_row][vc_row css_animation=&#8221;&#8221; row_type=&#8221;row&#8221; use_row_as_full_screen_section=&#8221;no&#8221; type=&#8221;grid&#8221; angled_section=&#8221;no&#8221; text_align=&#8221;left&#8221; background_image_as_pattern=&#8221;without_pattern&#8221; css=&#8221;.vc_custom_1562841199091{padding-top: 65px !important;padding-bottom: 65px !important;}&#8221; z_index=&#8221;&#8221;][vc_column][vc_empty_space height=&#8221;25px&#8221;][vc_column_text]Il team di Alleantia unisce professionisti dell\u2019innovazione,&#8230;<\/p>\n","protected":false},"author":10,"featured_media":0,"parent":20098,"menu_order":0,"comment_status":"closed","ping_status":"closed","template":"full_width.php","meta":{"content-type":"","footnotes":""},"class_list":["post-20101","page","type-page","status-publish","hentry"],"_links":{"self":[{"href":"https:\/\/www.alleantia.com\/it\/wp-json\/wp\/v2\/pages\/20101","targetHints":{"allow":["GET"]}}],"collection":[{"href":"https:\/\/www.alleantia.com\/it\/wp-json\/wp\/v2\/pages"}],"about":[{"href":"https:\/\/www.alleantia.com\/it\/wp-json\/wp\/v2\/types\/page"}],"author":[{"embeddable":true,"href":"https:\/\/www.alleantia.com\/it\/wp-json\/wp\/v2\/users\/10"}],"replies":[{"embeddable":true,"href":"https:\/\/www.alleantia.com\/it\/wp-json\/wp\/v2\/comments?post=20101"}],"version-history":[{"count":0,"href":"https:\/\/www.alleantia.com\/it\/wp-json\/wp\/v2\/pages\/20101\/revisions"}],"up":[{"embeddable":true,"href":"https:\/\/www.alleantia.com\/it\/wp-json\/wp\/v2\/pages\/20098"}],"wp:attachment":[{"href":"https:\/\/www.alleantia.com\/it\/wp-json\/wp\/v2\/media?parent=20101"}],"curies":[{"name":"wp","href":"https:\/\/api.w.org\/{rel}","templated":true}]}}