{"id":20105,"date":"2019-09-13T17:45:12","date_gmt":"2019-09-13T15:45:12","guid":{"rendered":"https:\/\/www.alleantia.com\/chi-siamo\/mission\/"},"modified":"2023-03-10T17:01:59","modified_gmt":"2023-03-10T16:01:59","slug":"mission","status":"publish","type":"page","link":"https:\/\/www.alleantia.com\/it\/chi-siamo\/mission\/","title":{"rendered":"Mission"},"content":{"rendered":"<div class=\"wpb-content-wrapper\"><p>[vc_row css_animation=&#8221;&#8221; row_type=&#8221;row&#8221; use_row_as_full_screen_section=&#8221;no&#8221; type=&#8221;grid&#8221; angled_section=&#8221;no&#8221; text_align=&#8221;left&#8221; background_image_as_pattern=&#8221;without_pattern&#8221; anchor=&#8221;benefit&#8221; css=&#8221;.vc_custom_1563460958084{padding-top: 110px !important;}&#8221; z_index=&#8221;&#8221;][vc_column][qode_elements_holder number_of_columns=&#8221;two_columns&#8221; columns_proportion=&#8221;33_66&#8243;][qode_elements_holder_item advanced_animations=&#8221;no&#8221; item_padding=&#8221;50px 50px 50px 50px&#8221;][vc_single_image image=&#8221;21980&#8243; img_size=&#8221;large&#8221; qode_css_animation=&#8221;&#8221;][\/qode_elements_holder_item][qode_elements_holder_item advanced_animations=&#8221;no&#8221; item_padding=&#8221;50px 50px 50px 50px&#8221;][vc_column_text]<\/p>\n<h2><b>La nostra soluzione \u00e8 un\u2019offerta unica nel mercato IoT globale<\/b><\/h2>\n<p>[\/vc_column_text][vc_empty_space height=&#8221;70px&#8221;][vc_column_text]<span style=\"font-weight: 400;\">La tecnologia <\/span><b>Alleantia<\/b><span style=\"font-weight: 400;\"> \u00e8 l&#8217;unica soluzione sul mercato che garantisce una <\/span><b>digitalizzazione rapida e senza configurazione<\/b><span style=\"font-weight: 400;\"> di alcun tipo di contesto industriale. La nostra versatile tecnologia pu\u00f2 essere implementata su dispositivi di ultima generazione ma anche su macchinari non nativamente digitali e consente un <\/span><b>alto livello di personalizzazione<\/b><span style=\"font-weight: 400;\"> da parte di ogni tipo di operatore. Il <\/span><b>software ISC Alleantia<\/b><span style=\"font-weight: 400;\"> raccoglie i <\/span><b>dati<\/b><span style=\"font-weight: 400;\"> generati dalle macchine e li trasforma in <\/span><b>informazioni utili <\/b><span style=\"font-weight: 400;\">per monitorare i progressi della produzione in tempo reale. Ci\u00f2 che ci rende unici \u00e8 la semplicit\u00e0 della nostra tecnologia: completamente <\/span><b>pronta all\u2019uso, intuitiva e facile da implementare.<\/b>[\/vc_column_text][\/qode_elements_holder_item][\/qode_elements_holder][\/vc_column][\/vc_row][vc_row css_animation=&#8221;&#8221; row_type=&#8221;row&#8221; use_row_as_full_screen_section=&#8221;no&#8221; type=&#8221;grid&#8221; angled_section=&#8221;no&#8221; text_align=&#8221;left&#8221; background_image_as_pattern=&#8221;without_pattern&#8221; anchor=&#8221;benefit&#8221; css=&#8221;.vc_custom_1563460958084{padding-top: 110px !important;}&#8221; z_index=&#8221;&#8221;][vc_column width=&#8221;1\/6&#8243;][\/vc_column][vc_column width=&#8221;2\/3&#8243;]<blockquote class=' with_quote_icon' style=''><i class='fa fa-quote-right' style=''><\/i><h5 class='blockquote-text' style=''>La missione di Alleantia \u00e8 di aiutare e accelerare qualsiasi trasformazione digitale industriale e raggiungere la soddisfazione dei nostri clienti e il successo di qualsiasi progetto I4.0 creando, attraverso l'IoT, la trasformazione digitale di prodotti, processi e servizi industriali che generano nuovo valore e nuovi modelli di business.<\/h5><\/blockquote>[vc_column_text]<\/p>\n<p style=\"text-align: right;\">Stefano Linari, CEO e Presidente di Alleantia<\/p>\n<p>[\/vc_column_text][vc_empty_space height=&#8221;70px&#8221;][vc_empty_space height=&#8221;70px&#8221;][\/vc_column][vc_column width=&#8221;1\/6&#8243;][\/vc_column][\/vc_row]<\/p>\n<\/div>","protected":false},"excerpt":{"rendered":"<p>[vc_row css_animation=&#8221;&#8221; row_type=&#8221;row&#8221; use_row_as_full_screen_section=&#8221;no&#8221; type=&#8221;grid&#8221; angled_section=&#8221;no&#8221; text_align=&#8221;left&#8221; background_image_as_pattern=&#8221;without_pattern&#8221; anchor=&#8221;benefit&#8221; css=&#8221;.vc_custom_1563460958084{padding-top: 110px !important;}&#8221; z_index=&#8221;&#8221;][vc_column][qode_elements_holder number_of_columns=&#8221;two_columns&#8221; columns_proportion=&#8221;33_66&#8243;][qode_elements_holder_item advanced_animations=&#8221;no&#8221; item_padding=&#8221;50px 50px 50px 50px&#8221;][vc_single_image image=&#8221;21980&#8243; img_size=&#8221;large&#8221; qode_css_animation=&#8221;&#8221;][\/qode_elements_holder_item][qode_elements_holder_item advanced_animations=&#8221;no&#8221; item_padding=&#8221;50px 50px 50px 50px&#8221;][vc_column_text] La nostra soluzione \u00e8 un\u2019offerta unica nel mercato IoT globale [\/vc_column_text][vc_empty_space height=&#8221;70px&#8221;][vc_column_text]La tecnologia Alleantia \u00e8 l&#8217;unica soluzione&#8230;<\/p>\n","protected":false},"author":10,"featured_media":0,"parent":20098,"menu_order":2,"comment_status":"open","ping_status":"closed","template":"full_width.php","meta":{"content-type":"","footnotes":""},"class_list":["post-20105","page","type-page","status-publish","hentry"],"_links":{"self":[{"href":"https:\/\/www.alleantia.com\/it\/wp-json\/wp\/v2\/pages\/20105","targetHints":{"allow":["GET"]}}],"collection":[{"href":"https:\/\/www.alleantia.com\/it\/wp-json\/wp\/v2\/pages"}],"about":[{"href":"https:\/\/www.alleantia.com\/it\/wp-json\/wp\/v2\/types\/page"}],"author":[{"embeddable":true,"href":"https:\/\/www.alleantia.com\/it\/wp-json\/wp\/v2\/users\/10"}],"replies":[{"embeddable":true,"href":"https:\/\/www.alleantia.com\/it\/wp-json\/wp\/v2\/comments?post=20105"}],"version-history":[{"count":0,"href":"https:\/\/www.alleantia.com\/it\/wp-json\/wp\/v2\/pages\/20105\/revisions"}],"up":[{"embeddable":true,"href":"https:\/\/www.alleantia.com\/it\/wp-json\/wp\/v2\/pages\/20098"}],"wp:attachment":[{"href":"https:\/\/www.alleantia.com\/it\/wp-json\/wp\/v2\/media?parent=20105"}],"curies":[{"name":"wp","href":"https:\/\/api.w.org\/{rel}","templated":true}]}}