{"id":20113,"date":"2019-09-16T09:29:22","date_gmt":"2019-09-16T07:29:22","guid":{"rendered":"https:\/\/www.alleantia.com\/antos\/"},"modified":"2023-11-16T16:02:09","modified_gmt":"2023-11-16T15:02:09","slug":"antos","status":"publish","type":"page","link":"https:\/\/www.alleantia.com\/it\/risorse\/use-case\/antos\/","title":{"rendered":"Antos"},"content":{"rendered":"<div class=\"wpb-content-wrapper\"><p>[vc_row css_animation=&#8221;&#8221; row_type=&#8221;row&#8221; use_row_as_full_screen_section=&#8221;no&#8221; type=&#8221;grid&#8221; angled_section=&#8221;no&#8221; text_align=&#8221;left&#8221; background_image_as_pattern=&#8221;without_pattern&#8221; z_index=&#8221;&#8221;][vc_column][vc_empty_space height=&#8221;100px&#8221;][qode_elements_holder number_of_columns=&#8221;two_columns&#8221;][qode_elements_holder_item horizontal_alignment=&#8221;center&#8221; advanced_animations=&#8221;no&#8221;][vc_empty_space][vc_single_image image=&#8221;23442&#8243; img_size=&#8221;&#8221; alignment=&#8221;center&#8221; qode_css_animation=&#8221;&#8221;][vc_empty_space][\/qode_elements_holder_item][qode_elements_holder_item advanced_animations=&#8221;no&#8221;][vc_column_text]<\/p>\n<div class=\"q_elements_item \" data-animation=\"no\" data-item-class=\"q_elements_holder_custom_764156\">\n<div class=\"q_elements_item_inner\">\n<div class=\"q_elements_item_content q_elements_holder_custom_764156\">\n<h2 class=\"vc_empty_space\">Antos<\/h2>\n<\/div>\n<\/div>\n<\/div>\n<p>[\/vc_column_text][vc_empty_space][vc_column_text]<strong>Antos<\/strong>\u00a0\u00e8 una software house marchigiana, che si \u00e8 distinta nel tempo per la realizzazione di software gestionali verticali molto specifici per aziende che realizzano impianti tecnologici, aziende manifatturiere (meccanica, stampaggio etc.)<br \/>\n[\/vc_column_text][vc_empty_space][vc_empty_space][\/qode_elements_holder_item][\/qode_elements_holder][\/vc_column][\/vc_row][vc_row css_animation=&#8221;&#8221; row_type=&#8221;row&#8221; use_row_as_full_screen_section=&#8221;no&#8221; type=&#8221;grid&#8221; angled_section=&#8221;no&#8221; text_align=&#8221;left&#8221; background_image_as_pattern=&#8221;without_pattern&#8221; z_index=&#8221;&#8221;][vc_column][vc_separator type=&#8221;normal&#8221;][\/vc_column][\/vc_row][vc_row css_animation=&#8221;&#8221; row_type=&#8221;row&#8221; use_row_as_full_screen_section=&#8221;no&#8221; type=&#8221;grid&#8221; angled_section=&#8221;no&#8221; text_align=&#8221;left&#8221; background_image_as_pattern=&#8221;without_pattern&#8221; z_index=&#8221;&#8221; el_class=&#8221;white&#8221;][vc_column][vc_empty_space][vc_empty_space][vc_column_text]<\/p>\n<h2>Sfida<\/h2>\n<p>[\/vc_column_text][vc_empty_space][vc_column_text]Esigenza di avvalere i gestionali MES con una tecnologia che sia in grado di integrare i dati EDGE dalle macchine con il software aziendale.<\/p>\n<p>&nbsp;<\/p>\n<p>Portare alle aziende un controllo efficiente della produzione e necessit\u00e0 di rilevare i dati in modo preciso per evolvere il sistema produttivo.<\/p>\n<p><strong>Bravo Manufacturing<\/strong>\u00a0ha portato il controllo della produzione in azienda, e grazie all\u2019integrazione con il<strong>\u00a0software edge Alleantia<\/strong>\u00a0l\u2019ha resa completamente integrata con le macchine che vengono usate nelle varie linee produttive fornendo all\u2019utente finale una visione completa e sempre aggiornata di tutte le informazioni necessarie ad un\u2019ottimizzazione delle performance aziendali.<\/p>\n<p>&nbsp;<\/p>\n<p>Avere i dati correttamente inseriti e costantemente aggiornati permette infatti alla Direzione di monitorare l\u2019andamento della produzione in tempo reale.<br \/>\n[\/vc_column_text][vc_empty_space height=&#8221;16px&#8221;][vc_empty_space][vc_empty_space][qode_elements_holder number_of_columns=&#8221;two_columns&#8221; columns_proportion=&#8221;33_66&#8243;][qode_elements_holder_item vertical_alignment=&#8221;middle&#8221; horizontal_alignment=&#8221;center&#8221; advanced_animations=&#8221;no&#8221;][vc_single_image image=&#8221;23449&#8243; img_size=&#8221;&#8221; qode_css_animation=&#8221;&#8221;][\/qode_elements_holder_item][qode_elements_holder_item vertical_alignment=&#8221;middle&#8221; advanced_animations=&#8221;no&#8221;]<blockquote class=' with_quote_icon' style=''><i class='fa fa-quote-right' style=''><\/i><h5 class='blockquote-text' style=''>Antos sviluppa software per l\u2019analisi dei dati che vengono dalla produzione e Alleantia realizza un software di tipo edge che permette di raccogliere dati dal campo. Per noi era la soluzione complementare che cercavamo da tempo e in grado di configurarsi in modo totalmente \u201cPlug&amp;Play\u201d.<\/h5><\/blockquote>[vc_empty_space height=&#8221;16px&#8221;][vc_column_text]<strong>Danilo\u00a0 Pasqualini<\/strong>\u00a0\u2013 Responsabile Marketing e Product Owner di Antos[\/vc_column_text][\/qode_elements_holder_item][\/qode_elements_holder][vc_empty_space][\/vc_column][\/vc_row][vc_row css_animation=&#8221;&#8221; row_type=&#8221;row&#8221; use_row_as_full_screen_section=&#8221;no&#8221; type=&#8221;grid&#8221; angled_section=&#8221;no&#8221; text_align=&#8221;left&#8221; background_image_as_pattern=&#8221;without_pattern&#8221; z_index=&#8221;&#8221;][vc_column][vc_separator type=&#8221;normal&#8221;][vc_empty_space][vc_empty_space][vc_column_text]<\/p>\n<h2>Il Progetto<\/h2>\n<p>[\/vc_column_text][vc_empty_space][vc_empty_space height=&#8221;64px&#8221;][qode_elements_holder number_of_columns=&#8221;three_columns&#8221;][qode_elements_holder_item advanced_animations=&#8221;no&#8221; item_padding=&#8221;20px 20px 20px 20px&#8221;][vc_single_image image=&#8221;23436&#8243; img_size=&#8221;&#8221; alignment=&#8221;center&#8221; qode_css_animation=&#8221;&#8221;][vc_empty_space height=&#8221;16px&#8221;][vc_column_text]<strong>Alleantia<\/strong>, azienda italiana innovativa affermatasi per le proprie soluzioni I4.0 \u201cPlug&amp;Play\u201d.[\/vc_column_text][vc_empty_space height=&#8221;16px&#8221;][\/qode_elements_holder_item][qode_elements_holder_item advanced_animations=&#8221;no&#8221; item_padding=&#8221;20px 20px 20px 20px&#8221;][vc_single_image image=&#8221;23442&#8243; img_size=&#8221;&#8221; alignment=&#8221;center&#8221; qode_css_animation=&#8221;&#8221;][vc_empty_space height=&#8221;16px&#8221;][vc_column_text]<strong>Antos<\/strong>, sviluppo software gestionali, MES e soluzioni di organizzazione aziendale.[\/vc_column_text][vc_empty_space height=&#8221;16px&#8221;][\/qode_elements_holder_item][qode_elements_holder_item advanced_animations=&#8221;no&#8221; item_padding=&#8221;20px 20px 20px 20px&#8221;][vc_single_image image=&#8221;23451&#8243; img_size=&#8221;&#8221; alignment=&#8221;center&#8221; qode_css_animation=&#8221;&#8221;][vc_empty_space height=&#8221;16px&#8221;][vc_column_text]<\/p>\n<div class=\"wpb_text_column wpb_content_element \">\n<div class=\"wpb_wrapper\">\n<p><strong>Advantech<\/strong>, leader mondiali di sistemi Industriali IoT intelligenti e piattaforme embedded.\u00a0<strong>Partner Hardware<\/strong>\u00a0nel caso Antos-Alleantia.<\/p>\n<\/div>\n<\/div>\n<div class=\"vc_empty_space\"><\/div>\n<p>[\/vc_column_text][vc_empty_space height=&#8221;16px&#8221;][\/qode_elements_holder_item][\/qode_elements_holder][vc_empty_space height=&#8221;64px&#8221;][vc_column_text]Ad oggi sono circa 30 i clienti che Antos \u00e8 riuscito ad interconnettere con successo con la soluzione Alleantia, partendo da aziende pi\u00f9 piccole a progetti pi\u00f9 complessi con oltre 20 macchine di varie tipologie e di differenti costruttori interconnesse.[\/vc_column_text][vc_empty_space height=&#8221;64px&#8221;][vc_column_text]<\/p>\n<div class=\"wpb_text_column wpb_content_element \">\n<div class=\"wpb_wrapper\">\n<h2><b>Mercati di destinazione<\/b><\/h2>\n<\/div>\n<\/div>\n<div class=\"vc_empty_space\"><\/div>\n<div class=\"wpb_text_column wpb_content_element \">\n<div class=\"wpb_wrapper\">\n<p>Alleantia e Antos hanno interconnesso, PMI e industrie appattenenti ai seguenti mercati :<\/p>\n<\/div>\n<\/div>\n<p>[\/vc_column_text][vc_empty_space height=&#8221;64px&#8221;][vc_row_inner row_type=&#8221;row&#8221; type=&#8221;full_width&#8221; text_align=&#8221;left&#8221; css_animation=&#8221;&#8221;][vc_column_inner width=&#8221;1\/2&#8243;]<div class=\"q_list circle\">\n\t<\/p>\n<ul>\n<li>\n<h5>Lavorazione dei metalli<\/h5>\n<\/li>\n<li>\n<h5>Lavorazioni aptiche<\/h5>\n<\/li>\n<li>\n<h5>Lavorazioni meccaniche di precisione<\/h5>\n<\/li>\n<li>\n<h5>Lavorazioni meccaniche con laser<\/h5>\n<\/li>\n<li>\n<h5>Produzione pannelli in PVC e vetroresina<\/h5>\n<\/li>\n<li>\n<h5>Produzione stampi di precisione \/ stampi a iniezione<\/h5>\n<\/li>\n<\/ul>\n<p><\/div>[\/vc_column_inner][vc_column_inner width=&#8221;1\/2&#8243;]<div class=\"q_list circle\">\n\t<\/p>\n<ul>\n<li>\n<h5>Stampaggio materie plastiche<\/h5>\n<\/li>\n<li>\n<h5>Lavorazione del cuoio e della pelle<\/h5>\n<\/li>\n<li>\n<h5>Produzione mobili da laboratorio e attrezzature tecniche<\/h5>\n<\/li>\n<li>\n<h5>Produzione prodotti cosmetici e tricologici<\/h5>\n<\/li>\n<li>\n<h5>Produzione di nastri biadesivi<\/h5>\n<\/li>\n<\/ul>\n<p><\/div>[\/vc_column_inner][\/vc_row_inner][vc_empty_space height=&#8221;64px&#8221;][vc_separator type=&#8221;normal&#8221;][\/vc_column][\/vc_row][vc_row css_animation=&#8221;&#8221; row_type=&#8221;row&#8221; use_row_as_full_screen_section=&#8221;no&#8221; type=&#8221;grid&#8221; angled_section=&#8221;no&#8221; text_align=&#8221;left&#8221; background_image_as_pattern=&#8221;without_pattern&#8221; z_index=&#8221;&#8221;][vc_column][vc_empty_space][vc_column_text]<\/p>\n<h2>Benefici<\/h2>\n<p>[\/vc_column_text][vc_empty_space][vc_column_text]Oltre ad essere una tecnologia Plug&amp;Play, Alleantia, \u00e8 anche una tecnologia affidabile.<\/p>\n<p>&nbsp;<\/p>\n<p>Anche grazie al contributo di partners come <strong>Advantech<\/strong> per la parte hardware, nella quale finora sono stati utilizzati oltre 100 gateways, \u00e8 stato possibile implementare i progetto<strong> Industry 4.0 di Antos <\/strong>con l\u2019interconnessione del loro software aziendali BRAVO Mes, con ciascuna delle macchine richieste, anche alcune mai interconnesse prima, nei 30 progetti che abbiamo insieme portato termine con successo in modalit\u00e0 \u201c<strong>Plug&amp;Play<\/strong>\u201d.[\/vc_column_text][vc_empty_space][vc_empty_space][vc_row_inner row_type=&#8221;row&#8221; type=&#8221;full_width&#8221; text_align=&#8221;left&#8221; css_animation=&#8221;&#8221;][vc_column_inner width=&#8221;1\/2&#8243;]<div class=\"q_icon_list\"><i class=\"qode_icon_font_awesome fa fa-plus qode-ili-icon-holder transparent\" style=\"font-size: fullpx;color: #008bce;\" ><\/i><p style=\"font-size: 20px;\">Integrazione con il gestionale aziendale senza coding<\/p><\/div><div class=\"q_icon_list\"><i class=\"qode_icon_font_awesome fa fa-check qode-ili-icon-holder transparent\" style=\"color: #008bce;\" ><\/i><p style=\"font-size: 20px;\">Raccolta dati automatica direttamente dal field<\/p><\/div><div class=\"q_icon_list\"><i class=\"qode_icon_font_awesome fa fa-tachometer qode-ili-icon-holder transparent\" style=\"color: #008bce;\" ><\/i><p style=\"font-size: 20px;\">Maggiore qualit\u00e0 ed affidabilit\u00e0 produttiva<\/p><\/div><div class=\"q_icon_list\"><i class=\"qode_icon_font_awesome fa fa-repeat qode-ili-icon-holder transparent\" style=\"color: #008bce;\" ><\/i><p style=\"font-size: 20px;\">Maggior competitivit\u00e0 di prodotto e servizio<\/p><\/div>[\/vc_column_inner][vc_column_inner width=&#8221;1\/2&#8243;]<div class=\"q_icon_list\"><i class=\"qode_icon_font_awesome fa fa-industry qode-ili-icon-holder transparent\" style=\"color: #008bce;\" ><\/i><p style=\"font-size: 20px;\">Maggiore efficienza e riduzione degli sprechi<\/p><\/div><div class=\"q_icon_list\"><i class=\"qode_icon_font_awesome fa fa-sitemap qode-ili-icon-holder transparent\" style=\"color: #008bce;\" ><\/i><p style=\"font-size: 20px;\">Manutenzione predittiva degli impianti<\/p><\/div><div class=\"q_icon_list\"><i class=\"qode_icon_font_awesome fa fa-user qode-ili-icon-holder transparent\" style=\"color: #008bce;\" ><\/i><p style=\"font-size: 20px;\">Maggiore integrazione orizzontale<\/p><\/div><div class=\"q_icon_list\"><i class=\"qode_icon_font_awesome fa fa-tasks qode-ili-icon-holder transparent\" style=\"color: #008bce;\" ><\/i><p style=\"font-size: 20px;\">Migliore interazione con le macchine<\/p><\/div>[\/vc_column_inner][\/vc_row_inner][vc_empty_space][\/vc_column][\/vc_row][vc_row css_animation=&#8221;&#8221; row_type=&#8221;row&#8221; use_row_as_full_screen_section=&#8221;no&#8221; type=&#8221;grid&#8221; angled_section=&#8221;no&#8221; text_align=&#8221;left&#8221; background_image_as_pattern=&#8221;without_pattern&#8221; z_index=&#8221;&#8221;][vc_column][vc_separator type=&#8221;normal&#8221;][\/vc_column][\/vc_row][vc_row css_animation=&#8221;&#8221; row_type=&#8221;row&#8221; use_row_as_full_screen_section=&#8221;no&#8221; type=&#8221;grid&#8221; angled_section=&#8221;no&#8221; text_align=&#8221;left&#8221; background_image_as_pattern=&#8221;without_pattern&#8221; z_index=&#8221;&#8221;][vc_column][vc_empty_space][vc_row_inner row_type=&#8221;row&#8221; type=&#8221;grid&#8221; text_align=&#8221;left&#8221; css_animation=&#8221;&#8221;][vc_column_inner width=&#8221;1\/6&#8243;][\/vc_column_inner][vc_column_inner width=&#8221;2\/3&#8243;][vc_video link=&#8221;https:\/\/youtu.be\/_Q-ZIFIEoBA&#8221;][\/vc_column_inner][vc_column_inner width=&#8221;1\/6&#8243;][\/vc_column_inner][\/vc_row_inner][vc_empty_space][vc_empty_space height=&#8221;64px&#8221;][\/vc_column][\/vc_row][vc_row css_animation=&#8221;&#8221; row_type=&#8221;row&#8221; use_row_as_full_screen_section=&#8221;no&#8221; type=&#8221;grid&#8221; angled_section=&#8221;no&#8221; text_align=&#8221;left&#8221; background_image_as_pattern=&#8221;without_pattern&#8221; z_index=&#8221;&#8221; background_color=&#8221;#efefef&#8221;][vc_column width=&#8221;1\/2&#8243; css=&#8221;.vc_custom_1544778494658{padding-right: 5% !important;padding-left: 5% !important;}&#8221;][vc_empty_space height=&#8221;64px&#8221;][vc_column_text]<\/p>\n<h2 style=\"color: #0085ca;\">Approfondimenti<\/h2>\n<p>[\/vc_column_text][vc_empty_space]<a itemprop=\"url\" href=\"https:\/\/share.hsforms.com\/1AKyYB_NDR9OCNYmDLUfJAg3qwgq\" target=\"_self\" class=\"qbutton  big_large default qode-type1-gradient-left-to-right\" style=\"\" rel=\"noopener\">SCARICA USE CASE<i class=\"qode_icon_font_awesome fa fa-download qode_button_icon_element\" style=\"color: #ffffff\"><\/i><\/a>[vc_empty_space][vc_empty_space][vc_empty_space height=&#8221;64px&#8221;][\/vc_column][vc_column width=&#8221;1\/2&#8243; css=&#8221;.vc_custom_1544778502641{padding-right: 5% !important;padding-left: 5% !important;}&#8221;][vc_empty_space height=&#8221;64px&#8221;][vc_column_text]<\/p>\n<h2 style=\"color: #0085ca;\">Chiedi informazioni<\/h2>\n<p>[\/vc_column_text][vc_empty_space][vc_column_text]<\/p>\n<p><!-- [if lte IE 8]>\n<script charset=\"utf-8\" type=\"text\/javascript\" src=\"\/\/js.hsforms.net\/forms\/v2-legacy.js\"><\/script>\n<![endif]--><br \/>\n<script charset=\"utf-8\" type=\"text\/javascript\" src=\"\/\/js.hsforms.net\/forms\/v2.js\"><\/script><br \/>\n<script>\n  hbspt.forms.create({\n\tportalId: \"6293978\",\n\tformId: \"c8e1ba37-522d-45a8-b60a-c44fe109a269\",\n          onFormSubmitted: function($form) {\n                \/\/ Fire GTM event\n                if (window.dataLayer) {\n                     dataLayer.push({\n                          'event'     : 'virtualEvent',\n                          'eventName' : 'contact_general'\n                     });\n                }\n          }\n});\n<\/script><\/p>\n<p>[\/vc_column_text][vc_empty_space][vc_empty_space height=&#8221;64px&#8221;][\/vc_column][\/vc_row]<\/p>\n<\/div>","protected":false},"excerpt":{"rendered":"<p>[vc_row css_animation=&#8221;&#8221; row_type=&#8221;row&#8221; use_row_as_full_screen_section=&#8221;no&#8221; type=&#8221;grid&#8221; angled_section=&#8221;no&#8221; text_align=&#8221;left&#8221; background_image_as_pattern=&#8221;without_pattern&#8221; z_index=&#8221;&#8221;][vc_column][vc_empty_space height=&#8221;100px&#8221;][qode_elements_holder number_of_columns=&#8221;two_columns&#8221;][qode_elements_holder_item horizontal_alignment=&#8221;center&#8221; advanced_animations=&#8221;no&#8221;][vc_empty_space][vc_single_image image=&#8221;23442&#8243; img_size=&#8221;&#8221; alignment=&#8221;center&#8221; qode_css_animation=&#8221;&#8221;][vc_empty_space][\/qode_elements_holder_item][qode_elements_holder_item advanced_animations=&#8221;no&#8221;][vc_column_text] Antos [\/vc_column_text][vc_empty_space][vc_column_text]Antos\u00a0\u00e8 una software house marchigiana, che si \u00e8 distinta nel tempo per la realizzazione di software gestionali verticali molto specifici per aziende che realizzano impianti tecnologici,&#8230;<\/p>\n","protected":false},"author":10,"featured_media":0,"parent":20205,"menu_order":0,"comment_status":"closed","ping_status":"closed","template":"full_width.php","meta":{"content-type":"","footnotes":""},"class_list":["post-20113","page","type-page","status-publish","hentry"],"_links":{"self":[{"href":"https:\/\/www.alleantia.com\/it\/wp-json\/wp\/v2\/pages\/20113","targetHints":{"allow":["GET"]}}],"collection":[{"href":"https:\/\/www.alleantia.com\/it\/wp-json\/wp\/v2\/pages"}],"about":[{"href":"https:\/\/www.alleantia.com\/it\/wp-json\/wp\/v2\/types\/page"}],"author":[{"embeddable":true,"href":"https:\/\/www.alleantia.com\/it\/wp-json\/wp\/v2\/users\/10"}],"replies":[{"embeddable":true,"href":"https:\/\/www.alleantia.com\/it\/wp-json\/wp\/v2\/comments?post=20113"}],"version-history":[{"count":0,"href":"https:\/\/www.alleantia.com\/it\/wp-json\/wp\/v2\/pages\/20113\/revisions"}],"up":[{"embeddable":true,"href":"https:\/\/www.alleantia.com\/it\/wp-json\/wp\/v2\/pages\/20205"}],"wp:attachment":[{"href":"https:\/\/www.alleantia.com\/it\/wp-json\/wp\/v2\/media?parent=20113"}],"curies":[{"name":"wp","href":"https:\/\/api.w.org\/{rel}","templated":true}]}}