{"id":20187,"date":"2019-09-16T14:00:16","date_gmt":"2019-09-16T12:00:16","guid":{"rendered":"https:\/\/www.alleantia.com\/products\/alleantia-xpango-library-of-things\/"},"modified":"2026-02-16T17:34:36","modified_gmt":"2026-02-16T16:34:36","slug":"alleantia-xpango-library-of-things","status":"publish","type":"page","link":"https:\/\/www.alleantia.com\/it\/products\/alleantia-xpango-library-of-things\/","title":{"rendered":"Alleantia XPango Library of Things"},"content":{"rendered":"<div class=\"wpb-content-wrapper\"><p>[vc_row css_animation=&#8221;&#8221; row_type=&#8221;row&#8221; use_row_as_full_screen_section=&#8221;no&#8221; type=&#8221;full_width&#8221; angled_section=&#8221;no&#8221; text_align=&#8221;left&#8221; background_image_as_pattern=&#8221;without_pattern&#8221; row_negative_margin=&#8221;disable_negative_margin&#8221; anchor=&#8221;benefit&#8221; css=&#8221;.vc_custom_1726826239650{margin-top: 0px !important;margin-right: 0px !important;margin-bottom: 0px !important;margin-left: 0px !important;}&#8221; z_index=&#8221;&#8221; el_class=&#8221;header&#8221;][vc_column offset=&#8221;vc_hidden-sm vc_hidden-xs&#8221;][vc_empty_space height=&#8221;64px&#8221;][vc_row_inner row_type=&#8221;row&#8221; type=&#8221;grid&#8221; text_align=&#8221;left&#8221; css_animation=&#8221;&#8221;][vc_column_inner][qode_elements_holder number_of_columns=&#8221;one_column&#8221;][qode_elements_holder_item vertical_alignment=&#8221;middle&#8221; advanced_animations=&#8221;no&#8221; item_padding=&#8221;64px&#8221;][vc_column_text css=&#8221;&#8221;]<\/p>\n<h1 style=\"color: #fff;\">Machine Drivers Library<\/h1>\n<p>&nbsp;<\/p>\n<h2 style=\"color: #fff; line-height: normal; font-size: 1.5rem;\">Driver IoT per connettere macchine industriali rapidamente<\/h2>\n<p>&nbsp;<\/p>\n<div style=\"clear: both; text-align: left;\"><\/div>\n<div class=\"button-container-left\" style=\"text-align: left;\"><a href=\"https:\/\/www.alleantia.com\/it\/chiedi-ai-nostri-esperti\/\" target=\"_blank\" rel=\"noopener\"><button class=\"btn btn-primary\">Richiedi Info<\/button><\/a><br \/>\n<a href=\"https:\/\/www.alleantia.com\/it\/prenota-una-demo\/\" target=\"_blank\" rel=\"noopener\"><button class=\"btn btn-secondary\">Prenota Demo<\/button><\/a><\/div>\n<p>[\/vc_column_text][\/qode_elements_holder_item][\/qode_elements_holder][\/vc_column_inner][\/vc_row_inner][\/vc_column][\/vc_row][vc_row css_animation=&#8221;&#8221; row_type=&#8221;row&#8221; use_row_as_full_screen_section=&#8221;no&#8221; type=&#8221;full_width&#8221; angled_section=&#8221;no&#8221; text_align=&#8221;left&#8221; background_image_as_pattern=&#8221;without_pattern&#8221; row_negative_margin=&#8221;disable_negative_margin&#8221; anchor=&#8221;benefit&#8221; css=&#8221;.vc_custom_1767890277278{margin-top: 0px !important;margin-right: 0px !important;margin-bottom: 0px !important;margin-left: 0px !important;}&#8221; z_index=&#8221;&#8221; el_class=&#8221;header&#8221;][vc_column offset=&#8221;vc_hidden-lg vc_hidden-md&#8221;][vc_empty_space height=&#8221;64px&#8221;][vc_empty_space height=&#8221;64px&#8221;][\/vc_column][\/vc_row][vc_row css_animation=&#8221;&#8221; row_type=&#8221;row&#8221; use_row_as_full_screen_section=&#8221;no&#8221; type=&#8221;full_width&#8221; angled_section=&#8221;no&#8221; text_align=&#8221;left&#8221; background_image_as_pattern=&#8221;without_pattern&#8221; row_negative_margin=&#8221;disable_negative_margin&#8221; anchor=&#8221;benefit&#8221; css=&#8221;.vc_custom_1767889303779{margin-top: 0px !important;margin-right: 0px !important;margin-bottom: 0px !important;margin-left: 0px !important;background-color: #2C2B2B !important;}&#8221; z_index=&#8221;&#8221;][vc_column offset=&#8221;vc_hidden-lg vc_hidden-md&#8221;][vc_empty_space height=&#8221;64px&#8221;][vc_column_text css=&#8221;&#8221;]<\/p>\n<h1 style=\"color: #fff;\">Machine Driver Library<\/h1>\n<p>&nbsp;<\/p>\n<h2 style=\"color: #fff; line-height: normal; font-size: 1.5rem;\">Driver IoT per connettere macchine industriali rapidamente<\/h2>\n<p>&nbsp;<\/p>\n<div style=\"clear: both; text-align: left;\"><\/div>\n<div class=\"button-container-left\" style=\"text-align: left;\"><a href=\"https:\/\/www.alleantia.com\/it\/chiedi-ai-nostri-esperti\/\" target=\"_blank\" rel=\"noopener\"><button class=\"btn btn-primary\">Richiedi Info<\/button><\/a><br \/>\n<a href=\"https:\/\/www.alleantia.com\/it\/prenota-una-demo\/\" target=\"_blank\" rel=\"noopener\"><button class=\"btn btn-secondary\">Prenota Demo<\/button><\/a><\/div>\n<p>[\/vc_column_text][vc_empty_space height=&#8221;64px&#8221;][\/vc_column][\/vc_row][vc_row css_animation=&#8221;&#8221; row_type=&#8221;row&#8221; use_row_as_full_screen_section=&#8221;no&#8221; type=&#8221;grid&#8221; angled_section=&#8221;no&#8221; text_align=&#8221;left&#8221; background_image_as_pattern=&#8221;without_pattern&#8221;][vc_column][vc_empty_space height=&#8221;40px&#8221;][qode_elements_holder number_of_columns=&#8221;two_columns&#8221;][qode_elements_holder_item advanced_animations=&#8221;no&#8221; item_padding=&#8221;16px&#8221;][vc_column_text css=&#8221;&#8221;]<span style=\"font-weight: 400;\">La <strong>Library of Things<\/strong> di Alleantia \u00e8 una libreria con oltre <strong>5.000 driver industriali preconfigurati <\/strong>per collegare qualsiasi macchina, sensore o dispositivo al tuo ecosistema digitale senza sviluppo custom e senza scrivere codice.<\/span>[\/vc_column_text][\/qode_elements_holder_item][qode_elements_holder_item vertical_alignment=&#8221;top&#8221; advanced_animations=&#8221;no&#8221; item_padding=&#8221;16px&#8221;][vc_column_text css=&#8221;&#8221;]<span style=\"font-weight: 400;\">I driver consentono di acquisire <strong>dati operativi (OT)<\/strong> dai tuoi asset e convertirli in un formato utilizzabile dalle applicazioni aziendali e dalle piattaforme cloud, rendendo la <strong>digitalizzazione e l&#8217;integrazione IoT<\/strong> semplice, veloce e scalabile.<\/span>[\/vc_column_text][\/qode_elements_holder_item][\/qode_elements_holder][vc_empty_space][vc_video link=&#8221;https:\/\/www.youtube.com\/watch?v=UppouJii5Qw&#8221; align=&#8221;center&#8221;][vc_empty_space height=&#8221;16px&#8221;][vc_column_text]<\/p>\n<h3 style=\"text-decoration: underline;\"><a href=\"https:\/\/kb.alleantia.com\/discover-alleantia-xpango-library-of-things\" target=\"_blank\" rel=\"noopener\"><b>Alleantia Library of &lt;Things&gt;<\/b><\/a><\/h3>\n<p>[\/vc_column_text][vc_empty_space height=&#8221;16px&#8221;][vc_column_text css=&#8221;&#8221;]Con l\u2019aumento della quantit\u00e0 di dati grezzi provenienti dai dispositivi industriali, il lavoro per raccogliere i dati e unificarli in modo che possano essere trasferiti ed elaborati dall\u2019<strong>app\/cloud industriale<\/strong>\u00a0aumenta in maniera esponenziale.\u00a0<strong>Alleantia automatizza questo processo, in pochi minuti e completamente ZERO CODING!<\/strong>[\/vc_column_text][vc_empty_space height=&#8221;40px&#8221;][qode_elements_holder number_of_columns=&#8221;two_columns&#8221;][qode_elements_holder_item advanced_animations=&#8221;no&#8221;][vc_column_text]<\/p>\n<h3>Comunichiamo facilmente con questi Protocolli di Comunicazione Nativa:<\/h3>\n<p>[\/vc_column_text][\/qode_elements_holder_item][qode_elements_holder_item advanced_animations=&#8221;no&#8221;][vc_column_text]<\/p>\n<section class=\"slide-option\">\n<div class=\"container\"><\/div>\n<div id=\"infinite\" class=\"highway-slider\">\n<div class=\"container highway-barrier\">\n<ul class=\"highway-lane\">\n<li class=\"highway-car\"><img decoding=\"async\" src=\"https:\/\/www.alleantia.com\/wp-content\/uploads\/2019\/09\/fanuc_bw.png\" alt=\"fanuc\" \/><\/li>\n<li class=\"highway-car\"><img decoding=\"async\" src=\"https:\/\/www.alleantia.com\/wp-content\/uploads\/2019\/09\/heidenhain_bw.png\" alt=\"heidenhain\" \/><\/li>\n<li class=\"highway-car\"><img decoding=\"async\" src=\"https:\/\/www.alleantia.com\/wp-content\/uploads\/2019\/09\/melsec.png\" alt=\"melsec\" \/><\/li>\n<li class=\"highway-car\"><img decoding=\"async\" src=\"https:\/\/www.alleantia.com\/wp-content\/uploads\/2021\/11\/mitsubishi_BW.png\" alt=\"mitsubishi\" \/><\/li>\n<li class=\"highway-car\"><img decoding=\"async\" src=\"https:\/\/www.alleantia.com\/wp-content\/uploads\/2019\/09\/modbus_bw.png\" alt=\"modbus\" \/><\/li>\n<li class=\"highway-car\"><img decoding=\"async\" src=\"https:\/\/www.alleantia.com\/wp-content\/uploads\/2019\/09\/mqtt-bw.png\" alt=\"mqtt\" \/><\/li>\n<li class=\"highway-car\"><img decoding=\"async\" src=\"https:\/\/www.alleantia.com\/wp-content\/uploads\/2019\/09\/mtconnect-bw.png\" alt=\"mtconnect\" \/><\/li>\n<li class=\"highway-car\"><img decoding=\"async\" src=\"https:\/\/www.alleantia.com\/wp-content\/uploads\/2019\/09\/nmea-bw.png\" alt=\"nmea\" \/><\/li>\n<li class=\"highway-car\"><img decoding=\"async\" src=\"https:\/\/www.alleantia.com\/wp-content\/uploads\/2019\/09\/omronfins-bw.png\" alt=\"omron_fins\" \/><\/li>\n<li class=\"highway-car\"><img decoding=\"async\" src=\"https:\/\/www.alleantia.com\/wp-content\/uploads\/2019\/09\/opc-da_bw.png\" alt=\"opc_da\" \/><\/li>\n<li class=\"highway-car\"><img decoding=\"async\" src=\"https:\/\/www.alleantia.com\/wp-content\/uploads\/2022\/03\/opc_ua_logo_BW.png\" alt=\"opc_ua\" \/><\/li>\n<li class=\"highway-car\"><img decoding=\"async\" src=\"https:\/\/www.alleantia.com\/wp-content\/uploads\/2019\/09\/profinet_bw.png\" alt=\"profinet\" \/><\/li>\n<li class=\"highway-car\"><img decoding=\"async\" src=\"https:\/\/www.alleantia.com\/wp-content\/uploads\/2019\/09\/siemens-bw.png\" alt=\"siemens\" \/><\/li>\n<li class=\"highway-car\"><img decoding=\"async\" src=\"https:\/\/www.alleantia.com\/wp-content\/uploads\/2020\/03\/siemens-s7-B_W-2.png\" alt=\"siemens_s7\" \/><\/li>\n<li class=\"highway-car\"><img decoding=\"async\" src=\"https:\/\/www.alleantia.com\/wp-content\/uploads\/2019\/09\/ethernetip-bw.png\" alt=\"ethernet_ip\" \/><\/li>\n<li class=\"highway-car\"><img decoding=\"async\" src=\"https:\/\/www.alleantia.com\/wp-content\/uploads\/2019\/09\/euromap-bw.png\" alt=\"euromap\" \/><\/li>\n<\/ul>\n<\/div>\n<\/div>\n<\/section>\n<p>[\/vc_column_text][\/qode_elements_holder_item][\/qode_elements_holder][vc_empty_space][\/vc_column][\/vc_row][vc_row css_animation=&#8221;&#8221; row_type=&#8221;row&#8221; use_row_as_full_screen_section=&#8221;no&#8221; type=&#8221;full_width&#8221; angled_section=&#8221;no&#8221; text_align=&#8221;left&#8221; background_image_as_pattern=&#8221;without_pattern&#8221; z_index=&#8221;&#8221; css=&#8221;.vc_custom_1768301995829{background-color: #EFF2FF !important;}&#8221;][vc_column][vc_empty_space][vc_empty_space][vc_row_inner row_type=&#8221;row&#8221; type=&#8221;grid&#8221; text_align=&#8221;left&#8221; css_animation=&#8221;&#8221;][vc_column_inner css=&#8221;.vc_custom_1645528998719{padding-right: 32px !important;padding-left: 32px !important;}&#8221;][vc_column_text css=&#8221;&#8221;]<\/p>\n<h2 style=\"text-align: center;\"><b>Cosa puoi fare<\/b><\/h2>\n<p>[\/vc_column_text][vc_empty_space][vc_column_text css=&#8221;&#8221;]<\/p>\n<h4><span style=\"font-weight: 400;\">Grazie ai <strong>5000+ driver preconfigurati<\/strong>, presenti nella <strong>libreria Alleantia<\/strong>, non dovrai pi\u00f9 spendere tempo per codificare, programmare e testare, perch\u00e9 ci abbiamo gi\u00e0 pensato noi!<\/span><\/h4>\n<p>[\/vc_column_text][\/vc_column_inner][\/vc_row_inner][vc_empty_space][vc_row_inner row_type=&#8221;row&#8221; type=&#8221;grid&#8221; text_align=&#8221;left&#8221; css_animation=&#8221;&#8221; css=&#8221;.vc_custom_1645526806417{padding-right: 64px !important;padding-left: 64px !important;}&#8221;][vc_column_inner width=&#8221;1\/2&#8243; css=&#8221;.vc_custom_1768814765968{padding-top: 32px !important;padding-right: 32px !important;padding-bottom: 32px !important;padding-left: 32px !important;}&#8221;][vc_column_text css=&#8221;&#8221;]<\/p>\n<h3>Connetti e digitalizza tutte le tue macchine<\/h3>\n<p>&nbsp;<\/p>\n<h5><\/h5>\n<h5>1.\u00a0 <strong style=\"color: #cc3000;\">Accedi a oltre 5000 Driver<\/strong> per PLC, CNC, sensori, attuatori e dispositivi legacy<\/h5>\n<p>&nbsp;<\/p>\n<h5>2. <strong style=\"color: #cc3000;\">Connetti gli asset<\/strong> industriali ai sistemi IT (ERP, MES, cloud) senza programmazione<\/h5>\n<p>&nbsp;<\/p>\n<h5>3. <strong style=\"color: #cc3000;\">Riduci tempi e costi di integrazione<\/strong> con soluzioni plug &amp; play<\/h5>\n<p>[\/vc_column_text][vc_empty_space][\/vc_column_inner][vc_column_inner width=&#8221;1\/2&#8243; css=&#8221;.vc_custom_1768814799714{padding-top: 32px !important;padding-right: 32px !important;padding-bottom: 32px !important;padding-left: 32px !important;}&#8221;][vc_column_text css=&#8221;&#8221;]<\/p>\n<h3>Vantaggi principali<\/h3>\n<p>&nbsp;<\/p>\n<p><span data-teams=\"true\"><strong>Zero Coding<\/strong> \u2013 nessuno sviluppo software necessario<\/span><\/p>\n<p><span data-teams=\"true\"><br \/>\n<strong>Ampia copertura protocolli<\/strong> \u2013 supporto Modbus, Siemens S7, OPC-UA e altri<\/span><\/p>\n<p><span data-teams=\"true\"><br \/>\n<strong>Digital Twin<\/strong> \u2013 crea repliche virtuali per monitoraggio e analisi<\/span><\/p>\n<p><span data-teams=\"true\"><br \/>\n<strong>Scalabilit\u00e0 immediata<\/strong> \u2013 aggiungi nuovi device in pochi clic<\/span>[\/vc_column_text][\/vc_column_inner][\/vc_row_inner][vc_row_inner row_type=&#8221;row&#8221; type=&#8221;grid&#8221; text_align=&#8221;left&#8221; css_animation=&#8221;&#8221; css=&#8221;.vc_custom_1645526806417{padding-right: 64px !important;padding-left: 64px !important;}&#8221;][vc_column_inner css=&#8221;.vc_custom_1645525622560{padding-top: 32px !important;padding-right: 32px !important;padding-bottom: 32px !important;padding-left: 32px !important;}&#8221;][vc_empty_space][vc_column_text css=&#8221;&#8221;]La<strong>\u00a0libreria Alleantia<\/strong>\u00a0non ha bisogno di alcun tipo di programma di installazione ed \u00e8 la<strong>\u00a0soluzione pi\u00f9 versatile sul mercato<\/strong> in grado di controllare i progressi di produzione dei dispositivi.[\/vc_column_text][\/vc_column_inner][\/vc_row_inner][vc_empty_space][\/vc_column][\/vc_row][vc_row css_animation=&#8221;&#8221; row_type=&#8221;row&#8221; use_row_as_full_screen_section=&#8221;no&#8221; type=&#8221;full_width&#8221; angled_section=&#8221;no&#8221; text_align=&#8221;left&#8221; background_image_as_pattern=&#8221;without_pattern&#8221; z_index=&#8221;&#8221;][vc_column][vc_row_inner row_type=&#8221;row&#8221; type=&#8221;grid&#8221; text_align=&#8221;left&#8221; css_animation=&#8221;&#8221; css=&#8221;.vc_custom_1681207505533{padding-top: 16px !important;padding-right: 20px !important;padding-bottom: 16px !important;padding-left: 20px !important;}&#8221;][vc_column_inner css=&#8221;.vc_custom_1645527821536{padding-top: 32px !important;padding-right: 32px !important;padding-left: 32px !important;}&#8221;][vc_column_text css=&#8221;&#8221;]<\/p>\n<h2 style=\"text-align: center;\"><b>Driver su misura con il <span style=\"text-decoration: underline;\">Driver editor<\/span><\/b><\/h2>\n<p>[\/vc_column_text][\/vc_column_inner][\/vc_row_inner][vc_empty_space height=&#8221;16px&#8221;][vc_row_inner row_type=&#8221;row&#8221; type=&#8221;grid&#8221; text_align=&#8221;left&#8221; css_animation=&#8221;&#8221; css=&#8221;.vc_custom_1695892601934{padding-top: 20px !important;padding-right: 20px !important;padding-bottom: 20px !important;padding-left: 20px !important;}&#8221;][vc_column_inner width=&#8221;1\/3&#8243; css=&#8221;.vc_custom_1645529249841{padding-top: 32px !important;padding-right: 32px !important;padding-bottom: 32px !important;padding-left: 32px !important;}&#8221;][vc_column_text css=&#8221;&#8221;]Se non trovi un driver adatto nella libreria pubblica, puoi crearne uno personalizzato con il <strong>Driver Editor <\/strong>e salvarlo nella tua<strong> Private Library<\/strong>. Questo ti permette di gestire dispositivi specifici in modo sicuro e integrato nel tuo gateway IoT.[\/vc_column_text][\/vc_column_inner][vc_column_inner width=&#8221;1\/3&#8243; css=&#8221;.vc_custom_1645530815532{padding-top: 32px !important;padding-right: 32px !important;padding-bottom: 32px !important;padding-left: 32px !important;}&#8221;][vc_column_text css=&#8221;&#8221;]<\/p>\n<div class=\"blocchi\">\n<h3>La tua Library<\/h3>\n<span data-type=\"normal\"  class=\"qode_icon_shortcode  q_font_awsome_icon fa-2x  \" style=\"margin: 20px; \"><i class=\"qode_icon_font_awesome fa fad fa-book qode_icon_element\" style=\"color: #0085ca;\" ><\/i><\/span>\n<p><a class=\"btn btn-primary\" href=\"https:\/\/kb.alleantia.com\/create-your-own-private-library-of-things\" target=\"blank\" rel=\"noopener\"><strong>Private Library<\/strong><\/a><\/p>\n<p>&nbsp;<\/p><\/div>\n<p>[\/vc_column_text][\/vc_column_inner][vc_column_inner width=&#8221;1\/3&#8243; css=&#8221;.vc_custom_1645530831737{padding-top: 32px !important;padding-right: 32px !important;padding-bottom: 32px !important;padding-left: 32px !important;}&#8221;][vc_column_text css=&#8221;&#8221;]<\/p>\n<div class=\"blocchi\">\n<h3>Crea il tuo Driver<\/h3>\n<span data-type=\"normal\"  class=\"qode_icon_shortcode  q_font_awsome_icon fa-2x  \" style=\"margin: 20px; \"><i class=\"qode_icon_font_awesome fa fa-solid fa-gear qode_icon_element\" style=\"color: #0085ca;\" ><\/i><\/span>\n<p><a class=\"btn btn-primary\" href=\"https:\/\/kb.alleantia.com\/how-can-i-create-a-driver\" target=\"blank\" rel=\"noopener\"><strong>Driver Editor<\/strong><\/a><\/p>\n<p>&nbsp;<\/p><\/div>\n<p>[\/vc_column_text][\/vc_column_inner][\/vc_row_inner][\/vc_column][\/vc_row][vc_row css_animation=&#8221;&#8221; row_type=&#8221;row&#8221; use_row_as_full_screen_section=&#8221;no&#8221; type=&#8221;full_width&#8221; angled_section=&#8221;no&#8221; text_align=&#8221;left&#8221; background_image_as_pattern=&#8221;without_pattern&#8221; z_index=&#8221;&#8221;][vc_column][vc_row_inner row_type=&#8221;row&#8221; type=&#8221;grid&#8221; text_align=&#8221;left&#8221; css_animation=&#8221;&#8221; css=&#8221;.vc_custom_1695891016572{padding-top: 20px !important;padding-right: 20px !important;padding-bottom: 20px !important;padding-left: 20px !important;}&#8221; el_class=&#8221;azzurro_bg&#8221;][vc_column_inner width=&#8221;1\/2&#8243; css=&#8221;.vc_custom_1645528252080{padding-top: 32px !important;padding-right: 32px !important;padding-bottom: 32px !important;padding-left: 32px !important;}&#8221;][vc_column_text css=&#8221;&#8221;]<\/p>\n<h3 style=\"color: #ffffff;\"><strong>Devi connettere un motore, un sensore, un cobot?<\/strong><\/h3>\n<p>&nbsp;<\/p>\n<p style=\"color: #ffffff;\">Qualsiasi dispositivo industriale tu debba connettere nella nostra libreria troverai la soluzione IoT: il suo driver con il relativo protocollo di comunicazione.<\/p>\n<p>[\/vc_column_text][\/vc_column_inner][vc_column_inner width=&#8221;1\/2&#8243; css=&#8221;.vc_custom_1645525006616{padding-top: 32px !important;padding-right: 32px !important;padding-bottom: 32px !important;padding-left: 32px !important;}&#8221;][vc_column_text css=&#8221;&#8221;]<\/p>\n<div class=\"blocchi\">\n<h3>Sfoglia l&#8217;intera libreria di connettori<\/h3>\n<span data-type=\"normal\"  class=\"qode_icon_shortcode  q_font_awsome_icon fa-2x  \" style=\"margin: 20px; \"><i class=\"qode_icon_font_awesome fa fad fa-book qode_icon_element\" style=\"color: #0085ca;\" ><\/i><\/span>\n<p><a class=\"btn btn-secondary\" href=\"https:\/\/cloud.alleantia.com\/info\/products.zul?hsCtaTracking=9c023b3b-5f14-4918-a332-dd6778d860f2|bae44c31-9dbf-460f-ae64-70b23e7089c4\" target=\"blank\" rel=\"noopener\"><strong>Library of &lt;Things&gt;<\/strong><\/a><\/p>\n<p>&nbsp;<\/p><\/div>\n<p>[\/vc_column_text][\/vc_column_inner][\/vc_row_inner][vc_empty_space][\/vc_column][\/vc_row][vc_row css_animation=&#8221;&#8221; row_type=&#8221;row&#8221; use_row_as_full_screen_section=&#8221;no&#8221; type=&#8221;full_width&#8221; angled_section=&#8221;no&#8221; text_align=&#8221;left&#8221; background_image_as_pattern=&#8221;without_pattern&#8221;][vc_column][vc_row_inner row_type=&#8221;row&#8221; type=&#8221;grid&#8221; text_align=&#8221;left&#8221; css_animation=&#8221;&#8221;][vc_column_inner width=&#8221;1\/4&#8243;][vc_empty_space height=&#8221;40px&#8221;][vc_single_image image=&#8221;16679&#8243; img_size=&#8221;large&#8221; alignment=&#8221;center&#8221; qode_css_animation=&#8221;&#8221;][\/vc_column_inner][vc_column_inner width=&#8221;1\/4&#8243;][vc_empty_space height=&#8221;40px&#8221;][vc_single_image image=&#8221;16681&#8243; img_size=&#8221;large&#8221; alignment=&#8221;center&#8221; qode_css_animation=&#8221;&#8221;][\/vc_column_inner][vc_column_inner width=&#8221;1\/4&#8243;][vc_empty_space height=&#8221;40px&#8221;][vc_single_image image=&#8221;16686&#8243; img_size=&#8221;large&#8221; alignment=&#8221;center&#8221; qode_css_animation=&#8221;&#8221;][\/vc_column_inner][vc_column_inner width=&#8221;1\/4&#8243;][vc_single_image image=&#8221;16688&#8243; img_size=&#8221;large&#8221; alignment=&#8221;center&#8221; qode_css_animation=&#8221;&#8221;][\/vc_column_inner][\/vc_row_inner][vc_empty_space height=&#8221;80px&#8221;][\/vc_column][\/vc_row][vc_row css_animation=&#8221;&#8221; row_type=&#8221;row&#8221; use_row_as_full_screen_section=&#8221;no&#8221; type=&#8221;grid&#8221; angled_section=&#8221;no&#8221; text_align=&#8221;left&#8221; background_image_as_pattern=&#8221;without_pattern&#8221; padding_top=&#8221;70&#8243; padding_bottom=&#8221;110&#8243; z_index=&#8221;&#8221; css=&#8221;.vc_custom_1771259680481{background-image: url(https:\/\/www.alleantia.com\/wp-content\/uploads\/2026\/02\/footerbg.jpg?id=25939) !important;}&#8221;][vc_column width=&#8221;1\/4&#8243;][\/vc_column][vc_column width=&#8221;1\/2&#8243;][vc_empty_space][vc_column_text css=&#8221;&#8221;]<\/p>\n<h3 style=\"color: #ffffff; font-size: 3.5rem; font-weight: 800; line-height: normal; text-align: center;\"><strong>Pronto a connettere la tua fabbrica?<\/strong><\/h3>\n<p>[\/vc_column_text][vc_empty_space][vc_column_text css=&#8221;&#8221;]<\/p>\n<h3 style=\"color: #ffffff; font-size: 1.5rem; line-height: normal; text-align: center;\"><strong>Prova Alleantia Core e collega in pochi minuti qualsiasi macchina o dispositivo.<\/strong><\/h3>\n<p>[\/vc_column_text][vc_empty_space][vc_column_text css=&#8221;&#8221;]<\/p>\n<div class=\"button-container\"><a href=\"https:\/\/www.alleantia.com\/it\/chiedi-ai-nostri-esperti\/\" target=\"_blank\" rel=\"noopener\"><button class=\"btn btn-primary\">Richiedi Info<\/button><\/a><br \/>\n<a href=\"https:\/\/www.alleantia.com\/it\/prenota-una-demo\/\" target=\"_blank\" rel=\"noopener\"><button class=\"btn btn-secondary\">Prenota Demo<\/button><\/a><\/div>\n<p>[\/vc_column_text][vc_empty_space][\/vc_column][vc_column width=&#8221;1\/4&#8243;][\/vc_column][\/vc_row]<\/p>\n<\/div>","protected":false},"excerpt":{"rendered":"<p>[vc_row css_animation=&#8221;&#8221; row_type=&#8221;row&#8221; use_row_as_full_screen_section=&#8221;no&#8221; type=&#8221;full_width&#8221; angled_section=&#8221;no&#8221; text_align=&#8221;left&#8221; background_image_as_pattern=&#8221;without_pattern&#8221; row_negative_margin=&#8221;disable_negative_margin&#8221; anchor=&#8221;benefit&#8221; css=&#8221;.vc_custom_1726826239650{margin-top: 0px !important;margin-right: 0px !important;margin-bottom: 0px !important;margin-left: 0px !important;}&#8221; z_index=&#8221;&#8221; el_class=&#8221;header&#8221;][vc_column offset=&#8221;vc_hidden-sm vc_hidden-xs&#8221;][vc_empty_space height=&#8221;64px&#8221;][vc_row_inner row_type=&#8221;row&#8221; type=&#8221;grid&#8221; text_align=&#8221;left&#8221; css_animation=&#8221;&#8221;][vc_column_inner][qode_elements_holder number_of_columns=&#8221;one_column&#8221;][qode_elements_holder_item vertical_alignment=&#8221;middle&#8221; advanced_animations=&#8221;no&#8221; item_padding=&#8221;64px&#8221;][vc_column_text css=&#8221;&#8221;] Machine Drivers Library &nbsp; Driver IoT per connettere macchine industriali rapidamente &nbsp;&#8230;<\/p>\n","protected":false},"author":2,"featured_media":0,"parent":20185,"menu_order":0,"comment_status":"closed","ping_status":"closed","template":"full_width.php","meta":{"content-type":"","footnotes":""},"class_list":["post-20187","page","type-page","status-publish","hentry"],"_links":{"self":[{"href":"https:\/\/www.alleantia.com\/it\/wp-json\/wp\/v2\/pages\/20187","targetHints":{"allow":["GET"]}}],"collection":[{"href":"https:\/\/www.alleantia.com\/it\/wp-json\/wp\/v2\/pages"}],"about":[{"href":"https:\/\/www.alleantia.com\/it\/wp-json\/wp\/v2\/types\/page"}],"author":[{"embeddable":true,"href":"https:\/\/www.alleantia.com\/it\/wp-json\/wp\/v2\/users\/2"}],"replies":[{"embeddable":true,"href":"https:\/\/www.alleantia.com\/it\/wp-json\/wp\/v2\/comments?post=20187"}],"version-history":[{"count":0,"href":"https:\/\/www.alleantia.com\/it\/wp-json\/wp\/v2\/pages\/20187\/revisions"}],"up":[{"embeddable":true,"href":"https:\/\/www.alleantia.com\/it\/wp-json\/wp\/v2\/pages\/20185"}],"wp:attachment":[{"href":"https:\/\/www.alleantia.com\/it\/wp-json\/wp\/v2\/media?parent=20187"}],"curies":[{"name":"wp","href":"https:\/\/api.w.org\/{rel}","templated":true}]}}