{"id":20197,"date":"2019-09-16T15:40:30","date_gmt":"2019-09-16T13:40:30","guid":{"rendered":"https:\/\/www.alleantia.com\/soluzioni\/produttori-di-macchine\/"},"modified":"2026-01-12T15:49:42","modified_gmt":"2026-01-12T14:49:42","slug":"produttori-di-macchine","status":"publish","type":"page","link":"https:\/\/www.alleantia.com\/it\/why-alleantia\/produttori-di-macchine\/","title":{"rendered":"Produttori di Macchine"},"content":{"rendered":"<div class=\"wpb-content-wrapper\"><p>[vc_row css_animation=&#8221;&#8221; row_type=&#8221;row&#8221; use_row_as_full_screen_section=&#8221;no&#8221; type=&#8221;full_width&#8221; angled_section=&#8221;no&#8221; text_align=&#8221;left&#8221; background_image_as_pattern=&#8221;without_pattern&#8221; row_negative_margin=&#8221;disable_negative_margin&#8221; anchor=&#8221;benefit&#8221; css=&#8221;.vc_custom_1726826239650{margin-top: 0px !important;margin-right: 0px !important;margin-bottom: 0px !important;margin-left: 0px !important;}&#8221; z_index=&#8221;&#8221; el_class=&#8221;header&#8221;][vc_column offset=&#8221;vc_hidden-sm vc_hidden-xs&#8221;][vc_empty_space height=&#8221;64px&#8221;][vc_row_inner row_type=&#8221;row&#8221; type=&#8221;grid&#8221; text_align=&#8221;left&#8221; css_animation=&#8221;&#8221;][vc_column_inner][qode_elements_holder number_of_columns=&#8221;one_column&#8221;][qode_elements_holder_item vertical_alignment=&#8221;middle&#8221; advanced_animations=&#8221;no&#8221; item_padding=&#8221;64px&#8221;][vc_column_text css=&#8221;&#8221;]<\/p>\n<h1 style=\"color: #fff;\">Costruttori di macchine<\/h1>\n<p>&nbsp;<\/p>\n<h2 style=\"color: #fff; font-size: 1.5rem; line-height: normal; font-weight: 300;\">Connettivit\u00e0, dati e servizi digitali per i costruttori di macchine<\/h2>\n<p>&nbsp;<\/p>\n<div style=\"clear: both; text-align: left;\"><\/div>\n<div class=\"button-container-left\" style=\"text-align: left;\"><a href=\"https:\/\/www.alleantia.com\/it\/chiedi-ai-nostri-esperti\/\" target=\"_blank\" rel=\"noopener\"><button class=\"btn btn-primary\">Richiedi Info<\/button><\/a><br \/>\n<a href=\"https:\/\/www.alleantia.com\/it\/prenota-una-demo\/\" target=\"_blank\" rel=\"noopener\"><button class=\"btn btn-secondary\">Prenota Demo<\/button><\/a><\/div>\n<p>[\/vc_column_text][\/qode_elements_holder_item][\/qode_elements_holder][\/vc_column_inner][\/vc_row_inner][\/vc_column][\/vc_row][vc_row css_animation=&#8221;&#8221; row_type=&#8221;row&#8221; use_row_as_full_screen_section=&#8221;no&#8221; type=&#8221;full_width&#8221; angled_section=&#8221;no&#8221; text_align=&#8221;left&#8221; background_image_as_pattern=&#8221;without_pattern&#8221; row_negative_margin=&#8221;disable_negative_margin&#8221; anchor=&#8221;benefit&#8221; css=&#8221;.vc_custom_1768209999259{margin-top: 0px !important;margin-right: 0px !important;margin-bottom: 0px !important;margin-left: 0px !important;}&#8221; z_index=&#8221;&#8221; el_class=&#8221;header&#8221;][vc_column offset=&#8221;vc_hidden-lg vc_hidden-md&#8221;][vc_empty_space height=&#8221;64px&#8221;][vc_empty_space height=&#8221;64px&#8221;][\/vc_column][\/vc_row][vc_row css_animation=&#8221;&#8221; row_type=&#8221;row&#8221; use_row_as_full_screen_section=&#8221;no&#8221; type=&#8221;full_width&#8221; angled_section=&#8221;no&#8221; text_align=&#8221;left&#8221; background_image_as_pattern=&#8221;without_pattern&#8221; row_negative_margin=&#8221;disable_negative_margin&#8221; anchor=&#8221;benefit&#8221; css=&#8221;.vc_custom_1767889303779{margin-top: 0px !important;margin-right: 0px !important;margin-bottom: 0px !important;margin-left: 0px !important;background-color: #2C2B2B !important;}&#8221; z_index=&#8221;&#8221;][vc_column offset=&#8221;vc_hidden-lg vc_hidden-md&#8221;][vc_empty_space height=&#8221;64px&#8221;][vc_column_text css=&#8221;&#8221;]<\/p>\n<h1 style=\"color: #fff;\">Costruttori di macchine<\/h1>\n<p>&nbsp;<\/p>\n<h2 style=\"color: #fff; line-height: normal; font-size: 1.5rem;\">Connettivit\u00e0, dati e servizi digitali per i costruttori di macchine<\/h2>\n<p>&nbsp;<\/p>\n<div style=\"clear: both; text-align: left;\"><\/div>\n<div class=\"button-container-left\" style=\"text-align: left;\"><a href=\"https:\/\/www.alleantia.com\/it\/chiedi-ai-nostri-esperti\/\" target=\"_blank\" rel=\"noopener\"><button class=\"btn btn-primary\">Richiedi Info<\/button><\/a><br \/>\n<a href=\"https:\/\/www.alleantia.com\/it\/prenota-una-demo\/\" target=\"_blank\" rel=\"noopener\"><button class=\"btn btn-secondary\">Prenota Demo<\/button><\/a><\/div>\n<p>[\/vc_column_text][vc_empty_space height=&#8221;64px&#8221;][\/vc_column][\/vc_row][vc_row css_animation=&#8221;&#8221; row_type=&#8221;row&#8221; use_row_as_full_screen_section=&#8221;no&#8221; type=&#8221;grid&#8221; angled_section=&#8221;no&#8221; text_align=&#8221;left&#8221; background_image_as_pattern=&#8221;without_pattern&#8221; css=&#8221;.vc_custom_1680857169251{padding-bottom: 100px !important;}&#8221; z_index=&#8221;&#8221;][vc_column][vc_row_inner row_type=&#8221;row&#8221; type=&#8221;full_width&#8221; text_align=&#8221;left&#8221; css_animation=&#8221;&#8221;][vc_column_inner][qode_elements_holder number_of_columns=&#8221;two_columns&#8221; columns_proportion=&#8221;33_66&#8243;][qode_elements_holder_item advanced_animations=&#8221;no&#8221; item_padding=&#8221;20px 20px 20px 20px&#8221;][vc_single_image image=&#8221;19108&#8243; img_size=&#8221;large&#8221; alignment=&#8221;center&#8221; qode_css_animation=&#8221;&#8221;][\/qode_elements_holder_item][qode_elements_holder_item advanced_animations=&#8221;no&#8221; item_padding=&#8221;50px 50px 50px 50px&#8221;][vc_column_text]<span style=\"font-weight: 400;\">Scopri come aggiornare le tua macchine e rendere i tuoi prodotti parte del <strong>mercato IT e OT<\/strong>.<\/span><\/p>\n<p><span style=\"font-weight: 400;\">Macchine sempre aggiornate al massimo della potenza e dell\u2019efficienza, pronte ad essere <strong>interconnesse<\/strong>, pronte ad essere monitorate in ogni loro funzione. Grazie ad <strong>Alleantia<\/strong> possono essere le tue.\u00a0<\/span>[\/vc_column_text][\/qode_elements_holder_item][\/qode_elements_holder][vc_empty_space][vc_separator type=&#8221;normal&#8221;][vc_empty_space][qode_elements_holder number_of_columns=&#8221;two_columns&#8221;][qode_elements_holder_item advanced_animations=&#8221;no&#8221; item_padding=&#8221;0px 50px 0px 0px&#8221;][vc_column_text]<\/p>\n<h3><b>Porta le tue macchine nel mondo dell&#8217;IoT<\/b><\/h3>\n<p>&nbsp;<\/p>\n<p><span style=\"font-weight: 400;\">La trasformazione dell\u2019industria in chiave 4.0 \u00e8 sempre pi\u00f9 concreta e la domanda di trasformazione digitale e di applicazioni sempre pi\u00f9 qualificate e performanti da parte delle aziende \u00e8 in costante crescita.<\/span><\/p>\n<p>&nbsp;<\/p>\n<p><span style=\"font-weight: 400;\">Essere in grado di interconnettere le macchine e trasformare i sistemi di produzione in ottica IoT 4.0 significa combinare il mondo industriale con quello delle applicazioni Internet, aprendo scenari di conoscenza finora impensabili.<\/span>[\/vc_column_text][\/qode_elements_holder_item][qode_elements_holder_item advanced_animations=&#8221;no&#8221;][vc_single_image image=&#8221;18991&#8243; img_size=&#8221;large&#8221; alignment=&#8221;center&#8221; qode_css_animation=&#8221;&#8221;][\/qode_elements_holder_item][\/qode_elements_holder][vc_empty_space][vc_empty_space][vc_separator type=&#8221;normal&#8221;][vc_empty_space][vc_empty_space][qode_elements_holder number_of_columns=&#8221;two_columns&#8221; columns_proportion=&#8221;33_66&#8243;][qode_elements_holder_item advanced_animations=&#8221;no&#8221;][vc_single_image image=&#8221;18432&#8243; img_size=&#8221;500&#215;350&#8243; alignment=&#8221;center&#8221; qode_css_animation=&#8221;&#8221;][\/qode_elements_holder_item][qode_elements_holder_item advanced_animations=&#8221;no&#8221; item_padding=&#8221;0px 0px 0px 50px&#8221;][vc_column_text]<\/p>\n<h3><b>Pi\u00f9 produttive, pi\u00f9 controllate, pi\u00f9 competitive: le tue <\/b><b>macchine con la tecnologia Industrial IoT di Alleantia<\/b><\/h3>\n<p>&nbsp;<\/p>\n<p><span style=\"font-weight: 400;\">Interconnettere le vostre <strong>macchine<\/strong> o le vostre <strong>linee di produzione<\/strong> significa potenziare il loro valore, fornendo ai vostri clienti servizi digitali pronti all&#8217;uso come, ad esempio, la <strong>supervisione remota<\/strong> della produzione e la <strong>manutenzione<\/strong> avanzata degli assets produttivi.<\/span><\/p>\n<p>&nbsp;<\/p>\n<p><span style=\"font-weight: 400;\">La nostra tecnologia permette ad ogni <strong>OEM<\/strong> di offrire <strong>macchine estremamente competitive<\/strong> ai suoi clienti e di permettere ad ogni End User di dare vita al proprio processo di <strong>trasformazione digitale<\/strong> altamente personalizzato. Grazie ad <strong>Alleantia<\/strong> i tuoi clienti saranno in grado di monitorare in tempo reale lo<strong> stato di lavoro delle macchine<\/strong>, di conoscere gli avanzamenti della produzione e di mantenere i livelli di produttivit\u00e0 costantemente sotto controllo.\u00a0<\/span>[\/vc_column_text][\/qode_elements_holder_item][\/qode_elements_holder][vc_empty_space][vc_empty_space][vc_empty_space][qode_elements_holder number_of_columns=&#8221;one_column&#8221;][qode_elements_holder_item advanced_animations=&#8221;no&#8221; custom_class=&#8221;band&#8221; background_color=&#8221;#efefef&#8221; item_padding=&#8221;50px 50px 50px 50px&#8221;][vc_column_text]<\/p>\n<h3>Perch\u00e9 dovresti adottare una soluzione IoT? Scopri il valore di Alleantia<\/h3>\n<p>&nbsp;<\/p>\n<p><span style=\"font-weight: 400;\">Macchine efficienti, intelligenti e interconnesse possono soddisfare le esigenze di ogni tipo di cliente per fare in modo che possano trarre il massimo dei benefici dal loro investimento grazie al raggiungimento dei massimi livelli di produttivit\u00e0 e qualit\u00e0.\u00a0\u00a0\u00a0\u00a0<\/span><\/p>\n<p>&nbsp;<\/p>\n<p><span style=\"font-weight: 400;\">Offri ai tuoi clienti macchine \u201cconnected by Alleantia\u201d, aggiorna la tua offerta al nuovo paradigma industria 4.0 per rendere i tuoi prodotti sempre pi\u00f9 competitivi e per fare il tuo migliore ingresso nel mondo dell\u2019IoT e del mondo industria 4.0.<\/span><\/p>\n<p>&nbsp;<\/p>\n<p><span style=\"font-weight: 400;\">La soluzione software Plug &amp; Play Alleantia pu\u00f2 essere facilmente e velocemente integrata ad ogni tipo di macchina e pu\u00f2 essere utilizzata in maniera semplice e intuitiva da ogni operatore industriale. Proprietari di industrie, manager, manager di reparto e operatori macchinisti: la tecnologia Alleantia sempre pi\u00f9 semplice da utilizzare.<\/span>[\/vc_column_text][\/qode_elements_holder_item][\/qode_elements_holder][vc_empty_space][qode_elements_holder number_of_columns=&#8221;three_columns&#8221;][qode_elements_holder_item vertical_alignment=&#8221;top&#8221; advanced_animations=&#8221;no&#8221; item_padding=&#8221;20px 20px 20px 20px&#8221;][vc_column_text]<\/p>\n<h3><b>Alta qualit\u00e0 e manutenzione predittiva: due prerogativi categorici del mercato IoT<\/b><\/h3>\n<p>&nbsp;<\/p>\n<p><span style=\"font-weight: 400;\">Dal piccolo manifatturiero alle grandi imprese industriali, la richiesta di soluzioni in grado di potenziare la qualit\u00e0 della produzione \u00e8 in costante crescita e ha come principale beneficio la riduzione progressiva dei fastidiosi tempi di fermo macchina.\u00a0<\/span><\/p>\n<p>[\/vc_column_text][\/qode_elements_holder_item][qode_elements_holder_item vertical_alignment=&#8221;top&#8221; advanced_animations=&#8221;no&#8221; item_padding=&#8221;20px 20px 20px 20px&#8221;][vc_column_text]<br \/>\n<b>Apri la porta dell\u2019intelligenza artificiale, il miglior investimento per soddisfare i tuoi clienti<\/b><\/p>\n<p>&nbsp;<\/p>\n<p><strong>Macchine intelligenti ed efficienti<\/strong><span style=\"font-weight: 400;\"> corrispondono a clienti soddisfatti che hanno tratto il massimo dei benefici dal loro investimento, portando la loro <strong>produzione al massimo dell\u2019efficienza<\/strong>.<\/span>[\/vc_column_text][\/qode_elements_holder_item][qode_elements_holder_item advanced_animations=&#8221;no&#8221; item_padding=&#8221;20px 20px 20px 20px&#8221;][vc_single_image image=&#8221;19151&#8243; img_size=&#8221;large&#8221; qode_css_animation=&#8221;&#8221;][\/qode_elements_holder_item][\/qode_elements_holder][vc_empty_space][vc_separator type=&#8221;normal&#8221;][vc_empty_space][qode_elements_holder number_of_columns=&#8221;two_columns&#8221;][qode_elements_holder_item vertical_alignment=&#8221;middle&#8221; advanced_animations=&#8221;no&#8221; item_padding=&#8221;50px 50px 50px 50px&#8221;][vc_empty_space][vc_empty_space]<div class='testimonials_c_holder clearfix '><div class=\"testimonials_c testimonials_c_carousel\" data-show-navigation=\"no\" data-animation-speed=\"\" data-auto-rotate-slides=\"3\" data-number-per-slide=\"1\"><ul class=\"slides\"><li id=\"testimonials-c-24505\" class=\"testimonial_content\"><div class=\"testimonial_content_inner\"><div class=\"testimonial_text_holder\"><div class=\"testimonial_text_inner\" style=\"\"><p style=\"font-size:20px\">\"Alleantia, una piccola impresa, ha aiutato Brembo, una grande azienda, a connettere 3mila macchinari...\"<\/p><p class=\"testimonial_author\" style=\"\">Roberto Filipelli, Cloud &amp; Enterprise Partner Development Director di Microsoft<\/p><\/div><\/div><\/div><\/li><li id=\"testimonials-c-24504\" class=\"testimonial_content\"><div class=\"testimonial_content_inner\"><div class=\"testimonial_text_holder\"><div class=\"testimonial_text_inner\" style=\"\"><p style=\"font-size:20px\">\u201cIl software Plug&amp;Play di Alleantia ci ha permesso di connettere, velocemente, il robot Universal Robots per un controllo efficace e rapido di tutti i parametri del processo, comunicando i dati alla piattaforma IoT, in qualsiasi momento, e configurando e\/o variando i parametri con un semplice clic.\u201d<\/p><p class=\"testimonial_author\" style=\"\">Fabio Facchinetti, COO di Alumotion<\/p><\/div><\/div><\/div><\/li><li id=\"testimonials-c-24503\" class=\"testimonial_content\"><div class=\"testimonial_content_inner\"><div class=\"testimonial_text_holder\"><div class=\"testimonial_text_inner\" style=\"\"><p style=\"font-size:20px\">\u201cLatteria Soresina ora \u00e8 a tutti gli effetti una Smart Factory e ha intrapreso un deciso percorso che garantisce, grazie alle tecnologie implementate che monitorano la produzione in tempo reale, una migliore e pi\u00f9 efficiente gestione degli impianti, un abbattimento dei costi di gestione, una puntuale programmazione e pianificazione automatizzata degli impianti ed un notevole risparmio energetico e delle risorse.\u201d<\/p><p class=\"testimonial_author\" style=\"\">Michele Falzetta, Direttore Genereale di Latteria Soresina <\/p><\/div><\/div><\/div><\/li><li id=\"testimonials-c-24502\" class=\"testimonial_content\"><div class=\"testimonial_content_inner\"><div class=\"testimonial_text_holder\"><div class=\"testimonial_text_inner\" style=\"\"><p style=\"font-size:20px\">\u201cIl software Plug&amp;Play di Alleantia ci ha permesso di connettere, velocemente, la linea di produzione potendo cos\u00ec offrire ai nostri clienti la possibilit\u00e0 di realizzare un\u2019ampia gamma di prototipi anche di dimensioni non comuni.\u201d<\/p><p class=\"testimonial_author\" style=\"\">Fabio Salvadori, CEO &amp; Founder di Superevo<\/p><\/div><\/div><\/div><\/li><li id=\"testimonials-c-24501\" class=\"testimonial_content\"><div class=\"testimonial_content_inner\"><div class=\"testimonial_text_holder\"><div class=\"testimonial_text_inner\" style=\"\"><p style=\"font-size:20px\">\"Alleantia con il suo IoT Edge Gateway (ISC) \u00e8 un vendor di riferimento per l'automazione di fabbrica, l'energia, le utilities, e i trasporti.\"<\/p><p class=\"testimonial_author\" style=\"\">Gartner, Market Guide for Industrial IoT Gateways \u2013 08.2018<\/p><\/div><\/div><\/div><\/li><li id=\"testimonials-c-20471\" class=\"testimonial_content\"><div class=\"testimonial_content_inner\"><div class=\"testimonial_text_holder\"><div class=\"testimonial_text_inner\" style=\"\"><p style=\"font-size:20px\">A very relevant Industry 4.0 Company in Italy.<\/p><p class=\"testimonial_author\" style=\"\">(Frost &amp; Sullivan Industrial IoT Analyst \u2013 10.2015)<\/p><\/div><\/div><\/div><\/li><li id=\"testimonials-c-20470\" class=\"testimonial_content\"><div class=\"testimonial_content_inner\"><div class=\"testimonial_text_holder\"><div class=\"testimonial_text_inner\" style=\"\"><p style=\"font-size:20px\">Reference vendor for IoT Gateways and IoT Platforms.<\/p><p class=\"testimonial_author\" style=\"\">(Forrester TechRadar Internet of Things \u2013 02.2016)<\/p><\/div><\/div><\/div><\/li><li id=\"testimonials-c-20469\" class=\"testimonial_content\"><div class=\"testimonial_content_inner\"><div class=\"testimonial_text_holder\"><div class=\"testimonial_text_inner\" style=\"\"><p style=\"font-size:20px\">Alleantia with ISC software is a reference vendor for factory automation, energy and utilities, transportation.<\/p><p class=\"testimonial_author\" style=\"\">(Market Guide for Industrial IoT Gateways \u2013 08.2018)<\/p><\/div><\/div><\/div><\/li><li id=\"testimonials-c-20468\" class=\"testimonial_content\"><div class=\"testimonial_content_inner\"><div class=\"testimonial_text_holder\"><div class=\"testimonial_text_inner\" style=\"\"><p style=\"font-size:20px\">One of the most forceful potential distruptors.<\/p><p class=\"testimonial_author\" style=\"\">(Hot Tech Innovators \u2013 02.2015)<\/p><\/div><\/div><\/div><\/li><li id=\"testimonials-c-17986\" class=\"testimonial_content\"><div class=\"testimonial_content_inner\"><div class=\"testimonial_text_holder\"><div class=\"testimonial_text_inner\" style=\"\"><p style=\"font-size:20px\">\"Alleantia, player primario nel mercato, permette di implementare una strategia IIoT di valore...\"e\"<\/p><p class=\"testimonial_author\" style=\"\">&lt;a href=&quot;https:\/\/www.zerounoweb.it\/cloud-computing\/paas\/dell-boomi-lipaas-che-abilita-linnovazione\/&quot; target=&quot;_blank&quot;&gt;Patrizia Fabbri, Zerouno&lt;\/a&gt;<\/p><\/div><\/div><\/div><\/li><li id=\"testimonials-c-17984\" class=\"testimonial_content\"><div class=\"testimonial_content_inner\"><div class=\"testimonial_text_holder\"><div class=\"testimonial_text_inner\" style=\"\"><p style=\"font-size:20px\">\"La PMI Alleantia \u00e8 market leader nella Industry 4.0 con le sue soluzioni \u201cplug and play...\u201d<\/p><p class=\"testimonial_author\" style=\"\">&lt;a href=&quot;https:\/\/www.siderweb.com\/articoli\/news\/701003-innova-parola-alle-startup&quot; target=&quot;_blank&quot;&gt;Davide Lorenzini, Siderweb&lt;\/a&gt;<\/p><\/div><\/div><\/div><\/li><li id=\"testimonials-c-17982\" class=\"testimonial_content\"><div class=\"testimonial_content_inner\"><div class=\"testimonial_text_holder\"><div class=\"testimonial_text_inner\" style=\"\"><p style=\"font-size:20px\">\"La partnership con Alleantia \u00e8 per noi di grande valore, perch\u00e9 ci permetter\u00e0 di accelerare ulteriormente il processo di trasformazione digitale delle aziende manifatturiere\"<\/p><p class=\"testimonial_author\" style=\"\">&lt;a href=&quot;https:\/\/www.innovationpost.it\/2018\/03\/21\/accordo-tra-webratio-e-alleantia-per-liot-plug-and-play\/&quot; target=&quot;_blank&quot;&gt;Stefano Butti, WebRatio CEO&lt;\/a&gt;<\/p><\/div><\/div><\/div><\/li><li id=\"testimonials-c-17083\" class=\"testimonial_content\"><div class=\"testimonial_content_inner\"><div class=\"testimonial_text_holder\"><div class=\"testimonial_text_inner\" style=\"\"><p style=\"font-size:20px\">\"Ad oggi in Italia non ho visto realizzata una soluzione che riconduca ad un singolo ecosistema se non diversi segmenti di ambienti vendor. L'unicit\u00e0 di una singola dashboard di accesso e controllo sembra essere per molti un sogno lontano.\"<\/p><p class=\"testimonial_author\" style=\"\">&lt;a href=&quot;https:\/\/www.linkedin.com\/feed\/update\/urn:li:activity:6387746916846825472?commentUrn=urn%3Ali%3Acomment%3A%28activity%3A6387746916846825472%2C6387787204189581312%29&quot; target=&quot;_blank&quot;&gt;Andrea Guidorossi, Kitera Inc.&lt;\/a&gt;<\/p><\/div><\/div><\/div><\/li><li id=\"testimonials-c-17080\" class=\"testimonial_content\"><div class=\"testimonial_content_inner\"><div class=\"testimonial_text_holder\"><div class=\"testimonial_text_inner\" style=\"\"><p style=\"font-size:20px\">\"Alleantia, una piccola impresa, ha aiutato Brembo, una grande azienda, a connettere 3mila macchinari...\"<\/p><p class=\"testimonial_author\" style=\"\">&lt;a href=&quot;https:\/\/www.industriaitaliana.it\/un-saper-fare-condiviso-per-le-filiere-4-0\/&quot; target=&quot;_blank&quot;&gt;Roberto Filipelli, Cloud &amp; Enterprise Partner Development Director di Microsoft&lt;\/a&gt;<\/p><\/div><\/div><\/div><\/li><li id=\"testimonials-c-17075\" class=\"testimonial_content\"><div class=\"testimonial_content_inner\"><div class=\"testimonial_text_holder\"><div class=\"testimonial_text_inner\" style=\"\"><p style=\"font-size:20px\">\"... Alleantia, probabilmente l\u2019azienda italiana pi\u00f9 innovativa del settore IoT...\"<\/p><p class=\"testimonial_author\" style=\"\">&lt;a href=&quot;https:\/\/www.innovationpost.it\/2018\/04\/05\/a-milano-un-panel-di-eccellenza-per-discutere-di-industria-4-0\/&quot; target=&quot;_blank&quot;&gt;Armando Martin, Innovation Post&lt;\/a&gt; <\/p><\/div><\/div><\/div><\/li><\/ul><\/div><\/div>[\/qode_elements_holder_item][qode_elements_holder_item vertical_alignment=&#8221;middle&#8221; advanced_animations=&#8221;no&#8221; item_padding=&#8221;50px 50px 50px 50px&#8221;][vc_column_text]<\/p>\n<h3><b>Diventare Partner Alleantia significa\u2026<\/b><\/h3>\n<p>&nbsp;<\/p>\n<p><span style=\"font-weight: 400;\">Entra a far parte del nostro ecosistema! Grazie ai nostri OEM partners la soluzione Alleantia \u00e8 in grado di creare soluzioni scalabili e facilmente sostenibili per ogni tipo di impresa industriale. Entra ora nel nostro ecosistema!<\/span>[\/vc_column_text][vc_empty_space]<a  itemprop=\"url\" href=\"\/it\/partner\/partner-certificati-produttori-di-macchine\/\" target=\"_blank\"  class=\"qbutton  default\" style=\"\">Scopri di pi\u00f9<\/a>[\/qode_elements_holder_item][\/qode_elements_holder][\/vc_column_inner][\/vc_row_inner][\/vc_column][\/vc_row][vc_row css_animation=&#8221;&#8221; row_type=&#8221;row&#8221; use_row_as_full_screen_section=&#8221;no&#8221; type=&#8221;grid&#8221; angled_section=&#8221;no&#8221; text_align=&#8221;left&#8221; background_image_as_pattern=&#8221;without_pattern&#8221; padding_top=&#8221;70&#8243; padding_bottom=&#8221;110&#8243; z_index=&#8221;&#8221; css=&#8221;.vc_custom_1762341019883{background-color: #000156 !important;}&#8221;][vc_column width=&#8221;1\/4&#8243;][\/vc_column][vc_column width=&#8221;1\/2&#8243;][vc_empty_space][vc_empty_space][vc_column_text css=&#8221;&#8221;]<\/p>\n<h3 style=\"color: #ffffff; font-size: 3.5rem; font-weight: 800; line-height: normal; text-align: center;\"><strong>Pronto a connettere la tua fabbrica?<\/strong><\/h3>\n<p>[\/vc_column_text][vc_empty_space][vc_column_text css=&#8221;&#8221;]<\/p>\n<h3 style=\"color: #ffffff; font-size: 1.5rem; line-height: normal; text-align: center;\"><strong>Prova Alleantia Core e collega in pochi minuti qualsiasi macchina o dispositivo.<\/strong><\/h3>\n<p>[\/vc_column_text][vc_empty_space][vc_column_text css=&#8221;&#8221;]<\/p>\n<div class=\"button-container\"><a href=\"https:\/\/www.alleantia.com\/it\/chiedi-ai-nostri-esperti\/\" target=\"_blank\" rel=\"noopener\"><button class=\"btn btn-primary\">Richiedi Info<\/button><\/a><br \/>\n<a href=\"https:\/\/www.alleantia.com\/it\/prenota-una-demo\/\" target=\"_blank\" rel=\"noopener\"><button class=\"btn btn-secondary\">Prenota Demo<\/button><\/a><\/div>\n<p>[\/vc_column_text][vc_empty_space][vc_empty_space][\/vc_column][vc_column width=&#8221;1\/4&#8243;][\/vc_column][\/vc_row]<\/p>\n<\/div>","protected":false},"excerpt":{"rendered":"<p>[vc_row css_animation=&#8221;&#8221; row_type=&#8221;row&#8221; use_row_as_full_screen_section=&#8221;no&#8221; type=&#8221;full_width&#8221; angled_section=&#8221;no&#8221; text_align=&#8221;left&#8221; background_image_as_pattern=&#8221;without_pattern&#8221; row_negative_margin=&#8221;disable_negative_margin&#8221; anchor=&#8221;benefit&#8221; css=&#8221;.vc_custom_1726826239650{margin-top: 0px !important;margin-right: 0px !important;margin-bottom: 0px !important;margin-left: 0px !important;}&#8221; z_index=&#8221;&#8221; el_class=&#8221;header&#8221;][vc_column offset=&#8221;vc_hidden-sm vc_hidden-xs&#8221;][vc_empty_space height=&#8221;64px&#8221;][vc_row_inner row_type=&#8221;row&#8221; type=&#8221;grid&#8221; text_align=&#8221;left&#8221; css_animation=&#8221;&#8221;][vc_column_inner][qode_elements_holder number_of_columns=&#8221;one_column&#8221;][qode_elements_holder_item vertical_alignment=&#8221;middle&#8221; advanced_animations=&#8221;no&#8221; item_padding=&#8221;64px&#8221;][vc_column_text css=&#8221;&#8221;] Costruttori di macchine &nbsp; Connettivit\u00e0, dati e servizi digitali per i costruttori&#8230;<\/p>\n","protected":false},"author":10,"featured_media":0,"parent":24499,"menu_order":0,"comment_status":"closed","ping_status":"closed","template":"full_width.php","meta":{"content-type":"","footnotes":""},"class_list":["post-20197","page","type-page","status-publish","hentry"],"_links":{"self":[{"href":"https:\/\/www.alleantia.com\/it\/wp-json\/wp\/v2\/pages\/20197","targetHints":{"allow":["GET"]}}],"collection":[{"href":"https:\/\/www.alleantia.com\/it\/wp-json\/wp\/v2\/pages"}],"about":[{"href":"https:\/\/www.alleantia.com\/it\/wp-json\/wp\/v2\/types\/page"}],"author":[{"embeddable":true,"href":"https:\/\/www.alleantia.com\/it\/wp-json\/wp\/v2\/users\/10"}],"replies":[{"embeddable":true,"href":"https:\/\/www.alleantia.com\/it\/wp-json\/wp\/v2\/comments?post=20197"}],"version-history":[{"count":0,"href":"https:\/\/www.alleantia.com\/it\/wp-json\/wp\/v2\/pages\/20197\/revisions"}],"up":[{"embeddable":true,"href":"https:\/\/www.alleantia.com\/it\/wp-json\/wp\/v2\/pages\/24499"}],"wp:attachment":[{"href":"https:\/\/www.alleantia.com\/it\/wp-json\/wp\/v2\/media?parent=20197"}],"curies":[{"name":"wp","href":"https:\/\/api.w.org\/{rel}","templated":true}]}}