{"id":20198,"date":"2019-09-16T15:49:54","date_gmt":"2019-09-16T13:49:54","guid":{"rendered":"https:\/\/www.alleantia.com\/soluzioni\/integratori-di-sistemi\/"},"modified":"2026-01-12T14:56:11","modified_gmt":"2026-01-12T13:56:11","slug":"integratori-di-sistemi","status":"publish","type":"page","link":"https:\/\/www.alleantia.com\/it\/why-alleantia\/integratori-di-sistemi\/","title":{"rendered":"Integratori di Sistemi"},"content":{"rendered":"<div class=\"wpb-content-wrapper\"><p>[vc_row css_animation=&#8221;&#8221; row_type=&#8221;row&#8221; use_row_as_full_screen_section=&#8221;no&#8221; type=&#8221;full_width&#8221; angled_section=&#8221;no&#8221; text_align=&#8221;left&#8221; background_image_as_pattern=&#8221;without_pattern&#8221; row_negative_margin=&#8221;disable_negative_margin&#8221; anchor=&#8221;benefit&#8221; css=&#8221;.vc_custom_1726826239650{margin-top: 0px !important;margin-right: 0px !important;margin-bottom: 0px !important;margin-left: 0px !important;}&#8221; z_index=&#8221;&#8221; el_class=&#8221;header&#8221;][vc_column offset=&#8221;vc_hidden-sm vc_hidden-xs&#8221;][vc_empty_space height=&#8221;64px&#8221;][vc_row_inner row_type=&#8221;row&#8221; type=&#8221;grid&#8221; text_align=&#8221;left&#8221; css_animation=&#8221;&#8221;][vc_column_inner][qode_elements_holder number_of_columns=&#8221;one_column&#8221;][qode_elements_holder_item vertical_alignment=&#8221;middle&#8221; advanced_animations=&#8221;no&#8221; item_padding=&#8221;64px&#8221;][vc_column_text css=&#8221;&#8221;]<\/p>\n<h1 style=\"color: #fff;\">System Integrator<\/h1>\n<p>&nbsp;<\/p>\n<h2 style=\"color: #fff; font-size: 1.5rem; line-height: normal; font-weight: 300;\">La piattaforma IoT per un&#8217;integrazione rapida e affidabile<\/h2>\n<p>&nbsp;<\/p>\n<div style=\"clear: both; text-align: left;\"><\/div>\n<div class=\"button-container-left\" style=\"text-align: left;\"><a href=\"https:\/\/www.alleantia.com\/it\/chiedi-ai-nostri-esperti\/\" target=\"_blank\" rel=\"noopener\"><button class=\"btn btn-primary\">Richiedi Info<\/button><\/a><br \/>\n<a href=\"https:\/\/www.alleantia.com\/it\/prenota-una-demo\/\" target=\"_blank\" rel=\"noopener\"><button class=\"btn btn-secondary\">Prenota Demo<\/button><\/a><\/div>\n<p>[\/vc_column_text][\/qode_elements_holder_item][\/qode_elements_holder][\/vc_column_inner][\/vc_row_inner][\/vc_column][\/vc_row][vc_row css_animation=&#8221;&#8221; row_type=&#8221;row&#8221; use_row_as_full_screen_section=&#8221;no&#8221; type=&#8221;full_width&#8221; angled_section=&#8221;no&#8221; text_align=&#8221;left&#8221; background_image_as_pattern=&#8221;without_pattern&#8221; row_negative_margin=&#8221;disable_negative_margin&#8221; anchor=&#8221;benefit&#8221; css=&#8221;.vc_custom_1768209999259{margin-top: 0px !important;margin-right: 0px !important;margin-bottom: 0px !important;margin-left: 0px !important;}&#8221; z_index=&#8221;&#8221; el_class=&#8221;header&#8221;][vc_column offset=&#8221;vc_hidden-lg vc_hidden-md&#8221;][vc_empty_space height=&#8221;64px&#8221;][vc_empty_space height=&#8221;64px&#8221;][\/vc_column][\/vc_row][vc_row css_animation=&#8221;&#8221; row_type=&#8221;row&#8221; use_row_as_full_screen_section=&#8221;no&#8221; type=&#8221;full_width&#8221; angled_section=&#8221;no&#8221; text_align=&#8221;left&#8221; background_image_as_pattern=&#8221;without_pattern&#8221; row_negative_margin=&#8221;disable_negative_margin&#8221; anchor=&#8221;benefit&#8221; css=&#8221;.vc_custom_1767889303779{margin-top: 0px !important;margin-right: 0px !important;margin-bottom: 0px !important;margin-left: 0px !important;background-color: #2C2B2B !important;}&#8221; z_index=&#8221;&#8221;][vc_column offset=&#8221;vc_hidden-lg vc_hidden-md&#8221;][vc_empty_space height=&#8221;64px&#8221;][vc_column_text css=&#8221;&#8221;]<\/p>\n<h1 style=\"color: #fff;\">System Integrator<\/h1>\n<p>&nbsp;<\/p>\n<h2 style=\"color: #fff; line-height: normal; font-size: 1.5rem;\">La piattaforma IoT per un&#8217;integrazione rapida e affidabile<\/h2>\n<p>&nbsp;<\/p>\n<div style=\"clear: both; text-align: left;\"><\/div>\n<div class=\"button-container-left\" style=\"text-align: left;\"><a href=\"https:\/\/www.alleantia.com\/it\/chiedi-ai-nostri-esperti\/\" target=\"_blank\" rel=\"noopener\"><button class=\"btn btn-primary\">Richiedi Info<\/button><\/a><br \/>\n<a href=\"https:\/\/www.alleantia.com\/it\/prenota-una-demo\/\" target=\"_blank\" rel=\"noopener\"><button class=\"btn btn-secondary\">Prenota Demo<\/button><\/a><\/div>\n<p>[\/vc_column_text][vc_empty_space height=&#8221;64px&#8221;][\/vc_column][\/vc_row][vc_row css_animation=&#8221;&#8221; row_type=&#8221;row&#8221; use_row_as_full_screen_section=&#8221;no&#8221; type=&#8221;grid&#8221; angled_section=&#8221;no&#8221; text_align=&#8221;left&#8221; background_image_as_pattern=&#8221;without_pattern&#8221; css=&#8221;.vc_custom_1680856198869{padding-bottom: 100px !important;}&#8221; z_index=&#8221;&#8221;][vc_column][vc_row_inner row_type=&#8221;row&#8221; type=&#8221;full_width&#8221; text_align=&#8221;left&#8221; css_animation=&#8221;&#8221;][vc_column_inner][qode_elements_holder number_of_columns=&#8221;two_columns&#8221; columns_proportion=&#8221;33_66&#8243;][qode_elements_holder_item advanced_animations=&#8221;no&#8221; item_padding=&#8221;20px 20px 20px 20px&#8221;][vc_single_image image=&#8221;19106&#8243; img_size=&#8221;large&#8221; alignment=&#8221;center&#8221; qode_css_animation=&#8221;&#8221;][\/qode_elements_holder_item][qode_elements_holder_item advanced_animations=&#8221;no&#8221; item_padding=&#8221;50px 50px 50px 50px&#8221;][vc_column_text]<\/p>\n<h3><span style=\"font-weight: 400;\">Lavoriamo per rendere l\u2019approccio di qualsiasi tipo di realt\u00e0 industriale all&#8217;Industrial IoT pi\u00f9 semplice e intuitivo.<\/span><\/h3>\n<p>&nbsp;<\/p>\n<p><span style=\"font-weight: 400;\">Se stai implementando un progetto IoT e stai pianificando la progettazione, la configurazione e la supervisione dell&#8217;architettura IoT industriale di un cliente, identificando macchine, flussi di dati, reti e architettura di sistema, Alleantia \u00e8 la soluzione che pu\u00f2 aiutarti.<\/span><\/p>\n<p>&nbsp;<\/p>\n<p><span style=\"font-weight: 400;\">La soluzione Alleantia \u00e8 l&#8217;unica tecnologia IoT sul mercato che pu\u00f2 essere abilitata su driver nuovi, gi\u00e0 esistenti e App IIoT.<\/span><\/p>\n<p>&nbsp;<\/p>\n<p><span style=\"font-weight: 400;\">Leggi di pi\u00f9 per scoprire come possiamo rendere la digitalizzazione di qualsiasi tipo di impresa industriale immediata e pronta all\u2019uso.<\/span>[\/vc_column_text][\/qode_elements_holder_item][\/qode_elements_holder][vc_empty_space][vc_separator type=&#8221;normal&#8221;][vc_empty_space][qode_elements_holder number_of_columns=&#8221;one_column&#8221;][qode_elements_holder_item advanced_animations=&#8221;no&#8221; item_padding=&#8221;0px 50px 0px 0px&#8221;][vc_column_text]<\/p>\n<h3><b>Grazie ad Alleantia tutto \u00e8 sempre sotto controllo e aggiornato<\/b><\/h3>\n<p>&nbsp;<\/p>\n<p><span style=\"font-weight: 400;\">Dalle piccole PMI alle grandi imprese industriali, la nostra tecnologia pu\u00f2 essere integrata ad ogni tipo di sistema software per giocare un ruolo fondamentale nella raccolta dei dati direttamente dal campo.<\/span><\/p>\n<p>&nbsp;<\/p>\n<p><span style=\"font-weight: 400;\">La soluzione Alleantia pu\u00f2 essere integrata in ogni tipo di macchina per raccoglierne i dati in tempo reale. Una volta che i dati sono stati raccolti, vengono trasmessi al Cloud o ad altre applicazioni e, grazie alla nostra tecnologia, vengono trasformati in informazioni preziose. Grazie alla nostra tecnologia, intuitiva e pronta all\u2019uso, ogni tipo di operatore industriale sar\u00e0 in grado di mantenere sotto controllo e aggiornato l\u2019andamento della produzione, dai singoli macchinari alle intere catene di produzione.<\/span>[\/vc_column_text][\/qode_elements_holder_item][qode_elements_holder_item advanced_animations=&#8221;no&#8221;][vc_single_image image=&#8221;18991&#8243; img_size=&#8221;large&#8221; qode_css_animation=&#8221;&#8221;][\/qode_elements_holder_item][\/qode_elements_holder][vc_empty_space][vc_empty_space][qode_elements_holder number_of_columns=&#8221;one_column&#8221;][qode_elements_holder_item advanced_animations=&#8221;no&#8221; background_color=&#8221;#efefef&#8221; custom_class=&#8221;band&#8221; item_padding=&#8221;50px 50px 50px 50px&#8221;][vc_column_text]<\/p>\n<h3>Alleantia pu\u00f2 rendere la digitalizzazione di ogni tipo di industria semplice, sicura e veloce<\/h3>\n<p>&nbsp;<\/p>\n<p><span style=\"font-weight: 400;\">Per noi lavorare con l\u2019IoT significa realizzare delle soluzioni in grado di rendere l\u2019approccio al mondo industriale sempre pi\u00f9 semplice e intuitivo.<\/span><\/p>\n<p><span style=\"font-weight: 400;\">La semplicit\u00e0 di utilizzo della nostra tecnologia non deve essere concepita come sinonimo di mancanza di sicurezza. Nei nostri progetti IoT non ci dimentichiamo mai dell\u2019importanza di un utilizzo sicuro dei dati: lavoriamo con i dati dei nostri clienti, ma lo facciamo proteggendoli.<\/span><\/p>\n<p><span style=\"font-weight: 400;\">Siamo pronti a riscrivere ogni prerogativa del mondo IoT e lavoriamo ogni giorno per rendere le nostre soluzioni sempre pi\u00f9 pronte all\u2019uso, sciure nella protezione dei dati dei clienti e una risorsa di investimento preziosa per ogni tipo di end user.<\/span>[\/vc_column_text][\/qode_elements_holder_item][\/qode_elements_holder][qode_elements_holder number_of_columns=&#8221;two_columns&#8221;][qode_elements_holder_item vertical_alignment=&#8221;middle&#8221; advanced_animations=&#8221;no&#8221; item_padding=&#8221;50px 50px 50px 50px&#8221;][vc_empty_space][vc_empty_space]<div class='testimonials_c_holder clearfix '><div class=\"testimonials_c testimonials_c_carousel\" data-show-navigation=\"no\" data-animation-speed=\"\" data-auto-rotate-slides=\"3\" data-number-per-slide=\"1\"><ul class=\"slides\"><li id=\"testimonials-c-24505\" class=\"testimonial_content\"><div class=\"testimonial_content_inner\"><div class=\"testimonial_text_holder\"><div class=\"testimonial_text_inner\" style=\"\"><p style=\"font-size:20px\">\"Alleantia, una piccola impresa, ha aiutato Brembo, una grande azienda, a connettere 3mila macchinari...\"<\/p><p class=\"testimonial_author\" style=\"\">Roberto Filipelli, Cloud &amp; Enterprise Partner Development Director di Microsoft<\/p><\/div><\/div><\/div><\/li><li id=\"testimonials-c-24504\" class=\"testimonial_content\"><div class=\"testimonial_content_inner\"><div class=\"testimonial_text_holder\"><div class=\"testimonial_text_inner\" style=\"\"><p style=\"font-size:20px\">\u201cIl software Plug&amp;Play di Alleantia ci ha permesso di connettere, velocemente, il robot Universal Robots per un controllo efficace e rapido di tutti i parametri del processo, comunicando i dati alla piattaforma IoT, in qualsiasi momento, e configurando e\/o variando i parametri con un semplice clic.\u201d<\/p><p class=\"testimonial_author\" style=\"\">Fabio Facchinetti, COO di Alumotion<\/p><\/div><\/div><\/div><\/li><li id=\"testimonials-c-24503\" class=\"testimonial_content\"><div class=\"testimonial_content_inner\"><div class=\"testimonial_text_holder\"><div class=\"testimonial_text_inner\" style=\"\"><p style=\"font-size:20px\">\u201cLatteria Soresina ora \u00e8 a tutti gli effetti una Smart Factory e ha intrapreso un deciso percorso che garantisce, grazie alle tecnologie implementate che monitorano la produzione in tempo reale, una migliore e pi\u00f9 efficiente gestione degli impianti, un abbattimento dei costi di gestione, una puntuale programmazione e pianificazione automatizzata degli impianti ed un notevole risparmio energetico e delle risorse.\u201d<\/p><p class=\"testimonial_author\" style=\"\">Michele Falzetta, Direttore Genereale di Latteria Soresina <\/p><\/div><\/div><\/div><\/li><li id=\"testimonials-c-24502\" class=\"testimonial_content\"><div class=\"testimonial_content_inner\"><div class=\"testimonial_text_holder\"><div class=\"testimonial_text_inner\" style=\"\"><p style=\"font-size:20px\">\u201cIl software Plug&amp;Play di Alleantia ci ha permesso di connettere, velocemente, la linea di produzione potendo cos\u00ec offrire ai nostri clienti la possibilit\u00e0 di realizzare un\u2019ampia gamma di prototipi anche di dimensioni non comuni.\u201d<\/p><p class=\"testimonial_author\" style=\"\">Fabio Salvadori, CEO &amp; Founder di Superevo<\/p><\/div><\/div><\/div><\/li><li id=\"testimonials-c-24501\" class=\"testimonial_content\"><div class=\"testimonial_content_inner\"><div class=\"testimonial_text_holder\"><div class=\"testimonial_text_inner\" style=\"\"><p style=\"font-size:20px\">\"Alleantia con il suo IoT Edge Gateway (ISC) \u00e8 un vendor di riferimento per l'automazione di fabbrica, l'energia, le utilities, e i trasporti.\"<\/p><p class=\"testimonial_author\" style=\"\">Gartner, Market Guide for Industrial IoT Gateways \u2013 08.2018<\/p><\/div><\/div><\/div><\/li><li id=\"testimonials-c-20471\" class=\"testimonial_content\"><div class=\"testimonial_content_inner\"><div class=\"testimonial_text_holder\"><div class=\"testimonial_text_inner\" style=\"\"><p style=\"font-size:20px\">A very relevant Industry 4.0 Company in Italy.<\/p><p class=\"testimonial_author\" style=\"\">(Frost &amp; Sullivan Industrial IoT Analyst \u2013 10.2015)<\/p><\/div><\/div><\/div><\/li><li id=\"testimonials-c-20470\" class=\"testimonial_content\"><div class=\"testimonial_content_inner\"><div class=\"testimonial_text_holder\"><div class=\"testimonial_text_inner\" style=\"\"><p style=\"font-size:20px\">Reference vendor for IoT Gateways and IoT Platforms.<\/p><p class=\"testimonial_author\" style=\"\">(Forrester TechRadar Internet of Things \u2013 02.2016)<\/p><\/div><\/div><\/div><\/li><li id=\"testimonials-c-20469\" class=\"testimonial_content\"><div class=\"testimonial_content_inner\"><div class=\"testimonial_text_holder\"><div class=\"testimonial_text_inner\" style=\"\"><p style=\"font-size:20px\">Alleantia with ISC software is a reference vendor for factory automation, energy and utilities, transportation.<\/p><p class=\"testimonial_author\" style=\"\">(Market Guide for Industrial IoT Gateways \u2013 08.2018)<\/p><\/div><\/div><\/div><\/li><li id=\"testimonials-c-20468\" class=\"testimonial_content\"><div class=\"testimonial_content_inner\"><div class=\"testimonial_text_holder\"><div class=\"testimonial_text_inner\" style=\"\"><p style=\"font-size:20px\">One of the most forceful potential distruptors.<\/p><p class=\"testimonial_author\" style=\"\">(Hot Tech Innovators \u2013 02.2015)<\/p><\/div><\/div><\/div><\/li><li id=\"testimonials-c-17986\" class=\"testimonial_content\"><div class=\"testimonial_content_inner\"><div class=\"testimonial_text_holder\"><div class=\"testimonial_text_inner\" style=\"\"><p style=\"font-size:20px\">\"Alleantia, player primario nel mercato, permette di implementare una strategia IIoT di valore...\"e\"<\/p><p class=\"testimonial_author\" style=\"\">&lt;a href=&quot;https:\/\/www.zerounoweb.it\/cloud-computing\/paas\/dell-boomi-lipaas-che-abilita-linnovazione\/&quot; target=&quot;_blank&quot;&gt;Patrizia Fabbri, Zerouno&lt;\/a&gt;<\/p><\/div><\/div><\/div><\/li><li id=\"testimonials-c-17984\" class=\"testimonial_content\"><div class=\"testimonial_content_inner\"><div class=\"testimonial_text_holder\"><div class=\"testimonial_text_inner\" style=\"\"><p style=\"font-size:20px\">\"La PMI Alleantia \u00e8 market leader nella Industry 4.0 con le sue soluzioni \u201cplug and play...\u201d<\/p><p class=\"testimonial_author\" style=\"\">&lt;a href=&quot;https:\/\/www.siderweb.com\/articoli\/news\/701003-innova-parola-alle-startup&quot; target=&quot;_blank&quot;&gt;Davide Lorenzini, Siderweb&lt;\/a&gt;<\/p><\/div><\/div><\/div><\/li><li id=\"testimonials-c-17982\" class=\"testimonial_content\"><div class=\"testimonial_content_inner\"><div class=\"testimonial_text_holder\"><div class=\"testimonial_text_inner\" style=\"\"><p style=\"font-size:20px\">\"La partnership con Alleantia \u00e8 per noi di grande valore, perch\u00e9 ci permetter\u00e0 di accelerare ulteriormente il processo di trasformazione digitale delle aziende manifatturiere\"<\/p><p class=\"testimonial_author\" style=\"\">&lt;a href=&quot;https:\/\/www.innovationpost.it\/2018\/03\/21\/accordo-tra-webratio-e-alleantia-per-liot-plug-and-play\/&quot; target=&quot;_blank&quot;&gt;Stefano Butti, WebRatio CEO&lt;\/a&gt;<\/p><\/div><\/div><\/div><\/li><li id=\"testimonials-c-17083\" class=\"testimonial_content\"><div class=\"testimonial_content_inner\"><div class=\"testimonial_text_holder\"><div class=\"testimonial_text_inner\" style=\"\"><p style=\"font-size:20px\">\"Ad oggi in Italia non ho visto realizzata una soluzione che riconduca ad un singolo ecosistema se non diversi segmenti di ambienti vendor. L'unicit\u00e0 di una singola dashboard di accesso e controllo sembra essere per molti un sogno lontano.\"<\/p><p class=\"testimonial_author\" style=\"\">&lt;a href=&quot;https:\/\/www.linkedin.com\/feed\/update\/urn:li:activity:6387746916846825472?commentUrn=urn%3Ali%3Acomment%3A%28activity%3A6387746916846825472%2C6387787204189581312%29&quot; target=&quot;_blank&quot;&gt;Andrea Guidorossi, Kitera Inc.&lt;\/a&gt;<\/p><\/div><\/div><\/div><\/li><li id=\"testimonials-c-17080\" class=\"testimonial_content\"><div class=\"testimonial_content_inner\"><div class=\"testimonial_text_holder\"><div class=\"testimonial_text_inner\" style=\"\"><p style=\"font-size:20px\">\"Alleantia, una piccola impresa, ha aiutato Brembo, una grande azienda, a connettere 3mila macchinari...\"<\/p><p class=\"testimonial_author\" style=\"\">&lt;a href=&quot;https:\/\/www.industriaitaliana.it\/un-saper-fare-condiviso-per-le-filiere-4-0\/&quot; target=&quot;_blank&quot;&gt;Roberto Filipelli, Cloud &amp; Enterprise Partner Development Director di Microsoft&lt;\/a&gt;<\/p><\/div><\/div><\/div><\/li><li id=\"testimonials-c-17075\" class=\"testimonial_content\"><div class=\"testimonial_content_inner\"><div class=\"testimonial_text_holder\"><div class=\"testimonial_text_inner\" style=\"\"><p style=\"font-size:20px\">\"... Alleantia, probabilmente l\u2019azienda italiana pi\u00f9 innovativa del settore IoT...\"<\/p><p class=\"testimonial_author\" style=\"\">&lt;a href=&quot;https:\/\/www.innovationpost.it\/2018\/04\/05\/a-milano-un-panel-di-eccellenza-per-discutere-di-industria-4-0\/&quot; target=&quot;_blank&quot;&gt;Armando Martin, Innovation Post&lt;\/a&gt; <\/p><\/div><\/div><\/div><\/li><\/ul><\/div><\/div>[\/qode_elements_holder_item][qode_elements_holder_item vertical_alignment=&#8221;middle&#8221; advanced_animations=&#8221;no&#8221; item_padding=&#8221;50px 50px 50px 50px&#8221;][vc_column_text]<br \/>\n<b>Essere partner Alleantia significa\u2026<\/b><\/p>\n<p>&nbsp;<\/p>\n<p><span style=\"font-weight: 400;\">Entra a far parte del nostro ecosistema! Grazie ai suoi <strong>Partner integratori di sistema<\/strong> l la soluzione Alleantia \u00e8 in grado di creare esempi di<strong> progetti IoT industriali scalabili, sostenibili e a prova di futuro<\/strong>. Siamo fieri che la nostra tecnologia sia al servizio dei pi\u00f9 potenti System Integrators sul mercato.<\/span><\/p>\n<p>[\/vc_column_text][vc_empty_space]<a  itemprop=\"url\" href=\"\/it\/partner\/partner-certificati-integratori-di-sistemi\/\" target=\"_blank\"  class=\"qbutton  default\" style=\"\">Scopri di pi\u00f9<\/a>[\/qode_elements_holder_item][\/qode_elements_holder][\/vc_column_inner][\/vc_row_inner][\/vc_column][\/vc_row][vc_row css_animation=&#8221;&#8221; row_type=&#8221;row&#8221; use_row_as_full_screen_section=&#8221;no&#8221; type=&#8221;grid&#8221; angled_section=&#8221;no&#8221; text_align=&#8221;left&#8221; background_image_as_pattern=&#8221;without_pattern&#8221; padding_top=&#8221;70&#8243; padding_bottom=&#8221;110&#8243; z_index=&#8221;&#8221; css=&#8221;.vc_custom_1762341019883{background-color: #000156 !important;}&#8221;][vc_column width=&#8221;1\/4&#8243;][\/vc_column][vc_column width=&#8221;1\/2&#8243;][vc_empty_space][vc_empty_space][vc_column_text css=&#8221;&#8221;]<\/p>\n<h3 style=\"color: #ffffff; font-size: 3.5rem; font-weight: 800; line-height: normal; text-align: center;\"><strong>Pronto a connettere la tua fabbrica?<\/strong><\/h3>\n<p>[\/vc_column_text][vc_empty_space][vc_column_text css=&#8221;&#8221;]<\/p>\n<h3 style=\"color: #ffffff; font-size: 1.5rem; line-height: normal; text-align: center;\"><strong>Prova Alleantia Core e collega in pochi minuti qualsiasi macchina o dispositivo.<\/strong><\/h3>\n<p>[\/vc_column_text][vc_empty_space][vc_column_text css=&#8221;&#8221;]<\/p>\n<div class=\"button-container\"><a href=\"https:\/\/www.alleantia.com\/it\/chiedi-ai-nostri-esperti\/\" target=\"_blank\" rel=\"noopener\"><button class=\"btn btn-primary\">Richiedi Info<\/button><\/a><br \/>\n<a href=\"https:\/\/www.alleantia.com\/it\/prenota-una-demo\/\" target=\"_blank\" rel=\"noopener\"><button class=\"btn btn-secondary\">Prenota Demo<\/button><\/a><\/div>\n<p>[\/vc_column_text][vc_empty_space][vc_empty_space][\/vc_column][vc_column width=&#8221;1\/4&#8243;][\/vc_column][\/vc_row]<\/p>\n<\/div>","protected":false},"excerpt":{"rendered":"<p>[vc_row css_animation=&#8221;&#8221; row_type=&#8221;row&#8221; use_row_as_full_screen_section=&#8221;no&#8221; type=&#8221;full_width&#8221; angled_section=&#8221;no&#8221; text_align=&#8221;left&#8221; background_image_as_pattern=&#8221;without_pattern&#8221; row_negative_margin=&#8221;disable_negative_margin&#8221; anchor=&#8221;benefit&#8221; css=&#8221;.vc_custom_1726826239650{margin-top: 0px !important;margin-right: 0px !important;margin-bottom: 0px !important;margin-left: 0px !important;}&#8221; z_index=&#8221;&#8221; el_class=&#8221;header&#8221;][vc_column offset=&#8221;vc_hidden-sm vc_hidden-xs&#8221;][vc_empty_space height=&#8221;64px&#8221;][vc_row_inner row_type=&#8221;row&#8221; type=&#8221;grid&#8221; text_align=&#8221;left&#8221; css_animation=&#8221;&#8221;][vc_column_inner][qode_elements_holder number_of_columns=&#8221;one_column&#8221;][qode_elements_holder_item vertical_alignment=&#8221;middle&#8221; advanced_animations=&#8221;no&#8221; item_padding=&#8221;64px&#8221;][vc_column_text css=&#8221;&#8221;] System Integrator &nbsp; La piattaforma IoT per un&#8217;integrazione rapida e affidabile &nbsp;&#8230;<\/p>\n","protected":false},"author":10,"featured_media":0,"parent":24499,"menu_order":0,"comment_status":"closed","ping_status":"closed","template":"full_width.php","meta":{"content-type":"","footnotes":""},"class_list":["post-20198","page","type-page","status-publish","hentry"],"_links":{"self":[{"href":"https:\/\/www.alleantia.com\/it\/wp-json\/wp\/v2\/pages\/20198","targetHints":{"allow":["GET"]}}],"collection":[{"href":"https:\/\/www.alleantia.com\/it\/wp-json\/wp\/v2\/pages"}],"about":[{"href":"https:\/\/www.alleantia.com\/it\/wp-json\/wp\/v2\/types\/page"}],"author":[{"embeddable":true,"href":"https:\/\/www.alleantia.com\/it\/wp-json\/wp\/v2\/users\/10"}],"replies":[{"embeddable":true,"href":"https:\/\/www.alleantia.com\/it\/wp-json\/wp\/v2\/comments?post=20198"}],"version-history":[{"count":0,"href":"https:\/\/www.alleantia.com\/it\/wp-json\/wp\/v2\/pages\/20198\/revisions"}],"up":[{"embeddable":true,"href":"https:\/\/www.alleantia.com\/it\/wp-json\/wp\/v2\/pages\/24499"}],"wp:attachment":[{"href":"https:\/\/www.alleantia.com\/it\/wp-json\/wp\/v2\/media?parent=20198"}],"curies":[{"name":"wp","href":"https:\/\/api.w.org\/{rel}","templated":true}]}}