{"id":22288,"date":"2021-04-12T17:55:18","date_gmt":"2021-04-12T15:55:18","guid":{"rendered":"https:\/\/www.alleantia.com\/?page_id=22288"},"modified":"2026-04-01T12:02:50","modified_gmt":"2026-04-01T10:02:50","slug":"latteria-soresina","status":"publish","type":"page","link":"https:\/\/www.alleantia.com\/it\/risorse\/use-case\/latteria-soresina\/","title":{"rendered":"Latteria Soresina"},"content":{"rendered":"<div class=\"wpb-content-wrapper\"><p>[vc_row css_animation=&#8221;&#8221; row_type=&#8221;row&#8221; use_row_as_full_screen_section=&#8221;no&#8221; type=&#8221;grid&#8221; angled_section=&#8221;no&#8221; text_align=&#8221;left&#8221; background_image_as_pattern=&#8221;without_pattern&#8221; z_index=&#8221;&#8221;][vc_column][qode_elements_holder number_of_columns=&#8221;two_columns&#8221;][qode_elements_holder_item horizontal_alignment=&#8221;center&#8221; advanced_animations=&#8221;no&#8221;][vc_empty_space][vc_single_image image=&#8221;22289&#8243; img_size=&#8221;medium&#8221; alignment=&#8221;center&#8221; qode_css_animation=&#8221;&#8221;][vc_empty_space][\/qode_elements_holder_item][qode_elements_holder_item advanced_animations=&#8221;no&#8221;][vc_empty_space][vc_empty_space][vc_column_text]<\/p>\n<div class=\"q_elements_item \" data-animation=\"no\" data-item-class=\"q_elements_holder_custom_764156\">\n<div class=\"q_elements_item_inner\">\n<div class=\"q_elements_item_content q_elements_holder_custom_764156\">\n<h2 class=\"vc_empty_space\">Latteria Soresina<\/h2>\n<\/div>\n<\/div>\n<\/div>\n<p>[\/vc_column_text][vc_empty_space][vc_column_text]Con circa <strong>200 soci<\/strong> la forma <strong>cooperativa<\/strong> rappresentava e rappresenta ancora oggi il modello pi\u00f9 adatto per tradurre in pratica l\u2019intento di rappresentare una comunit\u00e0. Forte \u00e8 infatti la mutualit\u00e0 tra i Soci: tutti partecipano al futuro dell\u2019azienda, attraverso l\u2019elezione degli organi di rappresentanza, in un meccanismo in cui tutti hanno pari dignit\u00e0 indipendentemente dal quantitativo di latte conferito. Un <strong>legame cos\u00ec stretto<\/strong> tra l\u2019azienda e i suoi componenti si traduce in grande ancoramento al territorio elemento che contribuisce a garantire una <strong>qualit\u00e0 elevata del latte<\/strong> conferito e un <strong>controllo preciso e costante di tutta la filiera<\/strong>, dalla terra alla tavola, grazie anche ad importanti progetti di innovazione.[\/vc_column_text][vc_empty_space][vc_empty_space][\/qode_elements_holder_item][\/qode_elements_holder][\/vc_column][\/vc_row][vc_row css_animation=&#8221;&#8221; row_type=&#8221;row&#8221; use_row_as_full_screen_section=&#8221;no&#8221; type=&#8221;grid&#8221; angled_section=&#8221;no&#8221; text_align=&#8221;left&#8221; background_image_as_pattern=&#8221;without_pattern&#8221; z_index=&#8221;&#8221; el_class=&#8221;scarica_banner&#8221; css=&#8221;.vc_custom_1775037267697{padding-top: 64px !important;padding-bottom: 64px !important;}&#8221;][vc_column css=&#8221;.vc_custom_1618926422412{padding-top: 12px !important;padding-right: 12px !important;padding-bottom: 12px !important;padding-left: 12px !important;}&#8221;][vc_row_inner row_type=&#8221;row&#8221; type=&#8221;full_width&#8221; text_align=&#8221;left&#8221; css_animation=&#8221;&#8221;][vc_column_inner width=&#8221;1\/2&#8243;][vc_column_text css=&#8221;&#8221;]<\/p>\n<div style=\"border-left: 10px solid #fff; padding-left: 20px;\">\n<h3 style=\"color: #fff;\"><b class=\"\"><span class=\"\">SCARICA USE CASE<br \/>\n&#8220;UNA SMART FACTORY DEL LATTE&#8221;<\/span><\/b><\/h3>\n<\/div>\n<p>[\/vc_column_text][\/vc_column_inner][vc_column_inner width=&#8221;1\/2&#8243;][vc_column_text]<\/p>\n<p style=\"text-align: center;\"><a class=\"button\" href=\"https:\/\/share.hsforms.com\/1lreJvGFLT421dB0t8uT3uQ3qwgq\" target=\"_blank\" rel=\"noopener noreferrer\">Clicca qui<\/a><\/p>\n<p>[\/vc_column_text][\/vc_column_inner][\/vc_row_inner][\/vc_column][\/vc_row][vc_row css_animation=&#8221;&#8221; row_type=&#8221;row&#8221; use_row_as_full_screen_section=&#8221;no&#8221; type=&#8221;grid&#8221; angled_section=&#8221;no&#8221; text_align=&#8221;left&#8221; background_image_as_pattern=&#8221;without_pattern&#8221; z_index=&#8221;&#8221;][vc_column][vc_separator type=&#8221;normal&#8221;][\/vc_column][\/vc_row][vc_row css_animation=&#8221;&#8221; row_type=&#8221;row&#8221; use_row_as_full_screen_section=&#8221;no&#8221; type=&#8221;grid&#8221; angled_section=&#8221;no&#8221; text_align=&#8221;left&#8221; background_image_as_pattern=&#8221;without_pattern&#8221; z_index=&#8221;&#8221; el_class=&#8221;white&#8221;][vc_column css=&#8221;.vc_custom_1618926422412{padding-top: 12px !important;padding-right: 12px !important;padding-bottom: 12px !important;padding-left: 12px !important;}&#8221;][vc_empty_space][vc_empty_space][vc_column_text]<\/p>\n<h2>La Sfida<\/h2>\n<p>[\/vc_column_text][vc_empty_space][vc_column_text]Vuoi scoprire come la soluzione Alleantia, grazie alla sua flessibilit\u00e0, facilit\u00e0 di integrazione e scalabilit\u00e0 di digitalizzare il processo produttivo, ha permesso a Latteria Soresina di digitalizzare il processo produttivo?[\/vc_column_text][vc_empty_space height=&#8221;16px&#8221;][vc_column_text]<!-- [if lte IE 8]>\n<script charset=\"utf-8\" type=\"text\/javascript\" src=\"\/\/js.hsforms.net\/forms\/v2-legacy.js\"><\/script>\n<![endif]--><br \/>\n<script charset=\"utf-8\" type=\"text\/javascript\" src=\"\/\/js.hsforms.net\/forms\/v2.js\"><\/script><br \/>\n<script>\n  hbspt.forms.create({\n\tregion: \"na1\",\n\tportalId: \"6293978\",\n\tformId: \"b6d7662e-15db-4f77-af59-6ac472ee5b02\"\n});\n<\/script>[\/vc_column_text][vc_empty_space][vc_empty_space][qode_elements_holder number_of_columns=&#8221;two_columns&#8221; columns_proportion=&#8221;33_66&#8243;][qode_elements_holder_item vertical_alignment=&#8221;middle&#8221; horizontal_alignment=&#8221;center&#8221; advanced_animations=&#8221;no&#8221;][vc_single_image image=&#8221;22303&#8243; img_size=&#8221;300&#215;300&#8243; qode_css_animation=&#8221;&#8221;][\/qode_elements_holder_item][qode_elements_holder_item vertical_alignment=&#8221;middle&#8221; advanced_animations=&#8221;no&#8221;]<blockquote class=' with_quote_icon' style=''><i class='fa fa-quote-right' style=''><\/i><h5 class='blockquote-text' style=''>Latteria Soresina ora \u00e8 a tutti gli effetti una Smart Factory ed ha intrapreso un deciso percorso che garantisce, grazie alle tecnologie implementate che monitorano la produzione in tempo reale, una migliore e pi\u00f9 efficiente gestione degli impianti, un abbattimento dei costi di gestione, una puntuale programmazione e pianificazione automatizzata degli impianti ed un notevole risparmio energetico e delle risorse<\/h5><\/blockquote>[vc_empty_space height=&#8221;16px&#8221;][vc_column_text]<b>Michele Falzetta <\/b>\u2013 Direttore Generale, Latteria Soresina[\/vc_column_text][\/qode_elements_holder_item][\/qode_elements_holder][vc_empty_space][vc_empty_space][\/vc_column][\/vc_row][vc_row css_animation=&#8221;&#8221; row_type=&#8221;row&#8221; use_row_as_full_screen_section=&#8221;no&#8221; type=&#8221;grid&#8221; angled_section=&#8221;no&#8221; text_align=&#8221;left&#8221; background_image_as_pattern=&#8221;without_pattern&#8221; z_index=&#8221;&#8221; el_class=&#8221;white&#8221;][vc_column css=&#8221;.vc_custom_1618926422412{padding-top: 12px !important;padding-right: 12px !important;padding-bottom: 12px !important;padding-left: 12px !important;}&#8221;][vc_separator type=&#8221;normal&#8221;][vc_empty_space][vc_empty_space][vc_column_text]<\/p>\n<h2>Benefici<\/h2>\n<p>[\/vc_column_text][vc_empty_space][vc_column_text]I benefici derivanti da questo processo di trasformazione digitale in chiave 4.0:[\/vc_column_text][vc_empty_space][vc_row_inner row_type=&#8221;row&#8221; type=&#8221;full_width&#8221; text_align=&#8221;left&#8221; css_animation=&#8221;&#8221;][vc_column_inner width=&#8221;1\/2&#8243;]<div class=\"q_icon_list\"><i class=\"qode_icon_font_awesome fa fa-plus qode-ili-icon-holder transparent\" style=\"font-size: fullpx;color: #008bce;\" ><\/i><p style=\"font-size: 20px;\">Misurazione dei KPI e OEE<\/p><\/div><div class=\"q_icon_list\"><i class=\"qode_icon_font_awesome fa fa-plus qode-ili-icon-holder transparent\" style=\"font-size: fullpx;color: #008bce;\" ><\/i><p style=\"font-size: 20px;\">Planning automatizzato degli impianti<\/p><\/div><div class=\"q_icon_list\"><i class=\"qode_icon_font_awesome fa fa-plus qode-ili-icon-holder transparent\" style=\"font-size: fullpx;color: #008bce;\" ><\/i><p style=\"font-size: 20px;\">Notevole risparmio energetico e delle risorse<\/p><\/div>[\/vc_column_inner][vc_column_inner width=&#8221;1\/2&#8243;]<div class=\"q_icon_list\"><i class=\"qode_icon_font_awesome fa fa-plus qode-ili-icon-holder transparent\" style=\"font-size: fullpx;color: #008bce;\" ><\/i><p style=\"font-size: 20px;\">Monitoraggio macchine ed impianti interconnessi<\/p><\/div><div class=\"q_icon_list\"><i class=\"qode_icon_font_awesome fa fa-plus qode-ili-icon-holder transparent\" style=\"font-size: fullpx;color: #008bce;\" ><\/i><p style=\"font-size: 20px;\">Abbattimento dei costi di gestione<\/p><\/div><div class=\"q_icon_list\"><i class=\"qode_icon_font_awesome fa fa-plus qode-ili-icon-holder transparent\" style=\"font-size: fullpx;color: #008bce;\" ><\/i><p style=\"font-size: 20px;\">Report periodici sul corretto funzionamento e sui rendimenti<\/p><\/div>[\/vc_column_inner][\/vc_row_inner][vc_empty_space][vc_empty_space][\/vc_column][\/vc_row][vc_row css_animation=&#8221;&#8221; row_type=&#8221;row&#8221; use_row_as_full_screen_section=&#8221;no&#8221; type=&#8221;grid&#8221; angled_section=&#8221;no&#8221; text_align=&#8221;left&#8221; background_image_as_pattern=&#8221;without_pattern&#8221; z_index=&#8221;&#8221; el_class=&#8221;scarica_banner&#8221; css=&#8221;.vc_custom_1775037267697{padding-top: 64px !important;padding-bottom: 64px !important;}&#8221;][vc_column css=&#8221;.vc_custom_1618926422412{padding-top: 12px !important;padding-right: 12px !important;padding-bottom: 12px !important;padding-left: 12px !important;}&#8221;][vc_row_inner row_type=&#8221;row&#8221; type=&#8221;full_width&#8221; text_align=&#8221;left&#8221; css_animation=&#8221;&#8221;][vc_column_inner width=&#8221;1\/2&#8243;][vc_column_text css=&#8221;&#8221;]<\/p>\n<div style=\"border-left: 10px solid #fff; padding-left: 20px;\">\n<h3 style=\"color: #fff;\"><b class=\"\"><span class=\"\">SCARICA USE CASE<br \/>\n&#8220;UNA SMART FACTORY DEL LATTE&#8221;<\/span><\/b><\/h3>\n<\/div>\n<p>[\/vc_column_text][\/vc_column_inner][vc_column_inner width=&#8221;1\/2&#8243;][vc_column_text]<\/p>\n<p style=\"text-align: center;\"><a class=\"button\" href=\"https:\/\/share.hsforms.com\/1lreJvGFLT421dB0t8uT3uQ3qwgq\" target=\"_blank\" rel=\"noopener noreferrer\">Clicca qui<\/a><\/p>\n<p>[\/vc_column_text][\/vc_column_inner][\/vc_row_inner][\/vc_column][\/vc_row][vc_row css_animation=&#8221;&#8221; row_type=&#8221;row&#8221; use_row_as_full_screen_section=&#8221;no&#8221; type=&#8221;grid&#8221; angled_section=&#8221;no&#8221; text_align=&#8221;left&#8221; background_image_as_pattern=&#8221;without_pattern&#8221; z_index=&#8221;&#8221; css=&#8221;.vc_custom_1603463346038{background-color: #efefef !important;}&#8221; padding_top=&#8221;70&#8243; padding_bottom=&#8221;110&#8243;][vc_column width=&#8221;1\/2&#8243;][vc_empty_space][vc_column_text]<\/p>\n<h3 style=\"text-align: left;\"><strong style=\"color: #008bce;\">Hai qualche domanda per noi?<\/strong><\/h3>\n<h2><strong style=\"color: #008bce;\">Contattaci!<\/strong><\/h2>\n<p>[\/vc_column_text][vc_empty_space][vc_empty_space][vc_empty_space][\/vc_column][vc_column width=&#8221;1\/2&#8243;][vc_column_text]<\/p>\n<p><!-- [if lte IE 8]>\n<script charset=\"utf-8\" type=\"text\/javascript\" src=\"\/\/js.hsforms.net\/forms\/v2-legacy.js\"><\/script>\n<![endif]--><br \/>\n<script charset=\"utf-8\" type=\"text\/javascript\" src=\"\/\/js.hsforms.net\/forms\/v2.js\"><\/script><br \/>\n<script>\n  hbspt.forms.create({\n\tregion: \"na1\",\n\tportalId: \"6293978\",\n\tformId: \"c8e1ba37-522d-45a8-b60a-c44fe109a269\",\n          onFormSubmitted: function($form) {\n                \/\/ Fire GTM event\n                if (window.dataLayer) {\n                     dataLayer.push({\n                          'event'     : 'virtualEvent',\n                          'eventName' : 'contact_general'\n                     });\n                }\n          }\n});\n<\/script><\/p>\n<p>[\/vc_column_text][\/vc_column][\/vc_row]<\/p>\n<\/div>","protected":false},"excerpt":{"rendered":"<p>[vc_row css_animation=&#8221;&#8221; row_type=&#8221;row&#8221; use_row_as_full_screen_section=&#8221;no&#8221; type=&#8221;grid&#8221; angled_section=&#8221;no&#8221; text_align=&#8221;left&#8221; background_image_as_pattern=&#8221;without_pattern&#8221; z_index=&#8221;&#8221;][vc_column][qode_elements_holder number_of_columns=&#8221;two_columns&#8221;][qode_elements_holder_item horizontal_alignment=&#8221;center&#8221; advanced_animations=&#8221;no&#8221;][vc_empty_space][vc_single_image image=&#8221;22289&#8243; img_size=&#8221;medium&#8221; alignment=&#8221;center&#8221; qode_css_animation=&#8221;&#8221;][vc_empty_space][\/qode_elements_holder_item][qode_elements_holder_item advanced_animations=&#8221;no&#8221;][vc_empty_space][vc_empty_space][vc_column_text] Latteria Soresina [\/vc_column_text][vc_empty_space][vc_column_text]Con circa 200 soci la forma cooperativa rappresentava e rappresenta ancora oggi il modello pi\u00f9 adatto per tradurre in pratica l\u2019intento di rappresentare una comunit\u00e0. Forte&#8230;<\/p>\n","protected":false},"author":10,"featured_media":0,"parent":20205,"menu_order":0,"comment_status":"closed","ping_status":"closed","template":"full_width.php","meta":{"content-type":"","footnotes":""},"class_list":["post-22288","page","type-page","status-publish","hentry"],"_links":{"self":[{"href":"https:\/\/www.alleantia.com\/it\/wp-json\/wp\/v2\/pages\/22288","targetHints":{"allow":["GET"]}}],"collection":[{"href":"https:\/\/www.alleantia.com\/it\/wp-json\/wp\/v2\/pages"}],"about":[{"href":"https:\/\/www.alleantia.com\/it\/wp-json\/wp\/v2\/types\/page"}],"author":[{"embeddable":true,"href":"https:\/\/www.alleantia.com\/it\/wp-json\/wp\/v2\/users\/10"}],"replies":[{"embeddable":true,"href":"https:\/\/www.alleantia.com\/it\/wp-json\/wp\/v2\/comments?post=22288"}],"version-history":[{"count":0,"href":"https:\/\/www.alleantia.com\/it\/wp-json\/wp\/v2\/pages\/22288\/revisions"}],"up":[{"embeddable":true,"href":"https:\/\/www.alleantia.com\/it\/wp-json\/wp\/v2\/pages\/20205"}],"wp:attachment":[{"href":"https:\/\/www.alleantia.com\/it\/wp-json\/wp\/v2\/media?parent=22288"}],"curies":[{"name":"wp","href":"https:\/\/api.w.org\/{rel}","templated":true}]}}