{"id":23162,"date":"2022-01-10T16:04:42","date_gmt":"2022-01-10T15:04:42","guid":{"rendered":"https:\/\/www.alleantia.com\/?page_id=23162"},"modified":"2023-11-16T15:58:32","modified_gmt":"2023-11-16T14:58:32","slug":"alumotion","status":"publish","type":"page","link":"https:\/\/www.alleantia.com\/it\/risorse\/use-case\/alumotion\/","title":{"rendered":"Alumotion"},"content":{"rendered":"<div class=\"wpb-content-wrapper\"><p>[vc_row css_animation=&#8221;&#8221; row_type=&#8221;row&#8221; use_row_as_full_screen_section=&#8221;no&#8221; type=&#8221;grid&#8221; angled_section=&#8221;no&#8221; text_align=&#8221;left&#8221; background_image_as_pattern=&#8221;without_pattern&#8221; z_index=&#8221;&#8221;][vc_column][qode_elements_holder number_of_columns=&#8221;two_columns&#8221;][qode_elements_holder_item horizontal_alignment=&#8221;center&#8221; advanced_animations=&#8221;no&#8221;][vc_empty_space][vc_single_image image=&#8221;23165&#8243; img_size=&#8221;medium&#8221; alignment=&#8221;center&#8221; qode_css_animation=&#8221;&#8221;][vc_empty_space][\/qode_elements_holder_item][qode_elements_holder_item advanced_animations=&#8221;no&#8221;][vc_empty_space][vc_empty_space][vc_column_text]<\/p>\n<div class=\"q_elements_item \" data-animation=\"no\" data-item-class=\"q_elements_holder_custom_764156\">\n<div class=\"q_elements_item_inner\">\n<div class=\"q_elements_item_content q_elements_holder_custom_764156\">\n<h2 class=\"vc_empty_space\">Alumotion<\/h2>\n<\/div>\n<\/div>\n<\/div>\n<p>[\/vc_column_text][vc_empty_space][vc_column_text]<strong>Alumotion<\/strong> nasce dalle esperienze maturate in pi\u00f9 di vent\u2019anni di attivit\u00e0 nel settore dell\u2019automazione industriale, nella distribuzione di organi per la trasmissione industriale e di componenti meccanici per la movimentazione. Dal 2008 l\u2019azienda ha installato pi\u00f9 di 700 <strong>unit\u00e0 robotiche collaborative<\/strong> in ogni tipo di realt\u00e0 della piccola, media e grande industria, permettendo ai loro clienti di aumentare produttivit\u00e0, qualit\u00e0 e flessibilit\u00e0 dei paradigmi di produzione adottati fino ad allora; tutto questo prestando sempre la massima attenzione al rispetto delle normative vigenti e al soddisfacimento delle misure di sicurezza necessarie. [\/vc_column_text][vc_empty_space][vc_column_text]<\/p>\n<p style=\"text-align: center; padding-top: 10px;\"><a class=\"buttonW\" href=\"#whitepaperITA\" rel=\"noopener noreferrer\"><strong>WHITE PAPER<\/strong><\/a><\/p>\n<p>[\/vc_column_text][vc_empty_space][\/qode_elements_holder_item][\/qode_elements_holder][\/vc_column][\/vc_row][vc_row css_animation=&#8221;&#8221; row_type=&#8221;row&#8221; use_row_as_full_screen_section=&#8221;no&#8221; type=&#8221;grid&#8221; angled_section=&#8221;no&#8221; text_align=&#8221;left&#8221; background_image_as_pattern=&#8221;without_pattern&#8221; z_index=&#8221;&#8221;][vc_column][vc_separator type=&#8221;normal&#8221;][\/vc_column][\/vc_row][vc_row css_animation=&#8221;&#8221; row_type=&#8221;row&#8221; use_row_as_full_screen_section=&#8221;no&#8221; type=&#8221;grid&#8221; angled_section=&#8221;no&#8221; text_align=&#8221;left&#8221; background_image_as_pattern=&#8221;without_pattern&#8221; z_index=&#8221;&#8221; el_class=&#8221;white&#8221;][vc_column css=&#8221;.vc_custom_1618926422412{padding-top: 12px !important;padding-right: 12px !important;padding-bottom: 12px !important;padding-left: 12px !important;}&#8221;][vc_empty_space][vc_empty_space][vc_column_text]<\/p>\n<h2>La Sfida<\/h2>\n<p>[\/vc_column_text][vc_empty_space][vc_column_text]Vuoi scoprire come la soluzione Alleantia garantisce una connessione cybersicura per la trasmissione telematica di prestazioni, produzione, controllo e monitoraggio dei robot? [\/vc_column_text][vc_empty_space][vc_column_text]<\/p>\n<h2>Il Progetto<\/h2>\n<p>[\/vc_column_text][vc_empty_space][vc_column_text]Con questa soluzione si ha la possibilit\u00e0 di settare il robot, monitorare le condizioni di lavoro ed i parametri di processo, gestire e salvare i dati ed esportarli sotto forma di grafico o tabella in vari formati: Alleantia, con il suo software \u00e8 la soluzione perfetta per la lettura e l\u2019invio dei dati alla piattaforma di controllo.[\/vc_column_text][vc_column_text]<!-- [if lte IE 8]>\n<script charset=\"utf-8\" type=\"text\/javascript\" src=\"\/\/js.hsforms.net\/forms\/v2-legacy.js\"><\/script>\n<![endif]--><br \/>\n<script charset=\"utf-8\" type=\"text\/javascript\" src=\"\/\/js.hsforms.net\/forms\/v2.js\"><\/script><br \/>\n<script>\n  hbspt.forms.create({\n\tregion: \"na1\",\n\tportalId: \"6293978\",\n\tformId: \"b6d7662e-15db-4f77-af59-6ac472ee5b02\"\n});\n<\/script>[\/vc_column_text][vc_empty_space][vc_empty_space][qode_elements_holder number_of_columns=&#8221;two_columns&#8221; columns_proportion=&#8221;33_66&#8243;][qode_elements_holder_item vertical_alignment=&#8221;middle&#8221; horizontal_alignment=&#8221;center&#8221; advanced_animations=&#8221;no&#8221;][vc_single_image image=&#8221;23167&#8243; img_size=&#8221;300&#215;300&#8243; qode_css_animation=&#8221;&#8221;][\/qode_elements_holder_item][qode_elements_holder_item vertical_alignment=&#8221;middle&#8221; advanced_animations=&#8221;no&#8221;]<blockquote class=' with_quote_icon' style=''><i class='fa fa-quote-right' style=''><\/i><h5 class='blockquote-text' style=''>Il software Plug&amp;Play di Alleantia ci ha permesso di connettere, velocemente, il robot Universal Robots per un controllo efficace e rapido di tutti i parametri del processo, comunicando i dati alla piattaforma IoT, in qualsiasi momento, e configurando e\/o variando i parametri con un semplice clic.<\/h5><\/blockquote>[vc_empty_space height=&#8221;16px&#8221;][vc_column_text]<b>Fabio Facchinetti <\/b>\u2013 COO Alumotion[\/vc_column_text][\/qode_elements_holder_item][\/qode_elements_holder][vc_empty_space][vc_empty_space][\/vc_column][\/vc_row][vc_row css_animation=&#8221;&#8221; row_type=&#8221;row&#8221; use_row_as_full_screen_section=&#8221;no&#8221; type=&#8221;grid&#8221; angled_section=&#8221;no&#8221; text_align=&#8221;left&#8221; background_image_as_pattern=&#8221;without_pattern&#8221; z_index=&#8221;&#8221; el_class=&#8221;scarica_banner&#8221; css=&#8221;.vc_custom_1641827304011{padding-top: 64px !important;padding-bottom: 64px !important;}&#8221;][vc_column css=&#8221;.vc_custom_1618926422412{padding-top: 12px !important;padding-right: 12px !important;padding-bottom: 12px !important;padding-left: 12px !important;}&#8221;][vc_row_inner row_type=&#8221;row&#8221; type=&#8221;full_width&#8221; text_align=&#8221;left&#8221; css_animation=&#8221;&#8221; css=&#8221;.vc_custom_1641829506594{margin-top: 12px !important;}&#8221;][vc_column_inner width=&#8221;2\/3&#8243;][vc_column_text]<\/p>\n<p style=\"color: #ff7a59;\"><a id=\"whitepaperITA\"><\/a>USE CASE | WHITE PAPER<\/p>\n<div style=\"border-left: 0px solid #fff; border-top: 1px solid #fff; padding-left: 10px;\">\n<h3 style=\"color: #ffffff; font-size: 2.5rem; font-weight: 900; text-align: left; padding: 8px;\">&#8220;Comando, controllo, monitoraggio e teleassistenza Plug&amp;Play di un robot&#8221;<\/h3>\n<\/div>\n<p>[\/vc_column_text][\/vc_column_inner][vc_column_inner width=&#8221;1\/3&#8243;][vc_single_image image=&#8221;23178&#8243; img_size=&#8221;full&#8221; qode_css_animation=&#8221;&#8221;][\/vc_column_inner][\/vc_row_inner][vc_row_inner row_type=&#8221;row&#8221; type=&#8221;full_width&#8221; text_align=&#8221;left&#8221; css_animation=&#8221;&#8221; css=&#8221;.vc_custom_1641829506594{margin-top: 12px !important;}&#8221;][vc_column_inner][vc_column_text]<\/p>\n<p style=\"text-align: center; padding-top: 10px;\"><a class=\"button\" href=\"https:\/\/share.hsforms.com\/1zeDpL8adQcmbRMQoiCXL0A3qwgq\" target=\"_blank\" rel=\"noopener noreferrer\"><strong>SCARICA ORA!<\/strong><\/a><\/p>\n<p>[\/vc_column_text][\/vc_column_inner][\/vc_row_inner][\/vc_column][\/vc_row][vc_row css_animation=&#8221;&#8221; row_type=&#8221;row&#8221; use_row_as_full_screen_section=&#8221;no&#8221; type=&#8221;grid&#8221; angled_section=&#8221;no&#8221; text_align=&#8221;left&#8221; background_image_as_pattern=&#8221;without_pattern&#8221; z_index=&#8221;&#8221; css=&#8221;.vc_custom_1641983740535{padding-top: 64px !important;padding-bottom: 64px !important;}&#8221;][vc_column css=&#8221;.vc_custom_1618926422412{padding-top: 12px !important;padding-right: 12px !important;padding-bottom: 12px !important;padding-left: 12px !important;}&#8221;][vc_column_text]<\/p>\n<h3><a id=\"video\"><\/a>Comando, controllo, monitoraggio e teleassistenza Plug&amp;Play di un robot<\/h3>\n<p>[\/vc_column_text][vc_empty_space][vc_row_inner row_type=&#8221;row&#8221; type=&#8221;full_width&#8221; text_align=&#8221;left&#8221; css_animation=&#8221;&#8221;][vc_column_inner width=&#8221;1\/2&#8243; css=&#8221;.vc_custom_1641987266322{padding-top: 4px !important;padding-right: 4px !important;padding-bottom: 4px !important;padding-left: 4px !important;}&#8221;][vc_video link=&#8221;https:\/\/www.youtube.com\/watch?v=nTunagkOCVA&#8221;][\/vc_column_inner][vc_column_inner width=&#8221;1\/2&#8243; css=&#8221;.vc_custom_1641987283495{padding-top: 4px !important;padding-right: 4px !important;padding-bottom: 4px !important;padding-left: 4px !important;}&#8221;][vc_video link=&#8221;https:\/\/www.youtube.com\/watch?v=ZkJ_jZo07Ec&#8221;][\/vc_column_inner][\/vc_row_inner][vc_empty_space][\/vc_column][\/vc_row][vc_row css_animation=&#8221;&#8221; row_type=&#8221;row&#8221; use_row_as_full_screen_section=&#8221;no&#8221; type=&#8221;grid&#8221; angled_section=&#8221;no&#8221; text_align=&#8221;left&#8221; background_image_as_pattern=&#8221;without_pattern&#8221; z_index=&#8221;&#8221; el_class=&#8221;white&#8221;][vc_column css=&#8221;.vc_custom_1618926422412{padding-top: 12px !important;padding-right: 12px !important;padding-bottom: 12px !important;padding-left: 12px !important;}&#8221;][vc_column_text]<\/p>\n<h2>Benefici<\/h2>\n<p>[\/vc_column_text][vc_empty_space][vc_empty_space][vc_column_text]I benefici derivanti da questo processo di trasformazione digitale in chiave 4.0: [\/vc_column_text][vc_empty_space][vc_row_inner row_type=&#8221;row&#8221; type=&#8221;full_width&#8221; text_align=&#8221;left&#8221; css_animation=&#8221;&#8221;][vc_column_inner width=&#8221;1\/2&#8243;]<div class=\"q_icon_list\"><i class=\"qode_icon_font_awesome fa fa-plus qode-ili-icon-holder transparent\" style=\"font-size: fullpx;color: #008bce;\" ><\/i><p style=\"font-size: 20px;\">Connessione cybersicura<\/p><\/div><div class=\"q_icon_list\"><i class=\"qode_icon_font_awesome fa fa-plus qode-ili-icon-holder transparent\" style=\"font-size: fullpx;color: #008bce;\" ><\/i><p style=\"font-size: 20px;\">Misurazione dei KPI e OEE<\/p><\/div><div class=\"q_icon_list\"><i class=\"qode_icon_font_awesome fa fa-plus qode-ili-icon-holder transparent\" style=\"font-size: fullpx;color: #008bce;\" ><\/i><p style=\"font-size: 20px;\">Notevole risparmio energetico e delle risorse<\/p><\/div>[\/vc_column_inner][vc_column_inner width=&#8221;1\/2&#8243;]<div class=\"q_icon_list\"><i class=\"qode_icon_font_awesome fa fa-plus qode-ili-icon-holder transparent\" style=\"font-size: fullpx;color: #008bce;\" ><\/i><p style=\"font-size: 20px;\">Monitoraggio macchine ed impianti interconnessi<\/p><\/div><div class=\"q_icon_list\"><i class=\"qode_icon_font_awesome fa fa-plus qode-ili-icon-holder transparent\" style=\"font-size: fullpx;color: #008bce;\" ><\/i><p style=\"font-size: 20px;\">Abbattimento dei costi di gestione<\/p><\/div><div class=\"q_icon_list\"><i class=\"qode_icon_font_awesome fa fa-plus qode-ili-icon-holder transparent\" style=\"font-size: fullpx;color: #008bce;\" ><\/i><p style=\"font-size: 20px;\">Report periodici sul corretto funzionamento e sulla manutenzione<\/p><\/div>[\/vc_column_inner][\/vc_row_inner][vc_empty_space][vc_empty_space][\/vc_column][\/vc_row][vc_row css_animation=&#8221;&#8221; row_type=&#8221;row&#8221; use_row_as_full_screen_section=&#8221;no&#8221; type=&#8221;grid&#8221; angled_section=&#8221;no&#8221; text_align=&#8221;left&#8221; background_image_as_pattern=&#8221;without_pattern&#8221; z_index=&#8221;&#8221; css=&#8221;.vc_custom_1603463346038{background-color: #efefef !important;}&#8221; padding_top=&#8221;70&#8243; padding_bottom=&#8221;110&#8243;][vc_column width=&#8221;1\/2&#8243;][vc_empty_space][vc_column_text]<\/p>\n<h3 style=\"text-align: left;\"><strong style=\"color: #008bce;\">Hai qualche domanda per noi?<\/strong><\/h3>\n<h2><strong style=\"color: #008bce;\">Contattaci!<\/strong><\/h2>\n<p>[\/vc_column_text][vc_empty_space][vc_empty_space][vc_empty_space][\/vc_column][vc_column width=&#8221;1\/2&#8243;][vc_column_text]<\/p>\n<p><!-- [if lte IE 8]>\n<script charset=\"utf-8\" type=\"text\/javascript\" src=\"\/\/js.hsforms.net\/forms\/v2-legacy.js\"><\/script>\n<![endif]--><br \/>\n<script charset=\"utf-8\" type=\"text\/javascript\" src=\"\/\/js.hsforms.net\/forms\/v2.js\"><\/script><br \/>\n<script>\n  hbspt.forms.create({\n\tregion: \"na1\",\n\tportalId: \"6293978\",\n\tformId: \"c8e1ba37-522d-45a8-b60a-c44fe109a269\",\n          onFormSubmitted: function($form) {\n                \/\/ Fire GTM event\n                if (window.dataLayer) {\n                     dataLayer.push({\n                          'event'     : 'virtualEvent',\n                          'eventName' : 'contact_general'\n                     });\n                }\n          }\n});\n<\/script><\/p>\n<p>[\/vc_column_text][\/vc_column][\/vc_row]<\/p>\n<\/div>","protected":false},"excerpt":{"rendered":"<p>[vc_row css_animation=&#8221;&#8221; row_type=&#8221;row&#8221; use_row_as_full_screen_section=&#8221;no&#8221; type=&#8221;grid&#8221; angled_section=&#8221;no&#8221; text_align=&#8221;left&#8221; background_image_as_pattern=&#8221;without_pattern&#8221; z_index=&#8221;&#8221;][vc_column][qode_elements_holder number_of_columns=&#8221;two_columns&#8221;][qode_elements_holder_item horizontal_alignment=&#8221;center&#8221; advanced_animations=&#8221;no&#8221;][vc_empty_space][vc_single_image image=&#8221;23165&#8243; img_size=&#8221;medium&#8221; alignment=&#8221;center&#8221; qode_css_animation=&#8221;&#8221;][vc_empty_space][\/qode_elements_holder_item][qode_elements_holder_item advanced_animations=&#8221;no&#8221;][vc_empty_space][vc_empty_space][vc_column_text] Alumotion [\/vc_column_text][vc_empty_space][vc_column_text]Alumotion nasce dalle esperienze maturate in pi\u00f9 di vent\u2019anni di attivit\u00e0 nel settore dell\u2019automazione industriale, nella distribuzione di organi per la trasmissione industriale e di componenti meccanici&#8230;<\/p>\n","protected":false},"author":10,"featured_media":0,"parent":20205,"menu_order":0,"comment_status":"closed","ping_status":"closed","template":"full_width.php","meta":{"content-type":"","footnotes":""},"class_list":["post-23162","page","type-page","status-publish","hentry"],"_links":{"self":[{"href":"https:\/\/www.alleantia.com\/it\/wp-json\/wp\/v2\/pages\/23162","targetHints":{"allow":["GET"]}}],"collection":[{"href":"https:\/\/www.alleantia.com\/it\/wp-json\/wp\/v2\/pages"}],"about":[{"href":"https:\/\/www.alleantia.com\/it\/wp-json\/wp\/v2\/types\/page"}],"author":[{"embeddable":true,"href":"https:\/\/www.alleantia.com\/it\/wp-json\/wp\/v2\/users\/10"}],"replies":[{"embeddable":true,"href":"https:\/\/www.alleantia.com\/it\/wp-json\/wp\/v2\/comments?post=23162"}],"version-history":[{"count":0,"href":"https:\/\/www.alleantia.com\/it\/wp-json\/wp\/v2\/pages\/23162\/revisions"}],"up":[{"embeddable":true,"href":"https:\/\/www.alleantia.com\/it\/wp-json\/wp\/v2\/pages\/20205"}],"wp:attachment":[{"href":"https:\/\/www.alleantia.com\/it\/wp-json\/wp\/v2\/media?parent=23162"}],"curies":[{"name":"wp","href":"https:\/\/api.w.org\/{rel}","templated":true}]}}