{"id":24724,"date":"2023-07-12T11:03:26","date_gmt":"2023-07-12T09:03:26","guid":{"rendered":"https:\/\/www.alleantia.com\/?page_id=24724"},"modified":"2023-11-16T15:56:39","modified_gmt":"2023-11-16T14:56:39","slug":"smart-converting","status":"publish","type":"page","link":"https:\/\/www.alleantia.com\/it\/risorse\/use-case\/smart-converting\/","title":{"rendered":"Smart Converting"},"content":{"rendered":"<div class=\"wpb-content-wrapper\"><p>[vc_row css_animation=&#8221;&#8221; row_type=&#8221;row&#8221; use_row_as_full_screen_section=&#8221;no&#8221; type=&#8221;grid&#8221; angled_section=&#8221;no&#8221; text_align=&#8221;left&#8221; background_image_as_pattern=&#8221;without_pattern&#8221; z_index=&#8221;&#8221;][vc_column][vc_empty_space height=&#8221;100px&#8221;][qode_elements_holder number_of_columns=&#8221;two_columns&#8221;][qode_elements_holder_item horizontal_alignment=&#8221;center&#8221; advanced_animations=&#8221;no&#8221;][vc_empty_space][vc_single_image image=&#8221;24745&#8243; img_size=&#8221;large&#8221; alignment=&#8221;center&#8221; qode_css_animation=&#8221;&#8221;][vc_empty_space][\/qode_elements_holder_item][qode_elements_holder_item advanced_animations=&#8221;no&#8221;][vc_column_text]<\/p>\n<h2 class=\"vc_empty_space\">Il converting del tissue diventa smart<\/h2>\n<p>[\/vc_column_text][vc_empty_space][vc_column_text]Il <b>converting<\/b> \u00e8 un segmento molto rilevante all&#8217;interno del <strong>settore cartario<\/strong>.<br \/>\nLe materie prime trattate includono la carta <strong>tissue<\/strong> (un velo di carta sottile utilizzato per la produzione di fazzoletti, tovaglioli, asciugatutto e carta igienica) e l&#8217;ampio ambito del <strong>materiale nonwoven<\/strong>, denominato anche tessuto-non-tessuto.[\/vc_column_text][vc_empty_space][vc_empty_space][\/qode_elements_holder_item][\/qode_elements_holder][\/vc_column][\/vc_row][vc_row css_animation=&#8221;&#8221; row_type=&#8221;row&#8221; use_row_as_full_screen_section=&#8221;no&#8221; type=&#8221;grid&#8221; angled_section=&#8221;no&#8221; text_align=&#8221;left&#8221; background_image_as_pattern=&#8221;without_pattern&#8221; z_index=&#8221;&#8221;][vc_column][vc_separator type=&#8221;normal&#8221;][\/vc_column][\/vc_row][vc_row css_animation=&#8221;&#8221; row_type=&#8221;row&#8221; use_row_as_full_screen_section=&#8221;no&#8221; type=&#8221;grid&#8221; angled_section=&#8221;no&#8221; text_align=&#8221;left&#8221; background_image_as_pattern=&#8221;without_pattern&#8221; z_index=&#8221;&#8221; el_class=&#8221;white&#8221;][vc_column][vc_empty_space][vc_column_text]<\/p>\n<h2>La sfida<\/h2>\n<p>[\/vc_column_text][vc_empty_space][vc_row_inner row_type=&#8221;row&#8221; type=&#8221;full_width&#8221; text_align=&#8221;left&#8221; css_animation=&#8221;&#8221;][vc_column_inner width=&#8221;1\/2&#8243;][vc_column_text]Negli anni recenti, le linee di <strong>converting<\/strong> sono state gradualmente equipaggiate con componenti di automazione per <strong>perfezionare i processi<\/strong>, intervenendo principalmente a livello di macchina singola, dove l&#8217;utilizzo delle tecnologie dell&#8217;<strong>Industria 4.0<\/strong> \u00e8 ancora di uso limitato e in fase di evoluzione.[\/vc_column_text][vc_empty_space height=&#8221;16px&#8221;][vc_column_text]Il progetto <strong>Smart Converting 4.0 colma questo gap sviluppando innovazioni tecnologiche dirompenti per sviluppare linee di converting del tissue e del nonwoven pi\u00f9 &#8220;intelligenti&#8221;, automatizzate, integrate, affidabili e sicure, utilizzando come leva principale l&#8217;Intelligenza Artificiale<\/strong> per consentire lo sviluppo di soluzioni innovative di manutenzione predittiva.[\/vc_column_text][\/vc_column_inner][vc_column_inner width=&#8221;1\/2&#8243;][vc_single_image image=&#8221;24747&#8243; img_size=&#8221;&#8221; qode_css_animation=&#8221;&#8221;][\/vc_column_inner][\/vc_row_inner][vc_empty_space][vc_empty_space][\/vc_column][\/vc_row][vc_row css_animation=&#8221;&#8221; row_type=&#8221;row&#8221; use_row_as_full_screen_section=&#8221;no&#8221; type=&#8221;grid&#8221; angled_section=&#8221;no&#8221; text_align=&#8221;left&#8221; background_image_as_pattern=&#8221;without_pattern&#8221; z_index=&#8221;&#8221;][vc_column][vc_separator type=&#8221;normal&#8221;][vc_empty_space][vc_empty_space][vc_column_text]<\/p>\n<h2>I partner<\/h2>\n<p>[\/vc_column_text][vc_empty_space height=&#8221;64px&#8221;][qode_elements_holder number_of_columns=&#8221;four_columns&#8221;][qode_elements_holder_item advanced_animations=&#8221;no&#8221; item_padding=&#8221;20px 20px 20px 20px&#8221;][vc_single_image image=&#8221;24767&#8243; img_size=&#8221;&#8221; qode_css_animation=&#8221;&#8221;][vc_empty_space height=&#8221;16px&#8221;][vc_column_text]<strong>Alleantia<\/strong>, azienda italiana innovativa affermatasi per le proprie soluzioni I4.0 \u201cPlug&amp;Play\u201d.[\/vc_column_text][vc_empty_space height=&#8221;16px&#8221;][\/qode_elements_holder_item][qode_elements_holder_item advanced_animations=&#8221;no&#8221; item_padding=&#8221;20px 20px 20px 20px&#8221;][vc_single_image image=&#8221;24753&#8243; img_size=&#8221;medium&#8221; qode_css_animation=&#8221;&#8221;][vc_empty_space height=&#8221;16px&#8221;][vc_column_text]<b>AME<\/b>, tecnologia applicata alla sicurezza sul lavoro, anticipando i tempi quando ancora il mercato di riferimentonon esisteva.[\/vc_column_text][vc_empty_space height=&#8221;16px&#8221;][\/qode_elements_holder_item][qode_elements_holder_item advanced_animations=&#8221;no&#8221; item_padding=&#8221;20px 20px 20px 20px&#8221;][vc_single_image image=&#8221;24755&#8243; img_size=&#8221;medium&#8221; qode_css_animation=&#8221;&#8221;][vc_empty_space height=&#8221;16px&#8221;][vc_column_text]<\/p>\n<div class=\"wpb_text_column wpb_content_element \">\n<div class=\"wpb_wrapper\">\n<p><b>CNR, <\/b>ente pubblico di ricerca nazionale, con competenze multidisciplinari, vigilato dal Ministero dell&#8217;Universit\u00e0 e della ricerca (MUR).<\/p>\n<\/div>\n<\/div>\n<p>[\/vc_column_text][vc_empty_space height=&#8221;16px&#8221;][\/qode_elements_holder_item][qode_elements_holder_item advanced_animations=&#8221;no&#8221; item_padding=&#8221;20px 20px 20px 20px&#8221;][vc_single_image image=&#8221;24763&#8243; img_size=&#8221;&#8221; qode_css_animation=&#8221;&#8221;][vc_empty_space height=&#8221;16px&#8221;][vc_column_text]<\/p>\n<div class=\"wpb_text_column wpb_content_element \">\n<div class=\"wpb_wrapper\">\n<p><strong>Futura,<\/strong> Azienda leader in tecnologia per la produzione di linee per il converting nei mercati Consumer e AFH.<\/p>\n<\/div>\n<\/div>\n<p>[\/vc_column_text][vc_empty_space height=&#8221;16px&#8221;][\/qode_elements_holder_item][\/qode_elements_holder][qode_elements_holder number_of_columns=&#8221;four_columns&#8221;][qode_elements_holder_item advanced_animations=&#8221;no&#8221; item_padding=&#8221;20px 20px 20px 20px&#8221;][vc_single_image image=&#8221;24734&#8243; img_size=&#8221;&#8221; qode_css_animation=&#8221;&#8221;][vc_empty_space height=&#8221;16px&#8221;][vc_column_text]<\/p>\n<div class=\"wpb_text_column wpb_content_element \">\n<div class=\"wpb_wrapper\">\n<p><strong>Sysdat,<\/strong> digitalizzazione dei processi aziendali e integrazione delle migliori soluzioni softwaree tecnologiche presenti sul mercato.<\/p>\n<\/div>\n<\/div>\n<p>[\/vc_column_text][vc_empty_space height=&#8221;16px&#8221;][\/qode_elements_holder_item][qode_elements_holder_item advanced_animations=&#8221;no&#8221; item_padding=&#8221;20px 20px 20px 20px&#8221;][vc_single_image image=&#8221;24765&#8243; img_size=&#8221;&#8221; qode_css_animation=&#8221;&#8221;][vc_empty_space height=&#8221;16px&#8221;][vc_column_text]<\/p>\n<div class=\"wpb_text_column wpb_content_element \">\n<div class=\"wpb_wrapper\">\n<p><strong>Tecnopaper,<\/strong> tecnologia dei sistemi di avvolgimento. Il core business \u00e8 la produzione di avvolgitori nuovi di zecca e la ricostruzione di avvolgitori.<\/p>\n<\/div>\n<\/div>\n<p>[\/vc_column_text][vc_empty_space height=&#8221;16px&#8221;][\/qode_elements_holder_item][qode_elements_holder_item advanced_animations=&#8221;no&#8221; item_padding=&#8221;20px 20px 20px 20px&#8221;][\/qode_elements_holder_item][qode_elements_holder_item advanced_animations=&#8221;no&#8221; item_padding=&#8221;20px 20px 20px 20px&#8221;][\/qode_elements_holder_item][\/qode_elements_holder][vc_separator type=&#8221;normal&#8221;][vc_empty_space height=&#8221;64px&#8221;][vc_column_text]<\/p>\n<h2>Il progetto<\/h2>\n<p>[\/vc_column_text][vc_empty_space height=&#8221;64px&#8221;][vc_column_text]Nel progetto Smart Converting, <strong>Alleantia ha realizzato una soluzione di analisi acustica integrata<\/strong>, con le funzionalit\u00e0 di integrazione dei propri IoT gateways estese alla rilevazione di segnali acustici, e con implementate funzionalit\u00e0 specifiche per la configurazione e implementazione di \u2018triggers\u2019 per gestire il <strong>training di modelli acustici<\/strong> anche per per linee complesse in continua produzione, con variabilit\u00e0 di contesto elevata.[\/vc_column_text][vc_empty_space height=&#8221;64px&#8221;][vc_column_text]La nuova componente software di <strong>\u2018Acoustic Insight\u2019<\/strong> denominata Edge IoT permette l\u2019interazione con il sistema di analisi acustica \u2013 implementato con algoritmi AI in un cloud ad alte prestazioni \u2013 implementando la classificazione ed archiviazione per successiva discriminazione degli eventi di analisi acustica, rilevazione degli \u2018score\u2019 di analisi e delle relative anomalie.[\/vc_column_text][vc_separator type=&#8221;normal&#8221;][vc_single_image image=&#8221;24751&#8243; img_size=&#8221;medium&#8221; alignment=&#8221;center&#8221; qode_css_animation=&#8221;&#8221; css=&#8221;.vc_custom_1689263738087{padding-right: 64px !important;padding-left: 64px !important;}&#8221;][vc_empty_space height=&#8221;16px&#8221;][\/vc_column][\/vc_row][vc_row css_animation=&#8221;&#8221; row_type=&#8221;row&#8221; use_row_as_full_screen_section=&#8221;no&#8221; type=&#8221;grid&#8221; angled_section=&#8221;no&#8221; text_align=&#8221;left&#8221; background_image_as_pattern=&#8221;without_pattern&#8221; z_index=&#8221;&#8221;][vc_column][vc_empty_space][vc_column_text]<\/p>\n<h2>Benefici<\/h2>\n<p>[\/vc_column_text][vc_empty_space][vc_column_text]La soluzione di analisi acustica realizzata d\u00e0 la possibilit\u00e0 di avviare un processo di miglioramento continuo, al fine di identificare soluzioni e processi pi\u00f9 efficienti, promuovendo cos\u00ec la <strong>&#8220;produzione sostenibile&#8221;<\/strong>. Infatti, con la soluzione implementata \u00e8 possibile, a costi relativamente ridotti:[\/vc_column_text][vc_empty_space][vc_row_inner row_type=&#8221;row&#8221; type=&#8221;full_width&#8221; text_align=&#8221;left&#8221; css_animation=&#8221;&#8221;][vc_column_inner]<div class=\"q_icon_list\"><i class=\"qode_icon_font_awesome fa fa-plus qode-ili-icon-holder transparent\" style=\"font-size: fullpx;color: #008bce;\" ><\/i><p style=\"font-size: 20px;\">La rilevazione tempestiva di anomalie acustiche che indicano guasti o problemi in determinate componenti o sistemi, permettendo interventi di manutenzione preventiva.<\/p><\/div><div class=\"q_icon_list\"><i class=\"qode_icon_font_awesome fa fa-check qode-ili-icon-holder transparent\" style=\"color: #008bce;\" ><\/i><p style=\"font-size: 20px;\">Il monitoraggio simultaneo di pi\u00f9 sorgenti sonore da diverse direzioni o zone di un&#039;installazione, consentendo la rilevazione di anomalie di sistema come di singole componenti, utilizzando microfoni con diversa configurazione, omnidirezionali e a cardioide.<\/p><\/div><div class=\"q_icon_list\"><i class=\"qode_icon_font_awesome fa fa-tachometer qode-ili-icon-holder transparent\" style=\"color: #008bce;\" ><\/i><p style=\"font-size: 20px;\">La capacit\u00e0 di gestire flussi multipli di segnali e analisi, consentendo la rilevazione parallela di anomalie acustiche da diverse fonti o aree.<\/p><\/div>[\/vc_column_inner][\/vc_row_inner][vc_empty_space][\/vc_column][\/vc_row][vc_row css_animation=&#8221;&#8221; row_type=&#8221;row&#8221; use_row_as_full_screen_section=&#8221;no&#8221; type=&#8221;grid&#8221; angled_section=&#8221;no&#8221; text_align=&#8221;left&#8221; background_image_as_pattern=&#8221;without_pattern&#8221; z_index=&#8221;&#8221;][vc_column][vc_separator type=&#8221;normal&#8221;][\/vc_column][\/vc_row][vc_row css_animation=&#8221;&#8221; row_type=&#8221;row&#8221; use_row_as_full_screen_section=&#8221;no&#8221; type=&#8221;grid&#8221; angled_section=&#8221;no&#8221; text_align=&#8221;left&#8221; background_image_as_pattern=&#8221;without_pattern&#8221; z_index=&#8221;&#8221;][vc_column][vc_empty_space][vc_empty_space][vc_column_text][vc_single_image image=&#8221;16847&#8243; img_size=&#8221;full&#8221; alignment=&#8221;center&#8221; qode_css_animation=&#8221;&#8221;][\/vc_column_text][vc_empty_space][vc_column_text]<\/p>\n<p style=\"text-align: center;\"><em>\u201cIl progetto Smart Converting 4.0 \u00e8 finanziato nel quadro del POR FESR Toscana 2014-2020\u201d<\/em><\/p>\n<p>[\/vc_column_text][vc_empty_space height=&#8221;64px&#8221;][vc_empty_space height=&#8221;64px&#8221;][\/vc_column][\/vc_row][vc_row css_animation=&#8221;&#8221; row_type=&#8221;row&#8221; use_row_as_full_screen_section=&#8221;no&#8221; type=&#8221;grid&#8221; angled_section=&#8221;no&#8221; text_align=&#8221;left&#8221; background_image_as_pattern=&#8221;without_pattern&#8221; z_index=&#8221;&#8221; background_color=&#8221;#efefef&#8221;][vc_column width=&#8221;1\/2&#8243; css=&#8221;.vc_custom_1544778494658{padding-right: 5% !important;padding-left: 5% !important;}&#8221;][vc_empty_space height=&#8221;64px&#8221;][vc_empty_space][vc_empty_space][vc_empty_space height=&#8221;64px&#8221;][\/vc_column][vc_column width=&#8221;1\/2&#8243; css=&#8221;.vc_custom_1544778502641{padding-right: 5% !important;padding-left: 5% !important;}&#8221;][vc_empty_space height=&#8221;64px&#8221;][vc_column_text]<\/p>\n<h2 style=\"color: #0085ca;\">Chiedi informazioni<\/h2>\n<p>[\/vc_column_text][vc_empty_space][vc_column_text]<\/p>\n<p><script charset=\"utf-8\" type=\"text\/javascript\" src=\"\/\/js.hsforms.net\/forms\/embed\/v2.js\"><\/script><br \/>\n<script>\n  hbspt.forms.create({\n    region: \"na1\",\n    portalId: \"6293978\",\n    formId: \"c8e1ba37-522d-45a8-b60a-c44fe109a269\",\n          onFormSubmitted: function($form) {\n                \/\/ Fire GTM event\n                if (window.dataLayer) {\n                     dataLayer.push({\n                          'event'     : 'virtualEvent',\n                          'eventName' : 'contact_general'\n                     });\n                }\n          }\n  });\n<\/script><\/p>\n<p>[\/vc_column_text][vc_empty_space][vc_empty_space height=&#8221;64px&#8221;][\/vc_column][\/vc_row]<\/p>\n<\/div>","protected":false},"excerpt":{"rendered":"<p>[vc_row css_animation=&#8221;&#8221; row_type=&#8221;row&#8221; use_row_as_full_screen_section=&#8221;no&#8221; type=&#8221;grid&#8221; angled_section=&#8221;no&#8221; text_align=&#8221;left&#8221; background_image_as_pattern=&#8221;without_pattern&#8221; z_index=&#8221;&#8221;][vc_column][vc_empty_space height=&#8221;100px&#8221;][qode_elements_holder number_of_columns=&#8221;two_columns&#8221;][qode_elements_holder_item horizontal_alignment=&#8221;center&#8221; advanced_animations=&#8221;no&#8221;][vc_empty_space][vc_single_image image=&#8221;24745&#8243; img_size=&#8221;large&#8221; alignment=&#8221;center&#8221; qode_css_animation=&#8221;&#8221;][vc_empty_space][\/qode_elements_holder_item][qode_elements_holder_item advanced_animations=&#8221;no&#8221;][vc_column_text] Il converting del tissue diventa smart [\/vc_column_text][vc_empty_space][vc_column_text]Il converting \u00e8 un segmento molto rilevante all&#8217;interno del settore cartario. Le materie prime trattate includono la carta tissue (un velo&#8230;<\/p>\n","protected":false},"author":10,"featured_media":0,"parent":20205,"menu_order":0,"comment_status":"closed","ping_status":"closed","template":"full_width.php","meta":{"content-type":"","footnotes":""},"class_list":["post-24724","page","type-page","status-publish","hentry"],"_links":{"self":[{"href":"https:\/\/www.alleantia.com\/it\/wp-json\/wp\/v2\/pages\/24724","targetHints":{"allow":["GET"]}}],"collection":[{"href":"https:\/\/www.alleantia.com\/it\/wp-json\/wp\/v2\/pages"}],"about":[{"href":"https:\/\/www.alleantia.com\/it\/wp-json\/wp\/v2\/types\/page"}],"author":[{"embeddable":true,"href":"https:\/\/www.alleantia.com\/it\/wp-json\/wp\/v2\/users\/10"}],"replies":[{"embeddable":true,"href":"https:\/\/www.alleantia.com\/it\/wp-json\/wp\/v2\/comments?post=24724"}],"version-history":[{"count":0,"href":"https:\/\/www.alleantia.com\/it\/wp-json\/wp\/v2\/pages\/24724\/revisions"}],"up":[{"embeddable":true,"href":"https:\/\/www.alleantia.com\/it\/wp-json\/wp\/v2\/pages\/20205"}],"wp:attachment":[{"href":"https:\/\/www.alleantia.com\/it\/wp-json\/wp\/v2\/media?parent=24724"}],"curies":[{"name":"wp","href":"https:\/\/api.w.org\/{rel}","templated":true}]}}