{"id":24962,"date":"2023-10-17T15:26:16","date_gmt":"2023-10-17T13:26:16","guid":{"rendered":"https:\/\/www.alleantia.com\/alleantia-actalis-trusted-iot\/"},"modified":"2026-01-19T10:39:20","modified_gmt":"2026-01-19T09:39:20","slug":"alleantia-actalis-trusted-iot","status":"publish","type":"page","link":"https:\/\/www.alleantia.com\/it\/alleantia-actalis-trusted-iot\/","title":{"rendered":"Alleantia Actalis Trusted IoT"},"content":{"rendered":"<div class=\"wpb-content-wrapper\"><p>[vc_row css_animation=&#8221;&#8221; row_type=&#8221;row&#8221; use_row_as_full_screen_section=&#8221;no&#8221; type=&#8221;full_width&#8221; angled_section=&#8221;no&#8221; text_align=&#8221;left&#8221; background_image_as_pattern=&#8221;without_pattern&#8221; row_negative_margin=&#8221;disable_negative_margin&#8221; anchor=&#8221;benefit&#8221; css=&#8221;.vc_custom_1726826239650{margin-top: 0px !important;margin-right: 0px !important;margin-bottom: 0px !important;margin-left: 0px !important;}&#8221; z_index=&#8221;&#8221; el_class=&#8221;header&#8221;][vc_column offset=&#8221;vc_hidden-sm vc_hidden-xs&#8221;][vc_empty_space height=&#8221;64px&#8221;][vc_row_inner row_type=&#8221;row&#8221; type=&#8221;grid&#8221; text_align=&#8221;left&#8221; css_animation=&#8221;&#8221;][vc_column_inner][qode_elements_holder number_of_columns=&#8221;one_column&#8221;][qode_elements_holder_item vertical_alignment=&#8221;middle&#8221; advanced_animations=&#8221;no&#8221; item_padding=&#8221;64px&#8221;][vc_column_text css=&#8221;&#8221;]<\/p>\n<h1 style=\"color: #fff;\">Trusted IoT Service<\/h1>\n<p>&nbsp;<\/p>\n<h2 style=\"color: #fff; line-height: normal; font-size: 1.5rem;\">La prima soluzione di identificazione e certificazione dati conforme alla legge nel settore IoT<\/h2>\n<p>&nbsp;<\/p>\n<div style=\"clear: both; text-align: left;\"><\/div>\n<div class=\"button-container-left\" style=\"text-align: left;\"><a href=\"https:\/\/www.alleantia.com\/it\/chiedi-ai-nostri-esperti\/\" target=\"_blank\" rel=\"noopener\"><button class=\"btn btn-primary\">Richiedi Info<\/button><\/a><br \/>\n<a href=\"https:\/\/www.alleantia.com\/it\/prenota-una-demo\/\" target=\"_blank\" rel=\"noopener\"><button class=\"btn btn-secondary\">Prenota Demo<\/button><\/a><\/div>\n<p>[\/vc_column_text][\/qode_elements_holder_item][\/qode_elements_holder][\/vc_column_inner][\/vc_row_inner][\/vc_column][\/vc_row][vc_row css_animation=&#8221;&#8221; row_type=&#8221;row&#8221; use_row_as_full_screen_section=&#8221;no&#8221; type=&#8221;full_width&#8221; angled_section=&#8221;no&#8221; text_align=&#8221;left&#8221; background_image_as_pattern=&#8221;without_pattern&#8221; row_negative_margin=&#8221;disable_negative_margin&#8221; anchor=&#8221;benefit&#8221; css=&#8221;.vc_custom_1767890277278{margin-top: 0px !important;margin-right: 0px !important;margin-bottom: 0px !important;margin-left: 0px !important;}&#8221; z_index=&#8221;&#8221; el_class=&#8221;header&#8221;][vc_column offset=&#8221;vc_hidden-lg vc_hidden-md&#8221;][vc_empty_space height=&#8221;64px&#8221;][vc_empty_space height=&#8221;64px&#8221;][\/vc_column][\/vc_row][vc_row css_animation=&#8221;&#8221; row_type=&#8221;row&#8221; use_row_as_full_screen_section=&#8221;no&#8221; type=&#8221;full_width&#8221; angled_section=&#8221;no&#8221; text_align=&#8221;left&#8221; background_image_as_pattern=&#8221;without_pattern&#8221; row_negative_margin=&#8221;disable_negative_margin&#8221; anchor=&#8221;benefit&#8221; css=&#8221;.vc_custom_1767889303779{margin-top: 0px !important;margin-right: 0px !important;margin-bottom: 0px !important;margin-left: 0px !important;background-color: #2C2B2B !important;}&#8221; z_index=&#8221;&#8221;][vc_column offset=&#8221;vc_hidden-lg vc_hidden-md&#8221;][vc_empty_space height=&#8221;64px&#8221;][vc_column_text css=&#8221;&#8221;]<\/p>\n<h1 style=\"color: #fff;\">Trusted IoT service<\/h1>\n<p>&nbsp;<\/p>\n<h2 style=\"color: #fff; line-height: normal; font-size: 1.5rem;\">La prima soluzione di identificazione e certificazione dati conforme alla legge nel settore IoT<\/h2>\n<p>&nbsp;<\/p>\n<div style=\"clear: both; text-align: left;\"><\/div>\n<div class=\"button-container-left\" style=\"text-align: left;\"><a href=\"https:\/\/www.alleantia.com\/it\/chiedi-ai-nostri-esperti\/\" target=\"_blank\" rel=\"noopener\"><button class=\"btn btn-primary\">Richiedi Info<\/button><\/a><br \/>\n<a href=\"https:\/\/www.alleantia.com\/it\/prenota-una-demo\/\" target=\"_blank\" rel=\"noopener\"><button class=\"btn btn-secondary\">Prenota Demo<\/button><\/a><\/div>\n<p>[\/vc_column_text][vc_empty_space height=&#8221;64px&#8221;][\/vc_column][\/vc_row][vc_row css_animation=&#8221;&#8221; row_type=&#8221;row&#8221; use_row_as_full_screen_section=&#8221;no&#8221; type=&#8221;grid&#8221; angled_section=&#8221;no&#8221; text_align=&#8221;left&#8221; background_image_as_pattern=&#8221;without_pattern&#8221; css=&#8221;.vc_custom_1697204654526{padding-top: 64px !important;padding-right: 16px !important;padding-left: 16px !important;}&#8221; z_index=&#8221;&#8221;][vc_column][vc_column_text css=&#8221;&#8221;]<\/p>\n<h3 style=\"text-align: center;\"><b>Trusted IoT di Alleantia e Actalis offre una soluzione completa per la gestione sicura, autenticata e certificata dei dati IoT, abilitando nuovi modelli di business e servizi nell&#8217;industria data-driven.<\/b><\/h3>\n<p>[\/vc_column_text][vc_empty_space height=&#8221;16px&#8221;][vc_empty_space][vc_row_inner row_type=&#8221;row&#8221; type=&#8221;full_width&#8221; text_align=&#8221;left&#8221; css_animation=&#8221;&#8221;][vc_column_inner][qode_elements_holder number_of_columns=&#8221;two_columns&#8221; columns_proportion=&#8221;66_33&#8243;][qode_elements_holder_item vertical_alignment=&#8221;middle&#8221; advanced_animations=&#8221;no&#8221; item_padding=&#8221;32px&#8221;][vc_column_text]<\/p>\n<h3 style=\"color: #0085ca; text-align: left;\"><strong>Il servizio Trusted IoT si occupa della convalida e della certificazione legale dei dati<\/strong><\/h3>\n<p>[\/vc_column_text][vc_empty_space height=&#8221;16px&#8221;][vc_column_text css=&#8221;&#8221;]<\/p>\n<p style=\"text-align: left;\">La crescente adozione delle tecnologie digitali nel settore manifatturiero porta a un&#8217;<strong>esigenza diffusa di condivisione delle informazioni<\/strong> all&#8217;interno dell&#8217;impresa, tra le aziende, tra i fornitori e l&#8217;intera supply chain.<\/p>\n<p>&nbsp;<\/p>\n<p style=\"text-align: left;\">Se da un lato la condivisione delle informazioni consente <strong>nuovi modelli di business<\/strong>, <strong>nuovi servizi<\/strong>, un&#8217;ulteriore ottimizzazione e un<strong> aumento del valore<\/strong>, dall&#8217;altro le<strong> soluzioni IoT<\/strong> devono garantire non solo la <strong>sicurezza<\/strong> delle informazioni, ma anche la <strong>certificazione legale<\/strong> delle stesse.<\/p>\n<p>[\/vc_column_text][\/qode_elements_holder_item][qode_elements_holder_item vertical_alignment=&#8221;top&#8221; advanced_animations=&#8221;no&#8221; item_padding=&#8221;32px&#8221;][vc_single_image image=&#8221;24925&#8243; img_size=&#8221;&#8221; qode_css_animation=&#8221;&#8221;][\/qode_elements_holder_item][\/qode_elements_holder][\/vc_column_inner][\/vc_row_inner][vc_row_inner row_type=&#8221;row&#8221; type=&#8221;full_width&#8221; text_align=&#8221;left&#8221; css_animation=&#8221;&#8221;][vc_column_inner][qode_elements_holder number_of_columns=&#8221;two_columns&#8221; columns_proportion=&#8221;33_66&#8243;][qode_elements_holder_item vertical_alignment=&#8221;top&#8221; advanced_animations=&#8221;no&#8221;][vc_single_image image=&#8221;24911&#8243; img_size=&#8221;&#8221; qode_css_animation=&#8221;&#8221;][\/qode_elements_holder_item][qode_elements_holder_item vertical_alignment=&#8221;middle&#8221; advanced_animations=&#8221;no&#8221; item_padding=&#8221;32px&#8221;][vc_column_text]<\/p>\n<h3 style=\"color: #0085ca; text-align: left;\"><strong>Dalla partnership tra Alleantia e Actalis <span style=\"font-size: 1rem;\">(Gruppo Aruba)<\/span> nasce \u201cTrusted IoT\u201d<\/strong><\/h3>\n<p>[\/vc_column_text][vc_empty_space height=&#8221;16px&#8221;][vc_column_text]<\/p>\n<p style=\"text-align: left;\">Per rispondere a questa esigenza \u00e8 nata una collaborazione tra <strong>Actalis &#8211; la prima SSL Certification Authority europea<\/strong>, parte del <strong>Gruppo Aruba<\/strong>, qualificata secondo il regolamento <strong>eIDAS<\/strong> per l&#8217;erogazione di servizi certificati e riconosciuta a livello mondiale per l&#8217;emissione di certificati server SSL &#8211; e <strong>Alleantia<\/strong>, <strong>leader con una consolidata esperienza internazionale nell&#8217;integrazione IoT plug&amp;play di sistemi e processi industriali<\/strong> per il miglioramento della loro produttivit\u00e0, qualit\u00e0 e sicurezza.<\/p>\n<p>[\/vc_column_text][\/qode_elements_holder_item][\/qode_elements_holder][\/vc_column_inner][\/vc_row_inner][\/vc_column][\/vc_row][vc_row css_animation=&#8221;&#8221; row_type=&#8221;row&#8221; use_row_as_full_screen_section=&#8221;no&#8221; type=&#8221;grid&#8221; angled_section=&#8221;no&#8221; text_align=&#8221;left&#8221; background_image_as_pattern=&#8221;without_pattern&#8221; z_index=&#8221;&#8221; css=&#8221;.vc_custom_1743085451425{padding-top: 64px !important;padding-right: 16px !important;padding-bottom: 32px !important;padding-left: 16px !important;background-color: #FAFAFF !important;}&#8221;][vc_column][vc_empty_space][vc_column_text css=&#8221;&#8221;]<\/p>\n<h2 style=\"text-align: center;\">La soluzione. Perch\u00e8 Trust?<\/h2>\n<p>[\/vc_column_text][vc_column_text]<\/p>\n<div class=\"\" style=\"padding: 32px;\">\n<p style=\"font-size: 1.2rem; text-align: center;\">Questo nuovo servizio implementa un processo di marcatura e firma incorporato per garantire il <strong>valore legale<\/strong>, <strong>l&#8217;inalterabilit\u00e0<\/strong>, il non ripudio, l&#8217;<strong>identit\u00e0 dei proprietari<\/strong> dei dati e degli utenti, aggiungendo anche l&#8217;<strong>archiviazione<\/strong> e l&#8217;<strong>accesso<\/strong> <strong>sicuro<\/strong> ai dati.<\/p>\n<\/div>\n<p>[\/vc_column_text][vc_empty_space][vc_row_inner row_type=&#8221;row&#8221; type=&#8221;grid&#8221; text_align=&#8221;left&#8221; css_animation=&#8221;&#8221; css=&#8221;.vc_custom_1697205942627{padding-top: 32px !important;}&#8221;][vc_column_inner width=&#8221;1\/3&#8243; css=&#8221;.vc_custom_1697464039904{padding-right: 32px !important;padding-bottom: 32px !important;padding-left: 32px !important;}&#8221;][vc_column_text]<\/p>\n<div class=\"\" style=\"color: #666666; font-size: 0.8rem;\">\n<p style=\"text-align: left;\"><img loading=\"lazy\" decoding=\"async\" src=\"https:\/\/www.alleantia.com\/wp-content\/uploads\/2023\/10\/SIGNATURE.png\" alt=\"signature\" width=\"80\" height=\"80\" \/><\/p>\n<h4 style=\"; text-align: left;\"><strong>ORIGINE DATI<br \/>\nCERTIFICATA<\/strong><\/h4>\n<p>&nbsp;<\/p>\n<p style=\"text-align: left;\">\n<\/div>\n<p>[\/vc_column_text][vc_column_text]L&#8217;autenticazione avviene mediante l&#8217;apposizione di una firma digitale univoca sui dati.<br \/>\nIn questo modo, il proprietario dei dati pu\u00f2 distribuire le informazioni generate dai suoi sistemi industriali dopo averle &#8220;autenticate&#8221;.[\/vc_column_text][\/vc_column_inner][vc_column_inner width=&#8221;1\/3&#8243; css=&#8221;.vc_custom_1697464052476{padding-right: 32px !important;padding-bottom: 32px !important;padding-left: 32px !important;}&#8221;][vc_column_text]<\/p>\n<div class=\"\" style=\"color: #666666; font-size: 0.8rem;\">\n<p style=\"text-align: left;\"><img loading=\"lazy\" decoding=\"async\" src=\"https:\/\/www.alleantia.com\/wp-content\/uploads\/2023\/10\/TIMESTAMPING.png\" alt=\"timestamp\" width=\"80\" height=\"80\" \/><\/p>\n<h4 style=\"; text-align: left;\"><strong>TIMESTAMPING<br \/>\nCERTIFICATO<\/strong><\/h4>\n<p>&nbsp;<\/p>\n<p style=\"text-align: left;\">\n<\/div>\n<p>[\/vc_column_text][vc_column_text css=&#8221;&#8221;]La marcatura temporale consente di verificare <strong>l&#8217;origine dei dati<\/strong> con data e ora precisa in cui sono stati creati.<\/p>\n<p>La verifica sar\u00e0 possibile indipendentemente dalla latenza e dai tempi di trasferimento dei dati al destinatario.[\/vc_column_text][\/vc_column_inner][vc_column_inner width=&#8221;1\/3&#8243; css=&#8221;.vc_custom_1697464062565{padding-right: 32px !important;padding-bottom: 32px !important;padding-left: 32px !important;}&#8221;][vc_column_text]<\/p>\n<div class=\"\" style=\"color: #666666; font-size: 0.8rem;\">\n<p style=\"text-align: left;\"><img loading=\"lazy\" decoding=\"async\" src=\"https:\/\/www.alleantia.com\/wp-content\/uploads\/2023\/10\/archive-1.png\" alt=\"archive\" width=\"80\" height=\"80\" \/><\/p>\n<h4 style=\"; text-align: left;\"><strong>ARCHIVIAZIONE CONFORME<br \/>\nALLA LEGGE<\/strong><\/h4>\n<p>&nbsp;<\/p>\n<p style=\"text-align: left;\">\n<\/div>\n<p>[\/vc_column_text][vc_column_text]L&#8217;archiviazione a norma di legge \u00e8 una procedura informatica che garantisce la validit\u00e0 legale e la conservazione digitale a lungo termine di documenti e dati, senza alcuna possibilit\u00e0 di alterazione e manomissione, anche da parte dell&#8217;ente\/societ\u00e0 che li conserva.[\/vc_column_text][\/vc_column_inner][\/vc_row_inner][vc_row_inner row_type=&#8221;row&#8221; type=&#8221;grid&#8221; text_align=&#8221;left&#8221; css_animation=&#8221;&#8221; css=&#8221;.vc_custom_1697707103555{padding-bottom: 32px !important;}&#8221;][vc_column_inner][\/vc_column_inner][\/vc_row_inner][vc_row_inner row_type=&#8221;row&#8221; type=&#8221;full_width&#8221; text_align=&#8221;left&#8221; css_animation=&#8221;&#8221;][vc_column_inner css=&#8221;.vc_custom_1697191931973{padding-right: 32px !important;padding-left: 32px !important;}&#8221;][vc_column_text css=&#8221;&#8221;]<\/p>\n<div style=\"background-color: #ddefe1; padding: 32px;\">\n<p>La soluzione <strong>T-IoT<\/strong> viene fornita in modalit\u00e0 <strong>SaaS<\/strong>, senza costi infrastrutturali iniziali per chi invia o riceve <strong>dati IoT certificati<\/strong>.<\/p>\n<p>Il gateway Alleantia pu\u00f2 essere esteso con la funzione Trust, che consente al proprietario dei dati di distribuire informazioni generate dai propri sistemi industriali ad un&#8217;applicazione solo dopo averle notarizzate.<\/p>\n<p>&nbsp;<\/p>\n<p>Questa notarizzazione avviene tramite l&#8217;apposizione ai dati di una firma digitale univoca, permettendo al destinatario di verificare l&#8217;origine e la data precisa di creazione dei dati, indipendentemente dai tempi di latenza etrasferimento.<\/p>\n<p>In questo modo, il servizio consente la <strong>condivisione di dati affidabili<\/strong> tra macchine, applicazioni e catene di fornitura, integrando anche le architetture degli Industrial Data Spaces.<\/p>\n<hr \/>\n<p><strong>Trusted IoT<\/strong> \u00e8 fornito come estensione della piattaforma software Alleantia e pu\u00f2 essere integrato con altre piattaforme IoT.<br \/>\n<a id=\"press_release\"><\/a><\/p>\n<\/div>\n<p>[\/vc_column_text][vc_single_image image=&#8221;24967&#8243; img_size=&#8221;&#8221; onclick=&#8221;img_link_large&#8221; qode_css_animation=&#8221;&#8221;][\/vc_column_inner][\/vc_row_inner][\/vc_column][\/vc_row][vc_row css_animation=&#8221;&#8221; row_type=&#8221;row&#8221; use_row_as_full_screen_section=&#8221;no&#8221; type=&#8221;grid&#8221; angled_section=&#8221;no&#8221; text_align=&#8221;left&#8221; background_image_as_pattern=&#8221;without_pattern&#8221; css=&#8221;.vc_custom_1743085614808{padding-top: 64px !important;padding-right: 16px !important;padding-bottom: 64px !important;padding-left: 16px !important;background-color: #FAFAFF !important;}&#8221; z_index=&#8221;&#8221;][vc_column][vc_row_inner row_type=&#8221;row&#8221; type=&#8221;full_width&#8221; text_align=&#8221;left&#8221; css_animation=&#8221;&#8221;][vc_column_inner][qode_elements_holder number_of_columns=&#8221;two_columns&#8221; columns_proportion=&#8221;66_33&#8243;][qode_elements_holder_item advanced_animations=&#8221;no&#8221; item_padding=&#8221;16px&#8221;][vc_column_text css=&#8221;&#8221;]<\/p>\n<h3 style=\"color: #0085ca; text-align: left;\">Building Data-Driven Industrial Companies<\/h3>\n<h3 style=\"color: #000000; text-align: left;\">Download Full Guide<\/h3>\n<p>&nbsp;<\/p>\n<p><script charset=\"utf-8\" type=\"text\/javascript\" src=\"\/\/js.hsforms.net\/forms\/embed\/v2.js\"><\/script><br \/>\n<script>\n  hbspt.forms.create({\n    region: \"na1\",\n    portalId: \"6293978\",\n    formId: \"8adf5e48-d64c-4b6c-b0c3-fc1d2d522ebb\"\n  });\n<\/script>[\/vc_column_text][\/qode_elements_holder_item][qode_elements_holder_item advanced_animations=&#8221;no&#8221; item_padding=&#8221;16px&#8221;][vc_single_image image=&#8221;25899&#8243; img_size=&#8221;large&#8221; css=&#8221;&#8221; qode_css_animation=&#8221;&#8221;][\/qode_elements_holder_item][\/qode_elements_holder][\/vc_column_inner][\/vc_row_inner][\/vc_column][\/vc_row][vc_row css_animation=&#8221;&#8221; row_type=&#8221;row&#8221; use_row_as_full_screen_section=&#8221;no&#8221; type=&#8221;grid&#8221; angled_section=&#8221;no&#8221; text_align=&#8221;left&#8221; background_image_as_pattern=&#8221;without_pattern&#8221; padding_top=&#8221;70&#8243; padding_bottom=&#8221;110&#8243; z_index=&#8221;&#8221; css=&#8221;.vc_custom_1762341019883{background-color: #000156 !important;}&#8221;][vc_column width=&#8221;1\/4&#8243;][\/vc_column][vc_column width=&#8221;1\/2&#8243;][vc_empty_space][vc_column_text css=&#8221;&#8221;]<\/p>\n<h3 style=\"color: #ffffff; font-size: 3.5rem; font-weight: 800; line-height: normal; text-align: center;\"><strong>Pronto a connettere la tua fabbrica?<\/strong><\/h3>\n<p>[\/vc_column_text][vc_empty_space][vc_column_text css=&#8221;&#8221;]<\/p>\n<h3 style=\"color: #ffffff; font-size: 1.5rem; line-height: normal; text-align: center;\"><strong>Prova Alleantia Core e collega in pochi minuti qualsiasi macchina o dispositivo.<\/strong><\/h3>\n<p>[\/vc_column_text][vc_empty_space][vc_column_text css=&#8221;&#8221;]<\/p>\n<div class=\"button-container\"><a href=\"https:\/\/www.alleantia.com\/it\/chiedi-ai-nostri-esperti\/\" target=\"_blank\" rel=\"noopener\"><button class=\"btn btn-primary\">Richiedi Info<\/button><\/a><br \/>\n<a href=\"https:\/\/www.alleantia.com\/it\/prenota-una-demo\/\" target=\"_blank\" rel=\"noopener\"><button class=\"btn btn-secondary\">Prenota Demo<\/button><\/a><\/div>\n<p>[\/vc_column_text][vc_empty_space][\/vc_column][vc_column width=&#8221;1\/4&#8243;][\/vc_column][\/vc_row][vc_row css_animation=&#8221;&#8221; row_type=&#8221;row&#8221; use_row_as_full_screen_section=&#8221;no&#8221; type=&#8221;full_width&#8221; angled_section=&#8221;no&#8221; text_align=&#8221;left&#8221; background_image_as_pattern=&#8221;without_pattern&#8221;][vc_column][vc_column_text]<\/p>\n<p>[\/vc_column_text][\/vc_column][\/vc_row]<\/p>\n<\/div>","protected":false},"excerpt":{"rendered":"<p>[vc_row css_animation=&#8221;&#8221; row_type=&#8221;row&#8221; use_row_as_full_screen_section=&#8221;no&#8221; type=&#8221;full_width&#8221; angled_section=&#8221;no&#8221; text_align=&#8221;left&#8221; background_image_as_pattern=&#8221;without_pattern&#8221; row_negative_margin=&#8221;disable_negative_margin&#8221; anchor=&#8221;benefit&#8221; css=&#8221;.vc_custom_1726826239650{margin-top: 0px !important;margin-right: 0px !important;margin-bottom: 0px !important;margin-left: 0px !important;}&#8221; z_index=&#8221;&#8221; el_class=&#8221;header&#8221;][vc_column offset=&#8221;vc_hidden-sm vc_hidden-xs&#8221;][vc_empty_space height=&#8221;64px&#8221;][vc_row_inner row_type=&#8221;row&#8221; type=&#8221;grid&#8221; text_align=&#8221;left&#8221; css_animation=&#8221;&#8221;][vc_column_inner][qode_elements_holder number_of_columns=&#8221;one_column&#8221;][qode_elements_holder_item vertical_alignment=&#8221;middle&#8221; advanced_animations=&#8221;no&#8221; item_padding=&#8221;64px&#8221;][vc_column_text css=&#8221;&#8221;] Trusted IoT Service &nbsp; La prima soluzione di identificazione e certificazione dati&#8230;<\/p>\n","protected":false},"author":10,"featured_media":0,"parent":0,"menu_order":0,"comment_status":"closed","ping_status":"closed","template":"full_width.php","meta":{"content-type":"","footnotes":""},"class_list":["post-24962","page","type-page","status-publish","hentry"],"_links":{"self":[{"href":"https:\/\/www.alleantia.com\/it\/wp-json\/wp\/v2\/pages\/24962","targetHints":{"allow":["GET"]}}],"collection":[{"href":"https:\/\/www.alleantia.com\/it\/wp-json\/wp\/v2\/pages"}],"about":[{"href":"https:\/\/www.alleantia.com\/it\/wp-json\/wp\/v2\/types\/page"}],"author":[{"embeddable":true,"href":"https:\/\/www.alleantia.com\/it\/wp-json\/wp\/v2\/users\/10"}],"replies":[{"embeddable":true,"href":"https:\/\/www.alleantia.com\/it\/wp-json\/wp\/v2\/comments?post=24962"}],"version-history":[{"count":0,"href":"https:\/\/www.alleantia.com\/it\/wp-json\/wp\/v2\/pages\/24962\/revisions"}],"wp:attachment":[{"href":"https:\/\/www.alleantia.com\/it\/wp-json\/wp\/v2\/media?parent=24962"}],"curies":[{"name":"wp","href":"https:\/\/api.w.org\/{rel}","templated":true}]}}